{"id":101,"date":"2014-01-28T16:34:20","date_gmt":"2014-01-28T16:34:20","guid":{"rendered":"https:\/\/secure.cief.org\/wp\/?page_id=101"},"modified":"2025-07-08T20:09:59","modified_gmt":"2025-07-08T20:09:59","slug":"prix-cief","status":"publish","type":"page","link":"https:\/\/secure.cief.org\/wp\/?page_id=101","title":{"rendered":"Prix CI\u00c9F"},"content":{"rendered":"<h2><span style=\"color: #008000;\">\u00a0<\/span><\/h2>\n<h4>Le CI\u00c9F d\u00e9cerne \u00e0 chaque Congr\u00e8s le <strong>Prix du Conseil International d&rsquo;\u00c9tudes Francophones<\/strong>, autrefois nomm\u00e9 <strong>Certificat d&rsquo;honneur Maurice Cagnon<\/strong> en hommage \u00e0 Maurice Cagnon, fondateur du CI\u00c9F en 1987.<\/h4>\n<p>Ce prix r\u00e9compense une, parfois deux personnes, pour leur contribution exceptionnelle au d\u00e9veloppement des \u00e9tudes francophones dans le monde. Voir le tableau ci-dessous.<\/p>\n<table class=\"tablestd\" style=\"width: 100%; height: 874px;\" border=\"0\" width=\"100%\" cellspacing=\"0\" cellpadding=\"0\">\n<tbody>\n<tr style=\"height: 69px;\">\n<td style=\"width: 85.7143%; height: 69px;\" colspan=\"4\" scope=\"row\">\n<h3 align=\"center\">Liste des r\u00e9cipiendaires depuis 1991<\/h3>\n<\/td>\n<\/tr>\n<tr style=\"height: 23px;\">\n<td style=\"width: 10.7143%; height: 23px;\" scope=\"row\"><strong>Ann\u00e9e<\/strong><\/td>\n<td style=\"width: 25%; height: 23px;\" width=\"25%\"><strong>R\u00e9cipiendaire<\/strong><\/td>\n<td style=\"width: 25%; height: 23px;\" width=\"25%\"><strong>R\u00e9cipiendaire<\/strong><\/td>\n<td style=\"width: 25%; height: 23px;\" width=\"25%\"><strong>Lieu du congr\u00e8s<\/strong><\/td>\n<\/tr>\n<tr>\n<td style=\"width: 10.7143%;\">2025<\/td>\n<td style=\"width: 25%;\">Achille MBEMBE<\/td>\n<td style=\"width: 25%;\"><\/td>\n<td style=\"width: 25%;\">Le Cap, Afrique du Sud<\/td>\n<\/tr>\n<tr style=\"height: 23px;\">\n<td style=\"width: 10.7143%; height: 23px;\">2024<\/td>\n<td style=\"width: 25%; height: 23px;\">France DAIGLE<\/td>\n<td style=\"width: 25%; height: 23px;\"><\/td>\n<td style=\"width: 25%; height: 23px;\"><a href=\"https:\/\/secure.cief.org\/wp\/?page_id=237728\">Moncton, Canada<\/a><\/td>\n<\/tr>\n<tr style=\"height: 23px;\">\n<td style=\"width: 10.7143%; height: 23px;\">2023<\/td>\n<td style=\"width: 25%; height: 23px;\"><a href=\"http:\/\/www.laabi.net\">Abdellatif LA\u00c2BI<\/a><\/td>\n<td style=\"width: 25%; height: 23px;\"><\/td>\n<td style=\"width: 25%; height: 23px;\"><a href=\"https:\/\/secure.cief.org\/wp\/?page_id=199325\">Hammamet, Tunisie<\/a><\/td>\n<\/tr>\n<tr style=\"height: 23px;\">\n<td style=\"width: 10.7143%; height: 23px;\">2022<\/td>\n<td style=\"width: 25%; height: 23px;\"><a href=\"https:\/\/fr.wikipedia.org\/wiki\/Fabienne_Kanor\">Fabienne KANOR<\/a><\/td>\n<td style=\"width: 25%; height: 23px;\"><\/td>\n<td style=\"width: 25%; height: 23px;\"><a href=\"https:\/\/secure.cief.org\/wp\/?page_id=155062\">Trente, Italie<\/a><\/td>\n<\/tr>\n<tr style=\"height: 23px;\">\n<td style=\"width: 10.7143%; height: 23px;\">2021<\/td>\n<td style=\"width: 25%; height: 23px;\"><a href=\"http:\/\/www.mariedarrieussecq.com\">Marie DARRIEUSSECQ<\/a><\/td>\n<td style=\"width: 25%; height: 23px;\"><\/td>\n<td style=\"width: 25%; height: 23px;\">Congr\u00e8s en ligne<\/td>\n<\/tr>\n<tr style=\"height: 23px;\">\n<td style=\"width: 10.7143%; height: 23px;\">2020<\/td>\n<td style=\"width: 25%; height: 23px;\"><\/td>\n<td style=\"width: 25%; height: 23px;\"><\/td>\n<td style=\"width: 25%; height: 23px;\">Congr\u00e8s annul\u00e9<\/td>\n<\/tr>\n<tr style=\"height: 23px;\">\n<td style=\"width: 10.7143%; height: 23px;\" scope=\"row\">2019<\/td>\n<td style=\"width: 25%; height: 23px;\"><a href=\"https:\/\/nac-cna.ca\/en\/bio\/brigitte-haentjens\">Brigitte HAENTJENS<\/a><\/td>\n<td style=\"width: 25%; height: 23px;\"><\/td>\n<td style=\"width: 25%; height: 23px;\"><a href=\"https:\/\/secure.cief.org\/wp\/?page_id=46993\">Ottawa, Canada<\/a><\/td>\n<\/tr>\n<tr style=\"height: 23px;\">\n<td style=\"width: 10.7143%; height: 23px;\" scope=\"row\">2018<\/td>\n<td style=\"width: 25%; height: 23px;\"><a href=\"http:\/\/www.allocine.fr\/personne\/fichepersonne_gen_cpersonne=12746.html\">Philippe FAUCON<\/a><\/td>\n<td style=\"width: 25%; height: 23px;\"><\/td>\n<td style=\"width: 25%; height: 23px;\"><a href=\"https:\/\/secure.cief.org\/wp\/?page_id=10119\">La Rochelle, France<\/a><\/td>\n<\/tr>\n<tr style=\"height: 23px;\">\n<td style=\"width: 10.7143%; height: 23px;\" scope=\"row\">2017<\/td>\n<td style=\"width: 25%; height: 23px;\"><a href=\"http:\/\/www.potomitan.info\/bibliographie\/monchoachi\/hommage.php\">Monchoachi<\/a><\/td>\n<td style=\"width: 25%; height: 23px;\"><\/td>\n<td style=\"width: 25%; height: 23px;\"><a href=\"https:\/\/secure.cief.org\/wp\/?page_id=913\">Schoelcher, Martinique<\/a><\/td>\n<\/tr>\n<tr style=\"height: 23px;\">\n<td style=\"width: 10.7143%; height: 23px;\" scope=\"row\">2016<\/td>\n<td style=\"width: 25%; height: 23px;\"><a href=\"https:\/\/la-plume-francophone.com\/2014\/09\/06\/entretien-inedit-avec-cheikh-hamidou-kane\/\">Cheikh Hamidou KANE<\/a><\/td>\n<td style=\"width: 25%; height: 23px;\"><\/td>\n<td style=\"width: 25%; height: 23px;\"><a href=\"http:\/\/cief.org\/congres\/2016\/index.html\">Saly-Portudal, S\u00e9n\u00e9gal<\/a><\/td>\n<\/tr>\n<tr style=\"height: 23px;\">\n<td style=\"width: 10.7143%; height: 23px;\" scope=\"row\">2015<\/td>\n<td style=\"width: 25%; height: 23px;\"><a href=\"http:\/\/sites.ustboniface.ca\/cahiersfco\/v13n2textes\/132veronleveille.pdf\">J. Roger L\u00c9VEILL\u00c9<\/a><\/td>\n<td style=\"width: 25%; height: 23px;\"><\/td>\n<td style=\"width: 25%; height: 23px;\"><a href=\"http:\/\/cief.org\/congres\/2015\/index.html\">Winnipeg, Canada<\/a><\/td>\n<\/tr>\n<tr style=\"height: 23px;\">\n<td style=\"width: 10.7143%; height: 23px;\" scope=\"row\">2014<\/td>\n<td style=\"width: 25%; height: 23px;\"><a href=\"http:\/\/www.litterature.org\/recherche\/ecrivains\/brossard-nicole-101\/\">Nicole BROSSARD<\/a><\/td>\n<td style=\"width: 25%; height: 23px;\"><\/td>\n<td style=\"width: 25%; height: 23px;\"><a href=\"http:\/\/cief.org\/congres\/2014\/index.html\">San Francisco, Californie<\/a><\/td>\n<\/tr>\n<tr style=\"height: 23px;\">\n<td style=\"width: 10.7143%; height: 23px;\" scope=\"row\">2013<\/td>\n<td style=\"width: 25%; height: 23px;\"><a href=\"http:\/\/www.lehman.cuny.edu\/ile.en.ile\/paroles\/maunick.html\">\u00c9douard J. MAUNICK<\/a><\/td>\n<td style=\"width: 25%; height: 23px;\"><\/td>\n<td style=\"width: 25%; height: 23px;\"><a href=\"http:\/\/www.cief.org\/congres\/2013\/index.html\">Grand-Baie, \u00cele Maurice<\/a><\/td>\n<\/tr>\n<tr style=\"height: 23px;\">\n<td style=\"width: 10.7143%; height: 23px;\" scope=\"row\">2012<\/td>\n<td style=\"width: 25%; height: 23px;\"><a href=\"http:\/\/fr.wikipedia.org\/wiki\/Michel_Le_Bris\">Michel LEBRIS<\/a><\/td>\n<td style=\"width: 25%; height: 23px;\"><\/td>\n<td style=\"width: 25%; height: 23px;\"><a href=\"http:\/\/www.cief.org\/congres\/2012\/index.html\">Thessalonique, Gr\u00e8ce<\/a><\/td>\n<\/tr>\n<tr style=\"height: 23px;\">\n<td style=\"width: 10.7143%; height: 23px;\" scope=\"row\">2011<\/td>\n<td style=\"width: 25%; height: 23px;\"><a href=\"http:\/\/www.lehman.cuny.edu\/ile.en.ile\/paroles\/maximin.html\">Daniel MAXIMIN<\/a><\/td>\n<td style=\"width: 25%; height: 23px;\"><\/td>\n<td style=\"width: 25%; height: 23px;\"><a href=\"http:\/\/www.cief.org\/congres\/2011\/index.html\">Aix-en-Provence, France<\/a><\/td>\n<\/tr>\n<tr style=\"height: 23px;\">\n<td style=\"width: 10.7143%; height: 23px;\" scope=\"row\">2010<\/td>\n<td style=\"width: 25%; height: 23px;\"><a href=\"http:\/\/cyberacadie.com\/index.php?\/renaissance_biographie\/Antonine-Maillet.html\">Antonine MAILLET <\/a><\/td>\n<td style=\"width: 25%; height: 23px;\"><\/td>\n<td style=\"width: 25%; height: 23px;\"><a href=\"http:\/\/cief.org\/congres\/2010\/index.html\">Montr\u00e9al, Canada<\/a><\/td>\n<\/tr>\n<tr style=\"height: 23px;\">\n<td style=\"width: 10.7143%; height: 23px;\" scope=\"row\">2009<\/td>\n<td style=\"width: 25%; height: 23px;\"><a href=\"http:\/\/www.agencegoodwin.com\/en\/tremblay-m.html\">Michel TREMBLAY<\/a><\/td>\n<td style=\"width: 25%; height: 23px;\"><\/td>\n<td style=\"width: 25%; height: 23px;\"><a href=\"http:\/\/cief.org\/congres\/2009\/index.html\">La Nouvelle-Orl\u00e9ans, \u00c9tats-Unis<\/a><\/td>\n<\/tr>\n<tr style=\"height: 23px;\">\n<td style=\"width: 10.7143%; height: 23px;\" scope=\"row\">2008<\/td>\n<td style=\"width: 25%; height: 23px;\"><a href=\"http:\/\/www.pauleconstant.com\">Paule CONSTANT<\/a><\/td>\n<td style=\"width: 25%; height: 23px;\"><a href=\"http:\/\/www.lehman.cuny.edu\/ile.en.ile\/paroles\/depestre.html\">Ren\u00e9 DEPESTRE<\/a><\/td>\n<td style=\"width: 25%; height: 23px;\"><a href=\"http:\/\/cief.org\/congres\/2008\/index.html\">Limoges, France<\/a><\/td>\n<\/tr>\n<tr style=\"height: 23px;\">\n<td style=\"width: 10.7143%; height: 23px;\" scope=\"row\">2007<\/td>\n<td style=\"width: 25%; height: 23px;\"><a href=\"http:\/\/www.lehman.cuny.edu\/ile.en.ile\/paroles\/devi.html\">Ananda DEVI<\/a><\/td>\n<td style=\"width: 25%; height: 23px;\"><\/td>\n<td style=\"width: 25%; height: 23px;\"><a href=\"http:\/\/cief.org\/congres\/2007\/index.html\">Cayenne, Guyane<\/a><\/td>\n<\/tr>\n<tr style=\"height: 23px;\">\n<td style=\"width: 10.7143%; height: 23px;\" scope=\"row\">2006<\/td>\n<td style=\"width: 25%; height: 23px;\"><a href=\"http:\/\/www.lehman.cuny.edu\/ile.en.ile\/paroles\/conde.html\">Maryse COND\u00c9<\/a><\/td>\n<td style=\"width: 25%; height: 23px;\"><\/td>\n<td style=\"width: 25%; height: 23px;\"><a href=\"http:\/\/cief.org\/congres\/2006\/index.html\">Sina\u00efa, Roumanie<\/a><\/td>\n<\/tr>\n<tr style=\"height: 23px;\">\n<td style=\"width: 10.7143%; height: 23px;\" scope=\"row\">2005<\/td>\n<td style=\"width: 25%; height: 23px;\"><a href=\"http:\/\/cief.org\/congres\/2005\/ecrivains.html#kamanda\">Kama Sywor KAMANDA<\/a><\/td>\n<td style=\"width: 25%; height: 23px;\"><a href=\"http:\/\/cief.org\/congres\/2005\/ecrivains.html#kattan\">Na\u00efm KATTAN<\/a><\/td>\n<td style=\"width: 25%; height: 23px;\"><a href=\"http:\/\/cief.org\/congres\/2005\/index.html\">Ottawa-Gatineau, Canada<\/a><\/td>\n<\/tr>\n<tr style=\"height: 23px;\">\n<td style=\"width: 10.7143%; height: 23px;\" scope=\"row\">2004<\/td>\n<td style=\"width: 25%; height: 23px;\"><a href=\"http:\/\/cief.org\/congres\/2004\/ecrivains\/mertens.html\">Pierre MERTENS<\/a><\/td>\n<td style=\"width: 25%; height: 23px;\"><\/td>\n<td style=\"width: 25%; height: 23px;\"><a href=\"http:\/\/cief.org\/congres\/2004\/index.html\">Li\u00e8ge, Belgique<\/a><\/td>\n<\/tr>\n<tr style=\"height: 23px;\">\n<td style=\"width: 10.7143%; height: 23px;\" scope=\"row\">2003<\/td>\n<td style=\"width: 25%; height: 23px;\"><a href=\"http:\/\/cief.org\/congres\/2003\/ecrivains.html#blais\">Marie-Claire BLAIS<\/a><\/td>\n<td style=\"width: 25%; height: 23px;\"><\/td>\n<td style=\"width: 25%; height: 23px;\"><a href=\"http:\/\/cief.org\/congres\/2003\/index.html\">La Nouvelle-Orl\u00e9ans, \u00c9tats-Unis<\/a><\/td>\n<\/tr>\n<tr style=\"height: 23px;\">\n<td style=\"width: 10.7143%; height: 23px;\" scope=\"row\">2002<\/td>\n<td style=\"width: 25%; height: 23px;\"><a href=\"http:\/\/www.palaisdelaculture.ci\/centreress.php\">Zadi ZAOUROU<\/a><\/td>\n<td style=\"width: 25%; height: 23px;\"><\/td>\n<td style=\"width: 25%; height: 23px;\"><a href=\"http:\/\/cief.abidjan.free.fr\/index.html\">Abidjan, C\u00f4te d&rsquo;Ivoire <\/a><\/td>\n<\/tr>\n<tr style=\"height: 23px;\">\n<td style=\"width: 10.7143%; height: 23px;\" scope=\"row\">2001<\/td>\n<td style=\"width: 25%; height: 23px;\"><a href=\"http:\/\/www.livres-disques.ca\/boutton_or\/home\/auteur_detail.cfm?id=2654\">Marguerite MAILLET<\/a><\/td>\n<td style=\"width: 25%; height: 23px;\"><\/td>\n<td style=\"width: 25%; height: 23px;\">Portland, \u00c9tats-Unis<\/td>\n<\/tr>\n<tr style=\"height: 23px;\">\n<td style=\"width: 10.7143%; height: 23px;\" scope=\"row\">2000<\/td>\n<td style=\"width: 25%; height: 23px;\">Marie-Clotilde JACQUEY<\/td>\n<td style=\"width: 25%; height: 23px;\"><a href=\"http:\/\/www.presenceafricaine.com\/francais\/Detailcatalogue.php?numero=174\">Fernando LAMBERT<\/a><\/td>\n<td style=\"width: 25%; height: 23px;\">Sousse, Tunisie<\/td>\n<\/tr>\n<tr style=\"height: 23px;\">\n<td style=\"width: 10.7143%; height: 23px;\" scope=\"row\">1999<\/td>\n<td style=\"width: 25%; height: 23px;\"><a href=\"http:\/\/web.rll.ufl.edu\/french\/cailler.html\">Bernadette CAILLER<\/a><\/td>\n<td style=\"width: 25%; height: 23px;\">\u00c9ric SELLIN<\/td>\n<td style=\"width: 25%; height: 23px;\">Lafayette, \u00c9tats-Unis<\/td>\n<\/tr>\n<tr style=\"height: 23px;\">\n<td style=\"width: 10.7143%; height: 23px;\" scope=\"row\">1998<\/td>\n<td style=\"width: 25%; height: 23px;\">G\u00e9rard BRAULT<\/td>\n<td style=\"width: 25%; height: 23px;\"><a href=\"http:\/\/www.assumption.edu\/acad\/ii\/Institutes\/Frinstitute.html\">Claire QUINTAL<\/a><\/td>\n<td style=\"width: 25%; height: 23px;\">Moncton, Canada<\/td>\n<\/tr>\n<tr style=\"height: 23px;\">\n<td style=\"width: 10.7143%; height: 23px;\" scope=\"row\">1997<\/td>\n<td style=\"width: 25%; height: 23px;\">Math\u00e9 ALLAIN<\/td>\n<td style=\"width: 25%; height: 23px;\">Stephen SMITH<\/td>\n<td style=\"width: 25%; height: 23px;\">Guadeloupe<\/td>\n<\/tr>\n<tr style=\"height: 23px;\">\n<td style=\"width: 10.7143%; height: 23px;\" scope=\"row\">1996<\/td>\n<td style=\"width: 25%; height: 23px;\"><a href=\"http:\/\/www.ambafrance-us.org\/culture\/education\/special\/francophonie\/2001\/delson-karan.html\">Myrna DELSON-KARAN<\/a><\/td>\n<td style=\"width: 25%; height: 23px;\"><a href=\"http:\/\/cief.org\/congres\/2004\/ecrivains\/etienne.html\">G\u00e9rard \u00c9TIENNE<\/a><\/td>\n<td style=\"width: 25%; height: 23px;\">Toulouse, France<\/td>\n<\/tr>\n<tr style=\"height: 23px;\">\n<td style=\"width: 10.7143%; height: 23px;\" scope=\"row\"><span class=\"style6\">1995<\/span><\/td>\n<td style=\"width: 25%; height: 23px;\"><span class=\"style6\"><a href=\"http:\/\/www.litterature.org\/detailauteur.asp?numero=547\">H\u00e9di BOURAOUI<\/a><\/span><\/td>\n<td style=\"width: 25%; height: 23px;\"><span class=\"style6\"><a href=\"http:\/\/www.bgsu.edu\/colleges\/library\/pallister.html\">Janis L. PALLISTER<\/a><\/span><\/td>\n<td style=\"width: 25%; height: 23px;\"><span class=\"style6\">Charleston, \u00c9tats-Unis<br \/>\n<\/span><\/td>\n<\/tr>\n<tr style=\"height: 23px;\">\n<td style=\"width: 10.7143%; height: 23px;\" scope=\"row\"><span class=\"style6\">1994<\/span><\/td>\n<td style=\"width: 25%; height: 23px;\"><span class=\"style6\"><a href=\"http:\/\/dzlit.free.fr\/nouraba.html\">Noureddine ABA<\/a> <\/span><\/td>\n<td style=\"width: 25%; height: 23px;\"><\/td>\n<td style=\"width: 25%; height: 23px;\"><span class=\"style6\">Qu\u00e9bec, Canada<br \/>\n<\/span><\/td>\n<\/tr>\n<tr style=\"height: 23px;\">\n<td style=\"width: 10.7143%; height: 23px;\" scope=\"row\"><span class=\"style6\">1993<\/span><\/td>\n<td style=\"width: 25%; height: 23px;\"><span class=\"style6\"><a href=\"http:\/\/www.refer.sn\/article230.html\">Lilyan KESTELOOT<\/a> <\/span><\/td>\n<td style=\"width: 25%; height: 23px;\"><span class=\"style6\"><a href=\"http:\/\/fr.wikipedia.org\/wiki\/Jean-Marc_L%C3%A9ger_%28%C3%A9crivain%29\">Jean-Marc L\u00c9GER<\/a> <\/span><\/td>\n<td style=\"width: 25%; height: 23px;\"><span class=\"style6\">Casablanca, Maroc<br \/>\n<\/span><\/td>\n<\/tr>\n<tr style=\"height: 23px;\">\n<td style=\"width: 10.7143%; height: 23px;\" scope=\"row\"><span class=\"style6\">1992<\/span><\/td>\n<td style=\"width: 25%; height: 23px;\"><span class=\"style6\">David BARRY<\/span><\/td>\n<td style=\"width: 25%; height: 23px;\"><span class=\"style6\"> <a href=\"http:\/\/fr.wikipedia.org\/wiki\/Auguste_Viatte\">Auguste VIATTE<\/a> <\/span><\/td>\n<td style=\"width: 25%; height: 23px;\"><span class=\"style6\">Strasbourg, France<br \/>\n<\/span><\/td>\n<\/tr>\n<tr style=\"height: 23px;\">\n<td style=\"width: 10.7143%; height: 23px;\" scope=\"row\" width=\"9%\"><span class=\"style6\">1991<\/span><\/td>\n<td style=\"width: 25%; height: 23px;\"><span class=\"style6\">Micheline HERZ<\/span><\/td>\n<td style=\"width: 25%; height: 23px;\"><\/td>\n<td style=\"width: 25%; height: 23px;\"><span class=\"style6\">Tucson, \u00c9tats-Unis<br \/>\n<\/span><\/td>\n<\/tr>\n<\/tbody>\n<caption align=\"left\">\u00a0<\/caption>\n<\/table>\n","protected":false},"excerpt":{"rendered":"<p>\u00a0 Le CI\u00c9F d\u00e9cerne \u00e0 chaque Congr\u00e8s le Prix du Conseil International d&rsquo;\u00c9tudes Francophones, autrefois nomm\u00e9 Certificat d&rsquo;honneur Maurice Cagnon en hommage \u00e0 Maurice Cagnon, fondateur du CI\u00c9F en 1987. Ce prix r\u00e9compense une, parfois deux personnes, pour leur contribution exceptionnelle au d\u00e9veloppement des \u00e9tudes francophones dans le monde. Voir le tableau ci-dessous. Liste des [&hellip;]<\/p>\n","protected":false},"author":1,"featured_media":0,"parent":265,"menu_order":0,"comment_status":"open","ping_status":"open","template":"page-congres.php","meta":{"footnotes":""},"categories":[4],"tags":[],"class_list":["post-101","page","type-page","status-publish","hentry","category-cief"],"_links":{"self":[{"href":"https:\/\/secure.cief.org\/wp\/index.php?rest_route=\/wp\/v2\/pages\/101","targetHints":{"allow":["GET"]}}],"collection":[{"href":"https:\/\/secure.cief.org\/wp\/index.php?rest_route=\/wp\/v2\/pages"}],"about":[{"href":"https:\/\/secure.cief.org\/wp\/index.php?rest_route=\/wp\/v2\/types\/page"}],"author":[{"embeddable":true,"href":"https:\/\/secure.cief.org\/wp\/index.php?rest_route=\/wp\/v2\/users\/1"}],"replies":[{"embeddable":true,"href":"https:\/\/secure.cief.org\/wp\/index.php?rest_route=%2Fwp%2Fv2%2Fcomments&post=101"}],"version-history":[{"count":36,"href":"https:\/\/secure.cief.org\/wp\/index.php?rest_route=\/wp\/v2\/pages\/101\/revisions"}],"predecessor-version":[{"id":300329,"href":"https:\/\/secure.cief.org\/wp\/index.php?rest_route=\/wp\/v2\/pages\/101\/revisions\/300329"}],"up":[{"embeddable":true,"href":"https:\/\/secure.cief.org\/wp\/index.php?rest_route=\/wp\/v2\/pages\/265"}],"wp:attachment":[{"href":"https:\/\/secure.cief.org\/wp\/index.php?rest_route=%2Fwp%2Fv2%2Fmedia&parent=101"}],"wp:term":[{"taxonomy":"category","embeddable":true,"href":"https:\/\/secure.cief.org\/wp\/index.php?rest_route=%2Fwp%2Fv2%2Fcategories&post=101"},{"taxonomy":"post_tag","embeddable":true,"href":"https:\/\/secure.cief.org\/wp\/index.php?rest_route=%2Fwp%2Fv2%2Ftags&post=101"}],"curies":[{"name":"wp","href":"https:\/\/api.w.org\/{rel}","templated":true}]}}