{"id":10119,"date":"2017-07-10T16:26:21","date_gmt":"2017-07-10T16:26:21","guid":{"rendered":"https:\/\/secure.cief.org\/wp\/?page_id=10119"},"modified":"2018-06-29T14:33:45","modified_gmt":"2018-06-29T14:33:45","slug":"32e-congres-du-cief","status":"publish","type":"page","link":"https:\/\/secure.cief.org\/wp\/?page_id=10119","title":{"rendered":"32e congr\u00e8s du CI\u00c9F \u00e0 La Rochelle du 4 au 10 juin 2018"},"content":{"rendered":"<h4><strong>Th\u00e8me directeur du congr\u00e8s : <\/strong><strong>Passage &#8211; m\u00e9diation et transition<\/strong><\/h4>\n<h4><a href=\"https:\/\/secure.cief.org\/wp\/wp-content\/uploads\/2018\/06\/programme-officiel-2018.pdf\">Programme officiel (cliquable)<\/a><\/h4>\n<p><a href=\"https:\/\/secure.cief.org\/wp\/wp-content\/uploads\/2017\/08\/DSCN7681.jpg\"><img loading=\"lazy\" decoding=\"async\" class=\" wp-image-10232 alignleft\" src=\"https:\/\/secure.cief.org\/wp\/wp-content\/uploads\/2017\/08\/DSCN7681-300x225.jpg\" alt=\"\" width=\"259\" height=\"194\" srcset=\"https:\/\/secure.cief.org\/wp\/wp-content\/uploads\/2017\/08\/DSCN7681-300x225.jpg 300w, https:\/\/secure.cief.org\/wp\/wp-content\/uploads\/2017\/08\/DSCN7681-768x576.jpg 768w, https:\/\/secure.cief.org\/wp\/wp-content\/uploads\/2017\/08\/DSCN7681-1024x768.jpg 1024w, https:\/\/secure.cief.org\/wp\/wp-content\/uploads\/2017\/08\/DSCN7681.jpg 1600w\" sizes=\"(max-width: 259px) 100vw, 259px\" \/><\/a>La ville de La Rochelle,\u00a0\u00ab\u00a0belle et rebelle\u00a0\u00bb, invite qu\u2019on se penche sur les th\u00e8mes du passage, de la m\u00e9diation et de la transition. Ville de p\u00eacheurs, \u00e0 l\u2019origine, puis port de mer, elle marque la fronti\u00e8re entre le monde terrestre et le monde aquatique. Ville protestante, dans la France catholique du XVI et XVII<sup>e<\/sup> si\u00e8cles, elle favorise les \u00e9changes \u00e9conomiques et culturels. Mais aussi ville d\u2019\u00e9migration vers la Nouvelle-France, les Antilles et l\u2019Afrique du Sud, au XVIII<sup>e<\/sup> si\u00e8cle, elle devient le lieu \u00e0 partir duquel s\u2019entame la grande travers\u00e9e vers le Nouveau-Monde. C\u2019est ainsi que La Rochelle, nous inspire le th\u00e8me du 32<sup>e<\/sup> Congr\u00e8s du CIEF. N&rsquo;h\u00e9sitez pas \u00e0 consulter <a href=\"https:\/\/secure.cief.org\/wp\/wp-content\/uploads\/2017\/10\/Argumentaire_La-Rochelle-FINAL.pdf\">l&rsquo;appel \u00e0 communication (cliquable)<\/a><\/p>\n<h2><\/h2>\n<h2 style=\"text-align: center;\"><span style=\"color: #008000;\">PRIX CI\u00c9F 2018 : Philippe FAUCON<\/span><\/h2>\n<div id=\"attachment_41724\" style=\"width: 305px\" class=\"wp-caption alignleft\"><a href=\"https:\/\/secure.cief.org\/wp\/wp-content\/uploads\/2018\/04\/p-faucon-tournage-amin.jpg\"><img loading=\"lazy\" decoding=\"async\" aria-describedby=\"caption-attachment-41724\" class=\"size-full wp-image-41724\" src=\"https:\/\/secure.cief.org\/wp\/wp-content\/uploads\/2018\/04\/p-faucon-tournage-amin.jpg\" alt=\"\" width=\"295\" height=\"197\" srcset=\"https:\/\/secure.cief.org\/wp\/wp-content\/uploads\/2018\/04\/p-faucon-tournage-amin.jpg 295w, https:\/\/secure.cief.org\/wp\/wp-content\/uploads\/2018\/04\/p-faucon-tournage-amin-140x94.jpg 140w\" sizes=\"(max-width: 295px) 100vw, 295px\" \/><\/a><p id=\"caption-attachment-41724\" class=\"wp-caption-text\">Philippe Faucon pendant le tournage de son dernier film Amin. (Site Pyramide Films avec nos remerciements)<\/p><\/div>\n<p>Le Conseil International d\u2019\u00c9tudes Francophones est heureux d\u2019annoncer qu\u2019il remettra son Prix 2017 au cin\u00e9aste fran\u00e7ais Philippe FAUCON, connu entre autres pour les films <em>La D\u00e9sint\u00e9gration <\/em>et <em>Fatima<\/em>.\u00a0Originaire d&rsquo;Oujda au Maroc, Philippe Faucon suit des \u00e9tudes de Lettres \u00e0 l&rsquo;universit\u00e9 d&rsquo;Aix-en-Provence. Mais c&rsquo;est d\u00e9finitivement le cin\u00e9ma qui l&rsquo;attire plus que tout le reste. C&rsquo;est d&rsquo;abord \u00e0 la r\u00e9gie qu&rsquo;il commence \u00e0 se faire un nom, sur les films\u00a0<em>Mauvais Sang<\/em> et <em>Trois places pour le 26<\/em> entre autres. Apr\u00e8s son premier court-m\u00e9trage <em>La Jeunesse<\/em> il s&rsquo;attelle \u00e0 un projet de plus grande envergure.<\/p>\n<p>En 1990 sort <em>L&rsquo;Amour<\/em>, qui suit le parcours de jeunes de banlieue. Le long-m\u00e9trage est r\u00e9compens\u00e9 du Prix de la section Perspectives du cin\u00e9ma fran\u00e7ais \u00e0 Cannes. Trois ans plus tard le metteur en sc\u00e8ne revient avec <em>Sabine<\/em> qui raconte la d\u00e9ch\u00e9ance d&rsquo;une m\u00e8re atteinte du Sida, avec Catherine Klein. S\u00e9duit par le talent de son actrice, il fait \u00e0 nouveau appel \u00e0 elle dans <em>Muriel<\/em>, com\u00e9die sur l&rsquo;homosexualit\u00e9. Faucon r\u00e9cidive ensuite pour le petit \u00e9cran avec\u00a0<em>Mes dix-sept ans<\/em> avant de revenir avec <em>Samia<\/em> en 2000, centr\u00e9 sur une ado qui cherche \u00e0 s&rsquo;\u00e9manciper. Les origines du r\u00e9alisateur l&rsquo;am\u00e8nent \u00e0 s&rsquo;int\u00e9resser au th\u00e8me de l&rsquo;immigration. Ainsi\u00a0<em>La Trahison<\/em> traite de la guerre d&rsquo;Alg\u00e9rie, et est tir\u00e9 du r\u00e9cit d&rsquo;un sous-lieutenant fran\u00e7ais ; <em>Dans la vie<\/em> suit la rencontre de deux femmes, une Arabe et une Juive.<\/p>\n<p>Apr\u00e8s la mini-s\u00e9rie <em>D&rsquo;Amour et de r\u00e9volte<\/em> qui se d\u00e9roule dans les ann\u00e9es 70, Philippe Faucon revient \u00e0 ses sujets de pr\u00e9dilection en 2012 avec <em>La D\u00e9sint\u00e9gration<\/em>, qui raconte comment un jeune de banlieue (Rashid Debbouze) finit par rejoindre le terrorisme. En 2015, c&rsquo;est avec <em>Fatima<\/em> qu&rsquo;il met tout le monde d&rsquo;accord sur la force du film. Le r\u00e9alisateur remporte d&rsquo;ailleurs les C\u00e9sar de la Meilleure adaptation et du Meilleur film. Cette ann\u00e9e, Philippe Faucon est de retour au Festival de Cannes avec <em>Amin<\/em>, r\u00e9cit d&rsquo;un migrant venu seul de Mauritanie et qui fait la rencontre de Gabrielle. (Bio-filmographie du site <a href=\"http:\/\/www.premiere.fr\/Star\/Philippe-Faucon\">http:\/\/www.premiere.fr\/Star\/Philippe-Faucon<\/a>, avec nos sinc\u00e8res remerciements).<\/p>\n<h3><\/h3>\n<h3 style=\"text-align: center;\"><span style=\"color: #008000;\">NOS INVIT\u00c9S<\/span><\/h3>\n<h4><span style=\"color: #800000;\"><strong>TABLE RONDE \u00ab F\u00c9MINITUDE ET FILIATIONS \u00bb <span style=\"color: #000000;\">(Mardi 5 juin, 16h30 \u00e0 18h00), anim\u00e9e par Oana PANA\u00cfT\u00c9<br \/>\n<\/span><\/strong><\/span><\/h4>\n<div id=\"attachment_36378\" style=\"width: 310px\" class=\"wp-caption alignleft\"><a href=\"https:\/\/secure.cief.org\/wp\/wp-content\/uploads\/2018\/03\/IMG_6875-finale.jpg\"><img loading=\"lazy\" decoding=\"async\" aria-describedby=\"caption-attachment-36378\" class=\"size-medium wp-image-36378\" src=\"https:\/\/secure.cief.org\/wp\/wp-content\/uploads\/2018\/03\/IMG_6875-finale-300x190.jpg\" alt=\"\" width=\"300\" height=\"190\" srcset=\"https:\/\/secure.cief.org\/wp\/wp-content\/uploads\/2018\/03\/IMG_6875-finale-300x190.jpg 300w, https:\/\/secure.cief.org\/wp\/wp-content\/uploads\/2018\/03\/IMG_6875-finale-768x485.jpg 768w, https:\/\/secure.cief.org\/wp\/wp-content\/uploads\/2018\/03\/IMG_6875-finale-1024x647.jpg 1024w, https:\/\/secure.cief.org\/wp\/wp-content\/uploads\/2018\/03\/IMG_6875-finale.jpg 2000w\" sizes=\"(max-width: 300px) 100vw, 300px\" \/><\/a><p id=\"caption-attachment-36378\" class=\"wp-caption-text\">Louise Dupr\u008e\u00e9 (Photo:\u00a0Toma Iczkovits)<\/p><\/div>\n<p><span style=\"color: #800000;\"><strong>Louise DUPR\u00c9<\/strong><\/span> a publi\u00e9 une vingtaine de titres, pour lesquels elle a obtenu de nombreux prix et distinctions. Parmi ses derniers livres, mentionnons le r\u00e9cit <em>L&rsquo;album multicolore<\/em> (H\u00e9liotrope), ainsi que <em>Plus haut que les flammes <\/em>et<em> La main hant\u00e9e <\/em>(\u00c9ditions du Noro\u00eet et \u00c9ditions Bruno Doucey), qui lui ont tous deux m\u00e9rit\u00e9 le Prix de po\u00e9sie du Gouverneur g\u00e9n\u00e9ral. Elle est membre de l\u2019Acad\u00e9mie des lettres du Qu\u00e9bec et, en 2014, elle a re\u00e7u l&rsquo;Ordre du Canada pour son apport \u00e0 la litt\u00e9rature qu\u00e9b\u00e9coise en tant que po\u00e8te, romanci\u00e8re, dramaturge, essayiste et professeure.<\/p>\n<p>&nbsp;<\/p>\n<p><a href=\"https:\/\/secure.cief.org\/wp\/wp-content\/uploads\/2018\/03\/1web.jpg\"><img loading=\"lazy\" decoding=\"async\" class=\"alignright wp-image-36379\" src=\"https:\/\/secure.cief.org\/wp\/wp-content\/uploads\/2018\/03\/1web-200x300.jpg\" alt=\"\" width=\"160\" height=\"240\" srcset=\"https:\/\/secure.cief.org\/wp\/wp-content\/uploads\/2018\/03\/1web-200x300.jpg 200w, https:\/\/secure.cief.org\/wp\/wp-content\/uploads\/2018\/03\/1web-768x1152.jpg 768w, https:\/\/secure.cief.org\/wp\/wp-content\/uploads\/2018\/03\/1web-683x1024.jpg 683w\" sizes=\"(max-width: 160px) 100vw, 160px\" \/><\/a><\/p>\n<p>&nbsp;<\/p>\n<p>&nbsp;<\/p>\n<p><strong><span style=\"color: #800000;\">BESSORA<\/span><\/strong> \u00e9crit des romans, nouvelles et romans graphiques. La figure du paria, les st\u00e9r\u00e9otypes et la domination sont parmi\u00a0ses th\u00e8mes de pr\u00e9dilection. Son dernier roman <em>Zoonomia<\/em> est paru en 2018. Il s\u2019agit du premier tome d\u2019une s\u00e9rie de quatre intitul\u00e9e <em>La dynastie des boiteux<\/em>.<\/p>\n<p>&nbsp;<\/p>\n<p>&nbsp;<\/p>\n<div id=\"attachment_36397\" style=\"width: 180px\" class=\"wp-caption alignleft\"><a href=\"https:\/\/secure.cief.org\/wp\/wp-content\/uploads\/2018\/03\/jeanne-benameur-\u00a9-Patrice-Normand.jpg\"><img loading=\"lazy\" decoding=\"async\" aria-describedby=\"caption-attachment-36397\" class=\"wp-image-36397\" src=\"https:\/\/secure.cief.org\/wp\/wp-content\/uploads\/2018\/03\/jeanne-benameur-\u00a9-Patrice-Normand-225x300.jpg\" alt=\"\" width=\"170\" height=\"227\" srcset=\"https:\/\/secure.cief.org\/wp\/wp-content\/uploads\/2018\/03\/jeanne-benameur-\u00a9-Patrice-Normand-225x300.jpg 225w, https:\/\/secure.cief.org\/wp\/wp-content\/uploads\/2018\/03\/jeanne-benameur-\u00a9-Patrice-Normand-768x1024.jpg 768w\" sizes=\"(max-width: 170px) 100vw, 170px\" \/><\/a><p id=\"caption-attachment-36397\" class=\"wp-caption-text\">Photo : Patrice Normand<\/p><\/div>\n<p>N\u00e9e d\u2019une m\u00e8re italienne et d\u2019un p\u00e8re arabe, <span style=\"color: #800000;\"><strong>Jeanne BENAMEUR<\/strong><\/span> arrive en France, au bord de l\u2019Atlantique, \u00e0 l\u2019\u00e2ge de cinq ans. En parall\u00e8le avec des \u00e9tudes de lettres elle s\u2019int\u00e9resse \u00e0 la philosophie, ainsi qu\u2019\u00e0 l\u2019histoire de l\u2019art, pratique le th\u00e9\u00e2tre au conservatoire ainsi que le chant. Plus tard, la psychanalyse.<\/p>\n<p>Elle enseigne jusqu\u2019en 2000 et quitte l\u2019\u00e9ducation nationale apr\u00e8s avoir \u00e9crit <em>Les demeur\u00e9es<\/em>. Apr\u00e8s Paris jusqu\u2019en 2010, elle vit \u00e0 nouveau au bord de l\u2019Atlantique. Elle a quitt\u00e9 progressivement diverses activit\u00e9s ( direction de collection, ateliers d\u2019\u00e9criture\u2026) pour pr\u00e9server le temps vide n\u00e9cessaire \u00e0 l\u2019\u00e9criture et \u00e0 la peinture.<\/p>\n<p>Apr\u00e8s avoir publi\u00e9 chez Deno\u00ebl de 2000 \u00e0 2006, elle publie\u00a0 depuis 2008 chez Actes Sud pour les romans et le th\u00e9\u00e2tre, chez Bruno Doucey pour la po\u00e9sie et chez Thierry Magnier pour la jeunesse. Pour plus de d\u00e9tails sur ses publications, consultez <a href=\"https:\/\/secure.cief.org\/wp\/wp-content\/uploads\/2018\/03\/biblio-actuelle.pdf\">sa bibliographie<\/a> (cliquable)<\/p>\n<p>&nbsp;<\/p>\n<p>&nbsp;<\/p>\n<div id=\"attachment_36599\" style=\"width: 184px\" class=\"wp-caption alignright\"><a href=\"https:\/\/secure.cief.org\/wp\/wp-content\/uploads\/2018\/03\/photo-maissa-bey-maghreb-des-livres.jpg\"><img loading=\"lazy\" decoding=\"async\" aria-describedby=\"caption-attachment-36599\" class=\"wp-image-36599 \" src=\"https:\/\/secure.cief.org\/wp\/wp-content\/uploads\/2018\/03\/photo-maissa-bey-maghreb-des-livres-200x300.jpg\" alt=\"\" width=\"174\" height=\"261\" srcset=\"https:\/\/secure.cief.org\/wp\/wp-content\/uploads\/2018\/03\/photo-maissa-bey-maghreb-des-livres-200x300.jpg 200w, https:\/\/secure.cief.org\/wp\/wp-content\/uploads\/2018\/03\/photo-maissa-bey-maghreb-des-livres.jpg 640w\" sizes=\"(max-width: 174px) 100vw, 174px\" \/><\/a><p id=\"caption-attachment-36599\" class=\"wp-caption-text\">Photo: Maghreb des livres<\/p><\/div>\n<p>Apr\u00e8s des \u00e9tudes de lettres fran\u00e7aises modernes \u00e0 l&rsquo;universit\u00e9 et \u00e0 l\u2019Ecole Normale Sup\u00e9rieure d&rsquo;Alger, <span style=\"color: #800000;\"><strong>Ma\u00efssa BEY<\/strong><\/span> a longtemps enseign\u00e9 le fran\u00e7ais dans un lyc\u00e9e avant d&rsquo;\u00eatre conseill\u00e8re p\u00e9dagogique \u00e0 Sidi-Bel-Abb\u00e8s en Alg\u00e9rie o\u00f9 elle r\u00e9side. Cofondatrice d\u2019une association de femmes alg\u00e9riennes \u00ab\u00a0Paroles et \u00e9criture\u00a0\u00bb, elle anime des ateliers d\u2019\u00e9criture et de lecture au sein d\u2019une biblioth\u00e8que fond\u00e9e par cette association avec le concours de la Commission Europ\u00e9enne. Traduite en plusieurs langues (anglais, allemand, italien, su\u00e9dois), elle \u00e9crit \u00e9galement pour le th\u00e9\u00e2tre et plusieurs de ses textes ont fait l&rsquo;objet d&rsquo;adaptations th\u00e9\u00e2trales par des metteurs en sc\u00e8ne fran\u00e7ais et alg\u00e9riens. Laur\u00e9ate de nombreux prix litt\u00e9raires en France, elle a \u00e9galement \u00e9t\u00e9 distingu\u00e9e par le Prix des Libraires Alg\u00e9riens en 2005. Elle a re\u00e7u en 2008 le premier Grand Prix du Roman de Langue Fran\u00e7aise du SILA (Salon International du Livre d\u2019Alger) pour son roman \u00ab\u00a0Pierre Sang Papier ou Cendre\u00a0\u00bb. Son roman, \u00ab\u00a0Puisque mon c\u0153ur est mort\u00a0\u00bb, a re\u00e7u en 2011 le prix Maghreb M\u00e9diterran\u00e9e de l\u2019ADELF.<\/p>\n<h4><\/h4>\n<h4><\/h4>\n<h4><span style=\"color: #800000;\"><strong>TABLE RONDE <\/strong><\/span><strong><span style=\"color: #800000;\">\u00ab La Rochelle au carrefour des protestantismes \u00bb<\/span> (Jeudi 7 juin, 17h \u00e0 18h30 au Centre Intermondes, 11 rue des Augustins, La Rochelle), <\/strong><span style=\"color: #333333;\"><strong>anim\u00e9e par Micka\u00ebl AUGERON<\/strong><\/span><\/h4>\n<p><strong><span style=\"color: #800000;\">Didier POTON DE XAINTRAILLES<\/span><\/strong> est Professeur \u00e9m\u00e9rite d&rsquo;Histoire moderne \u00e0 l&rsquo;universit\u00e9 de La Rochelle, sp\u00e9cialiste de l&rsquo;histoire du protestantisme. Il a soutenu sa th\u00e8se en 1985 sur \u00ab\u00a0Une communaut\u00e9 r\u00e9form\u00e9e \u00e0 la veille de la R\u00e9vocation (1663-1685) : Saint Jean-de-Gardonnenque\u00a0\u00bb. Il a \u00e9crit de nombreux ouvrages sur les Protestants fran\u00e7ais du XVIe au XXe si\u00e8cle, des C\u00e9vennes jusqu&rsquo;\u00e0 l&rsquo;aire atlantique. Il a dirig\u00e9 ou co-dirig\u00e9 de nombreux ouvrages<br \/>\ncollectifs sur cette th\u00e9matique. En 2009, avec Micka\u00ebl Augeron et Bertrand van Ruymbeke, il a publi\u00e9 aux Indes savantes <em>Les Huguenots et l&rsquo;Atlantique<\/em>. Il est Pr\u00e9sident du Mus\u00e9e rochelais de l&rsquo;histoire protestante.<\/p>\n<p><span style=\"color: #800000;\"><strong>Jean-Paul WILLAIME<\/strong> <\/span>est Docteur en Sciences religieuses et Docteur en Sociologie de l&rsquo;Universit\u00e9 de Strasbourg, dans laquelle il a enseign\u00e9 de 1975 \u00e0 1992. Il est Directeur d&rsquo;\u00e9tudes \u00e9m\u00e9rite \u00e0 l&rsquo;Ecol<a href=\"https:\/\/secure.cief.org\/wp\/wp-content\/uploads\/2018\/05\/Willaime-1000x500.jpg\"><img loading=\"lazy\" decoding=\"async\" class=\"alignright size-medium wp-image-45238\" src=\"https:\/\/secure.cief.org\/wp\/wp-content\/uploads\/2018\/05\/Willaime-1000x500-300x150.jpg\" alt=\"\" width=\"300\" height=\"150\" srcset=\"https:\/\/secure.cief.org\/wp\/wp-content\/uploads\/2018\/05\/Willaime-1000x500-300x150.jpg 300w, https:\/\/secure.cief.org\/wp\/wp-content\/uploads\/2018\/05\/Willaime-1000x500-768x384.jpg 768w, https:\/\/secure.cief.org\/wp\/wp-content\/uploads\/2018\/05\/Willaime-1000x500.jpg 1000w\" sizes=\"(max-width: 300px) 100vw, 300px\" \/><\/a>e pratique des hautes \u00e9tudes (EPHE). Il y fut titulaire, de 1992 \u00e0 2015, de la Direction d&rsquo;\u00e9tudes Histoire et sociologie des protestantismes. Il est l&rsquo;auteur de nombreux ouvrages, comme par exemple <em>Profession pasteur. Sociologie de la condition du clerc \u00e0 la fin du XXe si\u00e8cle<\/em> (Gen\u00e8ve, 1986, Labor &amp; Fides). Auteur de tr\u00e8s nombreux articles, il est membre du Comit\u00e9 de r\u00e9daction de plusieurs revues, Social Compass (Louvain), Journal of ContemporaryReligion (Londres), Archives de sciences sociales des religions (Paris).<\/p>\n<h4><span style=\"color: #800000;\"><strong>ATELIER : L&rsquo;HISTOIRE DE FRANCE, C&rsquo;EST AUSSI \u00c7A<\/strong><br \/>\n<\/span><\/h4>\n<p><span style=\"color: #800000;\"><strong><a href=\"https:\/\/secure.cief.org\/wp\/wp-content\/uploads\/2018\/03\/Wahid-Chai\u0308b.jpg\"><img loading=\"lazy\" decoding=\"async\" class=\"wp-image-36372 alignleft\" src=\"https:\/\/secure.cief.org\/wp\/wp-content\/uploads\/2018\/03\/Wahid-Chai\u0308b-300x300.jpg\" alt=\"\" width=\"188\" height=\"188\" srcset=\"https:\/\/secure.cief.org\/wp\/wp-content\/uploads\/2018\/03\/Wahid-Chai\u0308b-300x300.jpg 300w, https:\/\/secure.cief.org\/wp\/wp-content\/uploads\/2018\/03\/Wahid-Chai\u0308b-150x150.jpg 150w, https:\/\/secure.cief.org\/wp\/wp-content\/uploads\/2018\/03\/Wahid-Chai\u0308b-768x769.jpg 768w, https:\/\/secure.cief.org\/wp\/wp-content\/uploads\/2018\/03\/Wahid-Chai\u0308b-200x200.jpg 200w, https:\/\/secure.cief.org\/wp\/wp-content\/uploads\/2018\/03\/Wahid-Chai\u0308b-130x130.jpg 130w, https:\/\/secure.cief.org\/wp\/wp-content\/uploads\/2018\/03\/Wahid-Chai\u0308b-67x67.jpg 67w, https:\/\/secure.cief.org\/wp\/wp-content\/uploads\/2018\/03\/Wahid-Chai\u0308b-40x40.jpg 40w, https:\/\/secure.cief.org\/wp\/wp-content\/uploads\/2018\/03\/Wahid-Chai\u0308b-184x184.jpg 184w, https:\/\/secure.cief.org\/wp\/wp-content\/uploads\/2018\/03\/Wahid-Chai\u0308b.jpg 958w\" sizes=\"(max-width: 188px) 100vw, 188px\" \/><\/a><\/strong><\/span><\/p>\n<p>&nbsp;<\/p>\n<p><span style=\"color: #800000;\"><strong>Wahid CHAIB<\/strong><\/span> est artiste compositeur (groupe Zen Zila), r\u00e9alisateur (th\u00e9\u00e2tre et documentaires), et intervenant social dans un centre d\u2019animation \u00e0 Villleurbanne. Un trait traverse ces diff\u00e9rentes facettes : son int\u00e9r\u00eat pour la transmission de la m\u00e9moire entre les g\u00e9n\u00e9rations d\u2019immigr\u00e9s, notamment alg\u00e9riens, et celle de leurs descendants.<\/p>\n<p>&nbsp;<\/p>\n<h4><\/h4>\n<h4><\/h4>\n<p>&nbsp;<\/p>\n<p>&nbsp;<\/p>\n<p>&nbsp;<\/p>\n<p>&nbsp;<\/p>\n<p>&nbsp;<\/p>\n<div id=\"attachment_10229\" style=\"width: 235px\" class=\"wp-caption alignleft\"><a href=\"https:\/\/secure.cief.org\/wp\/wp-content\/uploads\/2017\/08\/DSCN7692.jpg\"><img loading=\"lazy\" decoding=\"async\" aria-describedby=\"caption-attachment-10229\" class=\"wp-image-10229 size-medium\" title=\"Arcades de la vieille ville\" src=\"https:\/\/secure.cief.org\/wp\/wp-content\/uploads\/2017\/08\/DSCN7692-225x300.jpg\" alt=\"\" width=\"225\" height=\"300\" srcset=\"https:\/\/secure.cief.org\/wp\/wp-content\/uploads\/2017\/08\/DSCN7692-225x300.jpg 225w, https:\/\/secure.cief.org\/wp\/wp-content\/uploads\/2017\/08\/DSCN7692-768x1024.jpg 768w, https:\/\/secure.cief.org\/wp\/wp-content\/uploads\/2017\/08\/DSCN7692.jpg 1200w\" sizes=\"(max-width: 225px) 100vw, 225px\" \/><\/a><p id=\"caption-attachment-10229\" class=\"wp-caption-text\"><em>Arcades de la vieille ville<\/em> \/ panier de coquilles\u00a0 \u00a0 \u00a0 \u00a0\u00a0 <em>Photos : Eileen Lohka<\/em><\/p><\/div>\n<p>&nbsp;<\/p>\n<p><a href=\"https:\/\/secure.cief.org\/wp\/wp-content\/uploads\/2017\/08\/DSCN7732.jpg\"><img loading=\"lazy\" decoding=\"async\" class=\"size-medium wp-image-10230 alignright\" src=\"https:\/\/secure.cief.org\/wp\/wp-content\/uploads\/2017\/08\/DSCN7732-300x225.jpg\" alt=\"\" width=\"300\" height=\"225\" srcset=\"https:\/\/secure.cief.org\/wp\/wp-content\/uploads\/2017\/08\/DSCN7732-300x225.jpg 300w, https:\/\/secure.cief.org\/wp\/wp-content\/uploads\/2017\/08\/DSCN7732-768x576.jpg 768w, https:\/\/secure.cief.org\/wp\/wp-content\/uploads\/2017\/08\/DSCN7732-1024x768.jpg 1024w, https:\/\/secure.cief.org\/wp\/wp-content\/uploads\/2017\/08\/DSCN7732.jpg 1600w\" sizes=\"(max-width: 300px) 100vw, 300px\" \/><\/a><\/p>\n<p>&nbsp;<\/p>\n<p>&nbsp;<\/p>\n<p>&nbsp;<\/p>\n<p>&nbsp;<\/p>\n<p>&nbsp;<\/p>\n<p>&nbsp;<\/p>\n<p>&nbsp;<\/p>\n<p>&nbsp;<\/p>\n","protected":false},"excerpt":{"rendered":"<p>Th\u00e8me directeur du congr\u00e8s : Passage &#8211; m\u00e9diation et transition Programme officiel (cliquable) La ville de La Rochelle,\u00a0\u00ab\u00a0belle et rebelle\u00a0\u00bb, invite qu\u2019on se penche sur les th\u00e8mes du passage, de la m\u00e9diation et de la transition. Ville de p\u00eacheurs, \u00e0 l\u2019origine, puis port de mer, elle marque la fronti\u00e8re entre le monde terrestre et le [&hellip;]<\/p>\n","protected":false},"author":2,"featured_media":0,"parent":265,"menu_order":0,"comment_status":"closed","ping_status":"closed","template":"page-congres-2018.php","meta":{"footnotes":""},"categories":[21],"tags":[],"class_list":["post-10119","page","type-page","status-publish","hentry","category-congres-2018"],"_links":{"self":[{"href":"https:\/\/secure.cief.org\/wp\/index.php?rest_route=\/wp\/v2\/pages\/10119","targetHints":{"allow":["GET"]}}],"collection":[{"href":"https:\/\/secure.cief.org\/wp\/index.php?rest_route=\/wp\/v2\/pages"}],"about":[{"href":"https:\/\/secure.cief.org\/wp\/index.php?rest_route=\/wp\/v2\/types\/page"}],"author":[{"embeddable":true,"href":"https:\/\/secure.cief.org\/wp\/index.php?rest_route=\/wp\/v2\/users\/2"}],"replies":[{"embeddable":true,"href":"https:\/\/secure.cief.org\/wp\/index.php?rest_route=%2Fwp%2Fv2%2Fcomments&post=10119"}],"version-history":[{"count":55,"href":"https:\/\/secure.cief.org\/wp\/index.php?rest_route=\/wp\/v2\/pages\/10119\/revisions"}],"predecessor-version":[{"id":47081,"href":"https:\/\/secure.cief.org\/wp\/index.php?rest_route=\/wp\/v2\/pages\/10119\/revisions\/47081"}],"up":[{"embeddable":true,"href":"https:\/\/secure.cief.org\/wp\/index.php?rest_route=\/wp\/v2\/pages\/265"}],"wp:attachment":[{"href":"https:\/\/secure.cief.org\/wp\/index.php?rest_route=%2Fwp%2Fv2%2Fmedia&parent=10119"}],"wp:term":[{"taxonomy":"category","embeddable":true,"href":"https:\/\/secure.cief.org\/wp\/index.php?rest_route=%2Fwp%2Fv2%2Fcategories&post=10119"},{"taxonomy":"post_tag","embeddable":true,"href":"https:\/\/secure.cief.org\/wp\/index.php?rest_route=%2Fwp%2Fv2%2Ftags&post=10119"}],"curies":[{"name":"wp","href":"https:\/\/api.w.org\/{rel}","templated":true}]}}