{"id":10132,"date":"2017-07-13T13:24:46","date_gmt":"2017-07-13T13:24:46","guid":{"rendered":"https:\/\/secure.cief.org\/wp\/?page_id=10132"},"modified":"2018-06-15T08:54:43","modified_gmt":"2018-06-15T08:54:43","slug":"excursions","status":"publish","type":"page","link":"https:\/\/secure.cief.org\/wp\/?page_id=10132","title":{"rendered":"Excursions"},"content":{"rendered":"<p>Le comit\u00e9 ex\u00e9cutif, avec la coop\u00e9ration de l&rsquo;agence de voyage\/tourisme Salaun vous offre les excursions suivantes lors du congr\u00e8s 2018 \u00e0 La Rochelle. Veuillez cliquer sur chaque nom ou titre pour consulter les d\u00e9tails. <em><span style=\"color: #008000;\"><strong>DATE LIMITE le 11 mai 2018<\/strong><\/span><\/em><\/p>\n<h4><span style=\"color: #800000;\">Le mercredi 6 juin 2018<\/span><\/h4>\n<p><span style=\"color: #000000;\">1. <a href=\"https:\/\/secure.cief.org\/wp\/wp-content\/uploads\/2018\/04\/BROUAGE-ROCHEFORT.pdf\">Visite de Rochefort &#8211; Brouage<\/a><br \/>\n<\/span><\/p>\n<p>2. <a href=\"https:\/\/secure.cief.org\/wp\/wp-content\/uploads\/2018\/04\/LA-ROCHE-COURBON-SAINTES.pdf\">Visite de La Roche Courbon &#8211; Saintes<\/a><\/p>\n<h4><span style=\"color: #800000;\">Le samedi 9 juin 2018<\/span><\/h4>\n<p><span style=\"color: #000000;\">1. <a href=\"https:\/\/secure.cief.org\/wp\/wp-content\/uploads\/2018\/04\/L-ILE-DE-RE-.2.pdf\">Visite de l&rsquo;\u00eele de R\u00e9<\/a><\/span><\/p>\n<p><span style=\"color: #000000;\">2. <a href=\"https:\/\/secure.cief.org\/wp\/wp-content\/uploads\/2018\/04\/MARAIS-POITEVIN.pdf\">Visite du marais poitevin<\/a><\/span><\/p>\n<h4><span style=\"color: #800000;\">Le dimanche 10 juin 2018<\/span><\/h4>\n<p><span style=\"color: #000000;\">1. <a href=\"https:\/\/secure.cief.org\/wp\/wp-content\/uploads\/2018\/04\/L-ILE-DE-RE-.2.pdf\">Visite de l&rsquo;\u00eele de R\u00e9<\/a><br \/>\n<\/span><\/p>\n<p><span style=\"color: #000000;\">2. <\/span><span style=\"color: #000000;\"><a href=\"https:\/\/secure.cief.org\/wp\/wp-content\/uploads\/2018\/04\/MARAIS-POITEVIN.pdf\">Visite du marais poitevin<\/a><\/span><\/p>\n<p><strong>Pour r\u00e9server, veuillez noter ce qui suit\u00a0:<\/strong><\/p>\n<ol>\n<li>Bien que le CIEF ait n\u00e9goci\u00e9 un prix de groupe et s\u00e9lectionn\u00e9 les excursions, seule l\u2019agence est responsable de la collecte des paiements et de tout autre aspect technique. Nous ne saurions r\u00e9pondre \u00e0 vos questions et vous prions de les adresser directement \u00e0 l\u2019agence.<\/li>\n<li>IMPORTANT : une <a href=\"https:\/\/secure.cief.org\/wp\/wp-content\/uploads\/2018\/04\/FICHE-INSCRIPTION-EXCURSIONS.docx\">fiche d\u2019inscription (cliquable)<\/a> doit \u00eatre remplie <strong>pour chaque excursion choisie<\/strong>.<\/li>\n<li>Un num\u00e9ro de t\u00e9l\u00e9phone et un num\u00e9ro de fax sont disponibles dans le formulaire. Il semble que ce soit le bureau central (auquel correspondent ces num\u00e9ros) qui g\u00e8re les paiements. Si vous d\u00e9sirez faxer le formulaire, vous pouvez le faire directement en utilisant le num\u00e9ro de fax consign\u00e9 sur le formulaire.<\/li>\n<li>En revanche, si vous souhaitez payer directement et par t\u00e9l\u00e9phone en fournissant le num\u00e9ro de votre carte de cr\u00e9dit, il faut contacter l\u2019agence locale dont voici les coordonn\u00e9es et les heures d\u2019ouverture\u00a0:<\/li>\n<\/ol>\n<p>Num\u00e9ro de t\u00e9l\u00e9phone\u00a0:\u00a000 33 5 46 41 69 80<\/p>\n<p>Horaires d\u2019ouverture\u00a0:<\/p>\n<p>lundi\u00a0\u00a0 \u00a0\u00a0\u00a0\u00a0\u00a0\u00a0\u00a0\u00a0\u00a0 10:00\u201312:30, 14:00\u201318:30<\/p>\n<p>mardi\u00a0 \u00a0\u00a0\u00a0\u00a0\u00a0\u00a0\u00a0\u00a0\u00a0 09:00\u201312:30, 14:00\u201318:30<\/p>\n<p>mercredi\u00a0\u00a0\u00a0\u00a0\u00a0 09:00\u201312:30, 14:00\u201318:30<\/p>\n<p>jeudi\u00a0\u00a0 \u00a0\u00a0\u00a0\u00a0\u00a0\u00a0\u00a0\u00a0\u00a0\u00a0 09:00\u201312:30, 14:00\u201318:30<\/p>\n<p>vendredi\u00a0\u00a0\u00a0\u00a0\u00a0\u00a0\u00a009:00\u201312:30, 14:00\u201318:30<\/p>\n<p>samedi\u00a0\u00a0\u00a0\u00a0\u00a0\u00a0\u00a0\u00a0\u00a0\u00a09:00\u201312:30, 14:00\u201317:30<\/p>\n<p>dimanche\u00a0\u00a0\u00a0\u00a0\u00a0\u00a0 Ferm\u00e9<\/p>\n<p>Le nombre de places \u00e9tant limit\u00e9, le comit\u00e9 ex\u00e9cutif encourage les congressistes \u00e0 faire leurs r\u00e9servations au plus t\u00f4t. <span style=\"color: #000000;\"><strong>Date limite<\/strong> : <span style=\"color: #800000;\"><strong>le 11 mai 2018.\u00a0<\/strong> <\/span><\/span><\/p>\n<p>&nbsp;<\/p>\n<p>&nbsp;<\/p>\n<p>&nbsp;<\/p>\n<p>&nbsp;<\/p>\n<p>&nbsp;<\/p>\n","protected":false},"excerpt":{"rendered":"<p>Le comit\u00e9 ex\u00e9cutif, avec la coop\u00e9ration de l&rsquo;agence de voyage\/tourisme Salaun vous offre les excursions suivantes lors du congr\u00e8s 2018 \u00e0 La Rochelle. Veuillez cliquer sur chaque nom ou titre pour consulter les d\u00e9tails. DATE LIMITE le 11 mai 2018 Le mercredi 6 juin 2018 1. Visite de Rochefort &#8211; Brouage 2. Visite de La [&hellip;]<\/p>\n","protected":false},"author":1,"featured_media":0,"parent":10119,"menu_order":0,"comment_status":"closed","ping_status":"closed","template":"page-congres-2018.php","meta":{"footnotes":""},"categories":[21],"tags":[],"class_list":["post-10132","page","type-page","status-publish","hentry","category-congres-2018"],"_links":{"self":[{"href":"https:\/\/secure.cief.org\/wp\/index.php?rest_route=\/wp\/v2\/pages\/10132","targetHints":{"allow":["GET"]}}],"collection":[{"href":"https:\/\/secure.cief.org\/wp\/index.php?rest_route=\/wp\/v2\/pages"}],"about":[{"href":"https:\/\/secure.cief.org\/wp\/index.php?rest_route=\/wp\/v2\/types\/page"}],"author":[{"embeddable":true,"href":"https:\/\/secure.cief.org\/wp\/index.php?rest_route=\/wp\/v2\/users\/1"}],"replies":[{"embeddable":true,"href":"https:\/\/secure.cief.org\/wp\/index.php?rest_route=%2Fwp%2Fv2%2Fcomments&post=10132"}],"version-history":[{"count":10,"href":"https:\/\/secure.cief.org\/wp\/index.php?rest_route=\/wp\/v2\/pages\/10132\/revisions"}],"predecessor-version":[{"id":43485,"href":"https:\/\/secure.cief.org\/wp\/index.php?rest_route=\/wp\/v2\/pages\/10132\/revisions\/43485"}],"up":[{"embeddable":true,"href":"https:\/\/secure.cief.org\/wp\/index.php?rest_route=\/wp\/v2\/pages\/10119"}],"wp:attachment":[{"href":"https:\/\/secure.cief.org\/wp\/index.php?rest_route=%2Fwp%2Fv2%2Fmedia&parent=10132"}],"wp:term":[{"taxonomy":"category","embeddable":true,"href":"https:\/\/secure.cief.org\/wp\/index.php?rest_route=%2Fwp%2Fv2%2Fcategories&post=10132"},{"taxonomy":"post_tag","embeddable":true,"href":"https:\/\/secure.cief.org\/wp\/index.php?rest_route=%2Fwp%2Fv2%2Ftags&post=10132"}],"curies":[{"name":"wp","href":"https:\/\/api.w.org\/{rel}","templated":true}]}}