{"id":10133,"date":"2017-07-13T13:26:27","date_gmt":"2017-07-13T13:26:27","guid":{"rendered":"https:\/\/secure.cief.org\/wp\/?page_id=10133"},"modified":"2018-06-15T08:54:52","modified_gmt":"2018-06-15T08:54:52","slug":"hotel-du-congres","status":"publish","type":"page","link":"https:\/\/secure.cief.org\/wp\/?page_id=10133","title":{"rendered":"H\u00f4tel du congr\u00e8s"},"content":{"rendered":"<p>Nous avons le choix de trois h\u00f4tels privil\u00e9gi\u00e9s \u00e0 proximit\u00e9 de l&rsquo;universit\u00e9 de La Rochelle o\u00f9 se tiendra le congr\u00e8s. Les h\u00f4tels sont accessibles \u00e0 pied ou par navette\/taxi nautique. Ci-dessous, les trois h\u00f4tels en question avec un num\u00e9ro de t\u00e9l\u00e9phone, une adresse de contact mail et <strong>le formulaire de r\u00e9servation \u00e0 remplir<\/strong>. Veuillez cliquer sur chaque lien pour tout renseignement suppl\u00e9mentaire.<\/p>\n<p><em><strong>Ibis La Rochelle Vieux Port<\/strong><\/em> situ\u00e9 dans une ancienne \u00e9glise sur la Place du Commandant de la Motte Rouge<\/p>\n<p><strong>T\u00e9l\u00e9phone<\/strong> : +33 (0)5 46 41 60 ; <strong>email<\/strong> :\u00a0<a href=\"mailto:h0638@accor.com\">h0638@accor.com<\/a><\/p>\n<p><a href=\"https:\/\/secure.cief.org\/wp\/wp-content\/uploads\/2018\/01\/formulaire-Ibis-Vieux-Port.pdf\">Formulaire de r\u00e9servation Ibis Vieux Port<\/a><\/p>\n<p><strong><em>Ibis Centre historique<\/em><\/strong> dans la vieille ville pi\u00e9tonne au\u00a0 1ter Rue Fleuriau<\/p>\n<p><strong>T\u00e9l\u00e9phone<\/strong>: +33 (0)5 46 50 52 55 ; <strong>email<\/strong> : <a href=\"mailto:h1424@accor.com\">h1424@accor.com<\/a><\/p>\n<p><a href=\"https:\/\/secure.cief.org\/wp\/wp-content\/uploads\/2018\/01\/formulaire-Ibis-Centre-historique.pdf\">Formulaire de r\u00e9servation Ibis Centre historique<\/a><\/p>\n<p><strong><em>Ibis Styles Centre<\/em><\/strong> au 4 Rue L\u00e9once Vieljeux<\/p>\n<p><strong>T\u00e9l\u00e9phone<\/strong>: +33 (0)5 46 50 52 55 ; <strong>email<\/strong> :\u00a0<a href=\"mailto:h0914@accor.com\">h0914@accor.com<\/a><\/p>\n<p><a href=\"https:\/\/secure.cief.org\/wp\/wp-content\/uploads\/2018\/01\/formulaire-Ibis-Styles-centre.pdf\">Formulaire de r\u00e9servation Ibis Styles Centre<\/a><\/p>\n<p>&nbsp;<\/p>\n<p><strong>P<\/strong><strong>ri\u00e8re de consulter r\u00e9guli\u00e8rement le Bulletin du CI\u00c9F pour les derniers renseignements.<\/strong><\/p>\n<p><!-- [if IE 8]>\n\n \t<link rel=\"stylesheet\" type=\"text\/css\" href=\"https:\/\/secure.cief.org\/wp\/wp-content\/themes\/Aggregate\/css\/ie8style.css\" \/>\n\n<![endif]--><\/p>\n","protected":false},"excerpt":{"rendered":"<p>Nous avons le choix de trois h\u00f4tels privil\u00e9gi\u00e9s \u00e0 proximit\u00e9 de l&rsquo;universit\u00e9 de La Rochelle o\u00f9 se tiendra le congr\u00e8s. Les h\u00f4tels sont accessibles \u00e0 pied ou par navette\/taxi nautique. Ci-dessous, les trois h\u00f4tels en question avec un num\u00e9ro de t\u00e9l\u00e9phone, une adresse de contact mail et le formulaire de r\u00e9servation \u00e0 remplir. Veuillez cliquer [&hellip;]<\/p>\n","protected":false},"author":1,"featured_media":0,"parent":10119,"menu_order":0,"comment_status":"closed","ping_status":"closed","template":"page-congres-2018.php","meta":{"footnotes":""},"categories":[21],"tags":[],"class_list":["post-10133","page","type-page","status-publish","hentry","category-congres-2018"],"_links":{"self":[{"href":"https:\/\/secure.cief.org\/wp\/index.php?rest_route=\/wp\/v2\/pages\/10133","targetHints":{"allow":["GET"]}}],"collection":[{"href":"https:\/\/secure.cief.org\/wp\/index.php?rest_route=\/wp\/v2\/pages"}],"about":[{"href":"https:\/\/secure.cief.org\/wp\/index.php?rest_route=\/wp\/v2\/types\/page"}],"author":[{"embeddable":true,"href":"https:\/\/secure.cief.org\/wp\/index.php?rest_route=\/wp\/v2\/users\/1"}],"replies":[{"embeddable":true,"href":"https:\/\/secure.cief.org\/wp\/index.php?rest_route=%2Fwp%2Fv2%2Fcomments&post=10133"}],"version-history":[{"count":7,"href":"https:\/\/secure.cief.org\/wp\/index.php?rest_route=\/wp\/v2\/pages\/10133\/revisions"}],"predecessor-version":[{"id":29370,"href":"https:\/\/secure.cief.org\/wp\/index.php?rest_route=\/wp\/v2\/pages\/10133\/revisions\/29370"}],"up":[{"embeddable":true,"href":"https:\/\/secure.cief.org\/wp\/index.php?rest_route=\/wp\/v2\/pages\/10119"}],"wp:attachment":[{"href":"https:\/\/secure.cief.org\/wp\/index.php?rest_route=%2Fwp%2Fv2%2Fmedia&parent=10133"}],"wp:term":[{"taxonomy":"category","embeddable":true,"href":"https:\/\/secure.cief.org\/wp\/index.php?rest_route=%2Fwp%2Fv2%2Fcategories&post=10133"},{"taxonomy":"post_tag","embeddable":true,"href":"https:\/\/secure.cief.org\/wp\/index.php?rest_route=%2Fwp%2Fv2%2Ftags&post=10133"}],"curies":[{"name":"wp","href":"https:\/\/api.w.org\/{rel}","templated":true}]}}