{"id":10134,"date":"2017-07-13T13:27:55","date_gmt":"2017-07-13T13:27:55","guid":{"rendered":"https:\/\/secure.cief.org\/wp\/?page_id=10134"},"modified":"2018-06-15T08:55:02","modified_gmt":"2018-06-15T08:55:02","slug":"partenaires-du-congres","status":"publish","type":"page","link":"https:\/\/secure.cief.org\/wp\/?page_id=10134","title":{"rendered":"Partenaires du congr\u00e8s"},"content":{"rendered":"<p align=\"left\">Le CI\u00c9F remercie chaleureusement les organismes et institutions dont la collaboration et le soutien g\u00e9n\u00e9reux permettent la r\u00e9alisation du congr\u00e8s et l&rsquo;\u00e9panouissement de notre organisation.<\/p>\n<p><a href=\"https:\/\/secure.cief.org\/wp\/wp-content\/uploads\/2017\/10\/logo_univlr_quadri_300dpi.jpg\"><img loading=\"lazy\" decoding=\"async\" class=\" wp-image-19008 alignleft\" src=\"https:\/\/secure.cief.org\/wp\/wp-content\/uploads\/2017\/10\/logo_univlr_quadri_300dpi-300x300.jpg\" alt=\"\" width=\"243\" height=\"243\" srcset=\"https:\/\/secure.cief.org\/wp\/wp-content\/uploads\/2017\/10\/logo_univlr_quadri_300dpi-300x300.jpg 300w, https:\/\/secure.cief.org\/wp\/wp-content\/uploads\/2017\/10\/logo_univlr_quadri_300dpi-150x150.jpg 150w, https:\/\/secure.cief.org\/wp\/wp-content\/uploads\/2017\/10\/logo_univlr_quadri_300dpi-200x200.jpg 200w, https:\/\/secure.cief.org\/wp\/wp-content\/uploads\/2017\/10\/logo_univlr_quadri_300dpi-130x130.jpg 130w, https:\/\/secure.cief.org\/wp\/wp-content\/uploads\/2017\/10\/logo_univlr_quadri_300dpi-67x67.jpg 67w, https:\/\/secure.cief.org\/wp\/wp-content\/uploads\/2017\/10\/logo_univlr_quadri_300dpi-40x40.jpg 40w, https:\/\/secure.cief.org\/wp\/wp-content\/uploads\/2017\/10\/logo_univlr_quadri_300dpi-184x184.jpg 184w, https:\/\/secure.cief.org\/wp\/wp-content\/uploads\/2017\/10\/logo_univlr_quadri_300dpi.jpg 591w\" sizes=\"(max-width: 243px) 100vw, 243px\" \/><\/a><\/p>\n<p><a href=\"https:\/\/secure.cief.org\/wp\/wp-content\/uploads\/2018\/03\/uottawa_ver_black.png\"><img loading=\"lazy\" decoding=\"async\" class=\"wp-image-36382 alignright\" src=\"https:\/\/secure.cief.org\/wp\/wp-content\/uploads\/2018\/03\/uottawa_ver_black-300x254.png\" alt=\"\" width=\"259\" height=\"219\" srcset=\"https:\/\/secure.cief.org\/wp\/wp-content\/uploads\/2018\/03\/uottawa_ver_black-300x254.png 300w, https:\/\/secure.cief.org\/wp\/wp-content\/uploads\/2018\/03\/uottawa_ver_black.png 692w\" sizes=\"(max-width: 259px) 100vw, 259px\" \/><\/a><\/p>\n<p>&nbsp;<\/p>\n<p>&nbsp;<\/p>\n<p>&nbsp;<\/p>\n<p>&nbsp;<\/p>\n<p>&nbsp;<\/p>\n<p>&nbsp;<\/p>\n<p>&nbsp;<\/p>\n<p>&nbsp;<\/p>\n<p><a href=\"https:\/\/secure.cief.org\/wp\/wp-content\/uploads\/2018\/03\/mac-hum_right-col.png\"><img loading=\"lazy\" decoding=\"async\" class=\"size-medium wp-image-36413 alignleft\" src=\"https:\/\/secure.cief.org\/wp\/wp-content\/uploads\/2018\/03\/mac-hum_right-col-300x78.png\" alt=\"\" width=\"300\" height=\"78\" srcset=\"https:\/\/secure.cief.org\/wp\/wp-content\/uploads\/2018\/03\/mac-hum_right-col-300x78.png 300w, https:\/\/secure.cief.org\/wp\/wp-content\/uploads\/2018\/03\/mac-hum_right-col.png 690w\" sizes=\"(max-width: 300px) 100vw, 300px\" \/><\/a><a href=\"https:\/\/secure.cief.org\/wp\/wp-content\/uploads\/2017\/10\/CRHIA_logo_illustrator_CMJN.jpg\"> <img loading=\"lazy\" decoding=\"async\" class=\"wp-image-19006 alignright\" src=\"https:\/\/secure.cief.org\/wp\/wp-content\/uploads\/2017\/10\/CRHIA_logo_illustrator_CMJN-300x131.jpg\" alt=\"\" width=\"309\" height=\"135\" srcset=\"https:\/\/secure.cief.org\/wp\/wp-content\/uploads\/2017\/10\/CRHIA_logo_illustrator_CMJN-300x131.jpg 300w, https:\/\/secure.cief.org\/wp\/wp-content\/uploads\/2017\/10\/CRHIA_logo_illustrator_CMJN-768x336.jpg 768w, https:\/\/secure.cief.org\/wp\/wp-content\/uploads\/2017\/10\/CRHIA_logo_illustrator_CMJN.jpg 808w\" sizes=\"(max-width: 309px) 100vw, 309px\" \/><\/a><\/p>\n<p>&nbsp;<\/p>\n<p>&nbsp;<\/p>\n<p>&nbsp;<\/p>\n<p>&nbsp;<\/p>\n<p>&nbsp;<\/p>\n<p><img loading=\"lazy\" decoding=\"async\" class=\"size-full wp-image-36406 alignleft\" src=\"https:\/\/secure.cief.org\/wp\/wp-content\/uploads\/2018\/03\/mairie-la-rochelle.jpg\" alt=\"\" width=\"245\" height=\"99\" \/><\/p>\n<p><a href=\"https:\/\/secure.cief.org\/wp\/wp-content\/uploads\/2018\/03\/logo-muse\u0301e-maritime.png\"><img loading=\"lazy\" decoding=\"async\" class=\"alignright wp-image-36411\" src=\"https:\/\/secure.cief.org\/wp\/wp-content\/uploads\/2018\/03\/logo-muse\u0301e-maritime-300x213.png\" alt=\"\" width=\"259\" height=\"184\" srcset=\"https:\/\/secure.cief.org\/wp\/wp-content\/uploads\/2018\/03\/logo-muse\u0301e-maritime-300x213.png 300w, https:\/\/secure.cief.org\/wp\/wp-content\/uploads\/2018\/03\/logo-muse\u0301e-maritime.png 581w\" sizes=\"(max-width: 259px) 100vw, 259px\" \/><\/a><a href=\"https:\/\/secure.cief.org\/wp\/wp-content\/uploads\/2018\/03\/logo-c-intermondes-noir.jpg\"><img loading=\"lazy\" decoding=\"async\" class=\" wp-image-36408 alignnone\" src=\"https:\/\/secure.cief.org\/wp\/wp-content\/uploads\/2018\/03\/logo-c-intermondes-noir-300x106.jpg\" alt=\"\" width=\"294\" height=\"104\" srcset=\"https:\/\/secure.cief.org\/wp\/wp-content\/uploads\/2018\/03\/logo-c-intermondes-noir-300x106.jpg 300w, https:\/\/secure.cief.org\/wp\/wp-content\/uploads\/2018\/03\/logo-c-intermondes-noir-768x271.jpg 768w, https:\/\/secure.cief.org\/wp\/wp-content\/uploads\/2018\/03\/logo-c-intermondes-noir.jpg 800w\" sizes=\"(max-width: 294px) 100vw, 294px\" \/><\/a><\/p>\n","protected":false},"excerpt":{"rendered":"<p>Le CI\u00c9F remercie chaleureusement les organismes et institutions dont la collaboration et le soutien g\u00e9n\u00e9reux permettent la r\u00e9alisation du congr\u00e8s et l&rsquo;\u00e9panouissement de notre organisation. &nbsp; &nbsp; &nbsp; &nbsp; &nbsp; &nbsp; &nbsp; &nbsp; &nbsp; &nbsp; &nbsp; &nbsp; &nbsp;<\/p>\n","protected":false},"author":1,"featured_media":0,"parent":10119,"menu_order":0,"comment_status":"closed","ping_status":"closed","template":"page-congres-2018.php","meta":{"footnotes":""},"categories":[21],"tags":[],"class_list":["post-10134","page","type-page","status-publish","hentry","category-congres-2018"],"_links":{"self":[{"href":"https:\/\/secure.cief.org\/wp\/index.php?rest_route=\/wp\/v2\/pages\/10134","targetHints":{"allow":["GET"]}}],"collection":[{"href":"https:\/\/secure.cief.org\/wp\/index.php?rest_route=\/wp\/v2\/pages"}],"about":[{"href":"https:\/\/secure.cief.org\/wp\/index.php?rest_route=\/wp\/v2\/types\/page"}],"author":[{"embeddable":true,"href":"https:\/\/secure.cief.org\/wp\/index.php?rest_route=\/wp\/v2\/users\/1"}],"replies":[{"embeddable":true,"href":"https:\/\/secure.cief.org\/wp\/index.php?rest_route=%2Fwp%2Fv2%2Fcomments&post=10134"}],"version-history":[{"count":11,"href":"https:\/\/secure.cief.org\/wp\/index.php?rest_route=\/wp\/v2\/pages\/10134\/revisions"}],"predecessor-version":[{"id":36415,"href":"https:\/\/secure.cief.org\/wp\/index.php?rest_route=\/wp\/v2\/pages\/10134\/revisions\/36415"}],"up":[{"embeddable":true,"href":"https:\/\/secure.cief.org\/wp\/index.php?rest_route=\/wp\/v2\/pages\/10119"}],"wp:attachment":[{"href":"https:\/\/secure.cief.org\/wp\/index.php?rest_route=%2Fwp%2Fv2%2Fmedia&parent=10134"}],"wp:term":[{"taxonomy":"category","embeddable":true,"href":"https:\/\/secure.cief.org\/wp\/index.php?rest_route=%2Fwp%2Fv2%2Fcategories&post=10134"},{"taxonomy":"post_tag","embeddable":true,"href":"https:\/\/secure.cief.org\/wp\/index.php?rest_route=%2Fwp%2Fv2%2Ftags&post=10134"}],"curies":[{"name":"wp","href":"https:\/\/api.w.org\/{rel}","templated":true}]}}