{"id":10135,"date":"2017-07-13T13:29:45","date_gmt":"2017-07-13T13:29:45","guid":{"rendered":"https:\/\/secure.cief.org\/wp\/?page_id=10135"},"modified":"2018-06-15T08:55:10","modified_gmt":"2018-06-15T08:55:10","slug":"renseignements-pratiques","status":"publish","type":"page","link":"https:\/\/secure.cief.org\/wp\/?page_id=10135","title":{"rendered":"Renseignements pratiques"},"content":{"rendered":"<h4>NOUVEAU : Gr\u00e8ves tournantes \u00e0 la SNCF<\/h4>\n<p><span style=\"color: #000000;\"><a href=\"https:\/\/secure.cief.org\/wp\/wp-content\/uploads\/2018\/04\/calendrier-greve-SNCF.jpg\"><img loading=\"lazy\" decoding=\"async\" class=\"wp-image-39974 alignright\" src=\"https:\/\/secure.cief.org\/wp\/wp-content\/uploads\/2018\/04\/calendrier-greve-SNCF-207x300.jpg\" alt=\"\" width=\"355\" height=\"515\" srcset=\"https:\/\/secure.cief.org\/wp\/wp-content\/uploads\/2018\/04\/calendrier-greve-SNCF-207x300.jpg 207w, https:\/\/secure.cief.org\/wp\/wp-content\/uploads\/2018\/04\/calendrier-greve-SNCF-768x1111.jpg 768w\" sizes=\"(max-width: 355px) 100vw, 355px\" \/><\/a>La SNCF paralyse les rails sur 13 semaines les mois d&rsquo;avril, mai et juin 2018. Les congressistes sont pri\u00e9s de tenir compte des perturbations lorsqu&rsquo;ils r\u00e9servent leurs billets pour se rendre \u00e0 La Rochelle. P<\/span><span style=\"color: #000000;\">our plus de renseignements,<\/span><span style=\"color: #000000;\"> veuilez consulter le <\/span><span style=\"color: #000000;\">calendrier ci-joint ou<\/span><span style=\"color: #000000;\"> le site de la SNCF (<a href=\"http:\/\/sncf.com\">sncf.com<\/a>). Perturbations les 28-29 mai, 2-3, 7-8 et 12-13 juin.<\/span><\/p>\n<h4>La Rochelle &#8211; informations pratiques<\/h4>\n<p>Le congr\u00e8s du CI\u00c9F aura lieu <strong>dans la ville pi\u00e9tonne<\/strong> de La Rochelle. Consultez <a href=\"https:\/\/secure.cief.org\/wp\/wp-content\/uploads\/2018\/03\/plan_centre_ville.pdf\">le plan (cliquable)<\/a> pour rep\u00e9rer l&rsquo;universit\u00e9 et votre h\u00f4tel et\/ou la gare. Soyez pr\u00eats \u00e0 marcher, mais, comme le disent nos h\u00f4tes,\u00a0 \u00ab\u00a0les distances sont <strong>tr\u00e8s<\/strong> modestes et c&rsquo;est un vrai plaisir de marcher dans cette ville pi\u00e9tonne, qui prend bien la lumi\u00e8re : une vraie promenade de sant\u00e9 pour se mettre les id\u00e9es en place avant le colloque ou se d\u00e9tendre apr\u00e8s \u00eatre rest\u00e9 assis(e) toute la journ\u00e9e\u00a0\u00bb. Ajoutons qu&rsquo;il y a des rues pav\u00e9es du XVIIIe, mais m\u00eame l\u00e0, nous dit-on, les \u00e9l\u00e9gantes de La Rochelle ne se privent pas d&rsquo;y marcher avec des talons !<\/p>\n<p>Pour ce qui le pr\u00e9f\u00e8rent, ou qui se sont r\u00e9veill\u00e9s un peu plus tard que pr\u00e9vu, <strong>le passeur<\/strong> vous fait traverser le chenal du vieux port en quelques minutes pour vous d\u00e9poser devant la fac.<\/p>\n<p><strong>En cas d&rsquo;urgence, le num\u00e9ro \u00e0 composer est le 0<\/strong>.<\/p>\n<h4>Adh\u00e9sion au CI\u00c9F<\/h4>\n<p>Comme il est d&rsquo;usage, votre adh\u00e9sion au CI\u00c9F est requise afin de pouvoir vous inscrire et participer au congr\u00e8s. La date limite pour r\u00e9gler votre adh\u00e9sion est le 1er f\u00e9vrier au-del\u00e0 de quoi le titre de votre communication sera retir\u00e9 du programme du congr\u00e8s.<\/p>\n<h4 align=\"justify\">Inscription au congr\u00e8s<\/h4>\n<p align=\"justify\">La date limite pour jouir du tarif r\u00e9gulier est le 28 f\u00e9vrier. Au-del\u00e0 de cette date, les tarifs augmenteront r\u00e9guli\u00e8rement. En cas de d\u00e9sistement, et sur demande envoy\u00e9e \u00e0 la secr\u00e9taire-tr\u00e9sori\u00e8re de l\u2019association (<a href=\"mailto:secretaire@cief.org\">secretaire@cief.org<\/a>), le CI\u00c9F remboursera 100% des frais d\u2019inscription jusqu\u2019au 28 f\u00e9vrier et 50% du 1er au 31 mars. <strong>Aucun remboursement ne sera effectu\u00e9 pour les d\u00e9sistements apr\u00e8s le 31 mars.<\/strong><\/p>\n<h4 align=\"justify\">Prix Jeune Chercheur<\/h4>\n<p align=\"justify\">La date limite de soumission des communications compl\u00e8tes \u00e0 la <a href=\"mailto:secretaire@cief.org\">secr\u00e9taire-tr\u00e9sori\u00e8re<\/a> est le<strong>\u00a015 avril. <\/strong>Si vous souhaitez soumettre votre communication, pri\u00e8re de consulter la <a href=\"https:\/\/secure.cief.org\/wp\/?page_id=103\">page Prix jeune chercheur<\/a>.<strong><br \/>\n<\/strong><\/p>\n","protected":false},"excerpt":{"rendered":"<p>NOUVEAU : Gr\u00e8ves tournantes \u00e0 la SNCF La SNCF paralyse les rails sur 13 semaines les mois d&rsquo;avril, mai et juin 2018. Les congressistes sont pri\u00e9s de tenir compte des perturbations lorsqu&rsquo;ils r\u00e9servent leurs billets pour se rendre \u00e0 La Rochelle. Pour plus de renseignements, veuilez consulter le calendrier ci-joint ou le site de la [&hellip;]<\/p>\n","protected":false},"author":1,"featured_media":0,"parent":10119,"menu_order":0,"comment_status":"closed","ping_status":"closed","template":"page-congres-2018.php","meta":{"footnotes":""},"categories":[21],"tags":[],"class_list":["post-10135","page","type-page","status-publish","hentry","category-congres-2018"],"_links":{"self":[{"href":"https:\/\/secure.cief.org\/wp\/index.php?rest_route=\/wp\/v2\/pages\/10135","targetHints":{"allow":["GET"]}}],"collection":[{"href":"https:\/\/secure.cief.org\/wp\/index.php?rest_route=\/wp\/v2\/pages"}],"about":[{"href":"https:\/\/secure.cief.org\/wp\/index.php?rest_route=\/wp\/v2\/types\/page"}],"author":[{"embeddable":true,"href":"https:\/\/secure.cief.org\/wp\/index.php?rest_route=\/wp\/v2\/users\/1"}],"replies":[{"embeddable":true,"href":"https:\/\/secure.cief.org\/wp\/index.php?rest_route=%2Fwp%2Fv2%2Fcomments&post=10135"}],"version-history":[{"count":8,"href":"https:\/\/secure.cief.org\/wp\/index.php?rest_route=\/wp\/v2\/pages\/10135\/revisions"}],"predecessor-version":[{"id":39975,"href":"https:\/\/secure.cief.org\/wp\/index.php?rest_route=\/wp\/v2\/pages\/10135\/revisions\/39975"}],"up":[{"embeddable":true,"href":"https:\/\/secure.cief.org\/wp\/index.php?rest_route=\/wp\/v2\/pages\/10119"}],"wp:attachment":[{"href":"https:\/\/secure.cief.org\/wp\/index.php?rest_route=%2Fwp%2Fv2%2Fmedia&parent=10135"}],"wp:term":[{"taxonomy":"category","embeddable":true,"href":"https:\/\/secure.cief.org\/wp\/index.php?rest_route=%2Fwp%2Fv2%2Fcategories&post=10135"},{"taxonomy":"post_tag","embeddable":true,"href":"https:\/\/secure.cief.org\/wp\/index.php?rest_route=%2Fwp%2Fv2%2Ftags&post=10135"}],"curies":[{"name":"wp","href":"https:\/\/api.w.org\/{rel}","templated":true}]}}