{"id":103,"date":"2014-01-28T16:34:37","date_gmt":"2014-01-28T16:34:37","guid":{"rendered":"https:\/\/secure.cief.org\/wp\/?page_id=103"},"modified":"2025-07-08T20:13:27","modified_gmt":"2025-07-08T20:13:27","slug":"prix-jeune-chercheur","status":"publish","type":"page","link":"https:\/\/secure.cief.org\/wp\/?page_id=103","title":{"rendered":"Prix Jeune Chercheur"},"content":{"rendered":"<h4>Le CI\u00c9F accorde une bourse de 600 $ US pour la meilleure communication d&rsquo;\u00e9tudiante ou \u00e9tudiant de cycles sup\u00e9rieurs pr\u00e9sent\u00e9e au congr\u00e8s.<\/h4>\n<p>Toute \u00e9tudiante ou tout \u00e9tudiant de cycles sup\u00e9rieurs d\u00e9sirant pr\u00e9senter sa candidature pour le congr\u00e8s \u00e0 venir doit soumettre pour le<strong> 1<sup>er<\/sup> mai pr\u00e9c\u00e9dant chaque congr\u00e8s <\/strong>\u00e0 la <a href=\"mailto:secretaire@cief.org\">secretaire tr\u00e9sori\u00e8re<\/a> un exemplaire num\u00e9ris\u00e9 de sa communication (en format Word ou RTF pour Windows) par courriel. Cet envoi doit \u00eatre accompagn\u00e9 d&rsquo;une preuve de l\u2019acceptation de la communication dans une session du congr\u00e8s CI\u00c9F (nom et date de la session). Pour \u00eatre retenue, la communication doit comporter environ 3\u00a0000 mots, sans compter les notes et la bibliographie (les communications d\u00e9passant 3\u00a0200 mots ne seront pas retenues). L\u2019annonce de la laur\u00e9ate ou du laur\u00e9at se fait lors du congr\u00e8s.<\/p>\n<p>Pour \u00eatre \u00e9ligible, les \u00e9tudiant.e.s de cycles sup\u00e9rieurs doivent 1) pr\u00e9senter leur communication en personne au congr\u00e8s, et 2) \u00eatre pr\u00e9sents \u00e0 l&rsquo;Assembl\u00e9e G\u00e9n\u00e9rale pour la remise du Prix. La laur\u00e9ate ou le laur\u00e9at du Prix Jeune Chercheur est ensuite invit\u00e9e ou invit\u00e9 \u00e0 soumettre son essai, sous forme d\u2019article, \u00e0 la revue scientifique du CI\u00c9F, <a title=\"NEF\" href=\"https:\/\/secure.cief.org\/wp\/?page_id=151\"><em>Nouvelles \u00c9tudes Francophones<\/em><\/a>.<\/p>\n<p><strong>CI\u00c9F\/Prix Jeune Chercheur<br \/>\n<\/strong>Carla Calarg\u00e9, secr\u00e9taire tr\u00e9sori\u00e8re<br \/>\n<a href=\"mailto:secretaire@cief.org\">Courriel<\/a> (cliquez le lien \u00e0 gauche)<\/p>\n<ul>\n<li>Prix Jeune Chercheur 2025 : <strong>Cecelia Ramsey\u00a0<\/strong>(Princeton University), \u00ab \u00ab\u00a0Comps\u00a0\u00bb : pr\u00e9senter les auteur\u2219es francophones aux lecteur\u2219ices anglophones. \u00bb<\/li>\n<li>Prix Jeune Chercheur 2024 : <strong>Loic Million<\/strong> (Simon Fraser University), \u00ab\u00a0L\u2019inhumain queer et la (n\u00e9cro)politique du deuil dans <em>De purs hommes<\/em> de Mbougar Sarr\u00a0\u00bb (Congr\u00e8s de Moncton)<\/li>\n<li>Prix Jeune Chercheur 2023 : <strong>Lillian Fontaine<\/strong> (Universit\u00e9 d&rsquo;Oxford), \u00ab\u00a0Contre l\u2019identit\u00e9 nationale : Les spectres interculturels et intertextuels dans l\u2019\u0153uvre de Salim Bachi\u00a0\u00bb (Congr\u00e8s d&rsquo;Hammamet, Tunisie)<\/li>\n<li>Prix Jeune Chercheur 2022 : Non attribu\u00e9 (Congr\u00e8s de Trente)<\/li>\n<li>Prix Jeune Chercheur 2021 : <strong>Felicia Cucuta <\/strong>(Universit\u00e9 Harvard), \u00ab\u00a0Voix diasporique en confinement et \u00e9thique du care dans les performances pand\u00e9miques de Wadji Mouawad\u00a0\u00bb (Congr\u00e8s en ligne)<\/li>\n<li>Prix Jeune Chercheur 2020 : Non attribu\u00e9\u00a0 (congr\u00e8s annul\u00e9)<\/li>\n<li>Mention Honorable 2019 : <strong>Sandra Kirollos<\/strong> (Universit\u00e9 Paris-Cr\u00e9teil), \u00ab\u00a0En sortant de la marginalit\u00e9 sociale: le (contre-)pouvoir de la figure de la femme dans les litt\u00e9ratures et cin\u00e9mas africains\u00a0\u00bb (Congr\u00e8s d&rsquo;Ottawa)<\/li>\n<li>Prix Jeune Chercheur 2018 : <strong>Aur\u00e9lie Matheron<\/strong> (Pennsylvania State University), \u00ab\u00a0Crise environnementale au S\u00e9n\u00e9gal : l&rsquo;\u00e9cologie mystique de Fabrice Monteiro\u00a0\u00bb (Congr\u00e8s de la Rochelle)<\/li>\n<li>Prix Jeune Chercheur 2017 : <strong>Julia Galmiche<\/strong> (Universit\u00e9 de Toronto), \u00ab\u00a0Avoir, savoir, pouvoir ou la cr\u00e9ation d&rsquo;un nouvel espace po\u00e9tique, spatial et temporel\u00a0\u00bb (Congr\u00e8s de Martinique)<\/li>\n<li>Prix Jeune Chercheur 2016 : <strong>Ariane Gibeau <\/strong>(Universit\u00e9 du Qu\u00e9bec \u00e0 Montr\u00e9al), \u00ab\u00a0Imaginaire de la d\u00e9vastation et \u00e9criture de l\u2019exc\u00e8s dans <em>Fleurs de crachat<\/em> de Catherine Mavrikakis et <em>Game Over <\/em>de Martyne Rondeau\u00a0\u00bb (Congr\u00e8s de Saly-Portudal, S\u00e9n\u00e9gal)<\/li>\n<li>Prix Jeune Chercheur 2014 : <strong>Marie Bult\u00e9<\/strong> (Universit\u00e9 de Rennes II), \u00ab\u00a0Guerre civile et exil: po\u00e9tique de l&rsquo;errance chez Wilfried N&rsquo;Sond\u00e9 et Abdourahman Wab\u00e9ri\u00a0\u00bb (Congr\u00e8s de San Francisco)<\/li>\n<li>Prix Jeune Chercheur 2013 : <strong>Justine Feyereisen<\/strong> (Universit\u00e9 Libre de Bruxelles), \u00ab\u00a0Maurice en h\u00e9ritage : les descriptions dans l&rsquo;oeuvre de J.-M.G. Le Cl\u00e9zio\u00a0\u00bb (Congr\u00e8s de Maurice)<\/li>\n<li>Prix Jeune Chercheur 2012 : <strong>Nicoletta Armentano <\/strong>(Universit\u00e9 des \u00c9tudes de Sienne), \u00ab\u00a0Le Fils prodigue de Wajdi Mouawad ou la sc\u00e8ne comme lieu de m\u00e9moire\u00a0\u00bb (Congr\u00e8s de Thessalonique)<\/li>\n<li>Prix Jeune Chercheur 2011 : <strong>Sylvain Dournel<\/strong>, Universit\u00e9 Paris IV &#8211; La Sorbonne, \u00ab\u00a0Au th\u00e9\u00e2tre du po\u00e8me: la sc\u00e8ne-monde de Saint-John Perse\u00a0\u00bb (Congr\u00e8s d&rsquo;Aix-en-Provence)<\/li>\n<\/ul>\n<p>\u00c0 noter, le Prix \u00e9tudiant a \u00e9t\u00e9 renomm\u00e9 Prix Jeune Chercheur en 2011, \u00e0 la suite d\u2019un vote de l&rsquo;Assembl\u00e9e g\u00e9n\u00e9rale \u00e0 Montr\u00e9al en 2010.<\/p>\n<ul>\n<li>Prix \u00c9tudiant 2010 : <strong>Fabien Arribert-Narce, <\/strong>University of Kent et Universit\u00e9 Paris 3, \u00ab\u00a0Une gu\u00e9rilla contre le temps : les archives photobiographiques de Denis Roche\u00a0\u00bb (Congr\u00e8s de Montr\u00e9al).<\/li>\n<li>Prix \u00c9tudiant 2009 : <strong>Markus Arnold<\/strong>, universit\u00e9 de la R\u00e9union et Universit\u00e4t Regensburg, \u00ab\u00a0Les Hi\u00e9rarchies socio-\u00e9conomiques et ethniques \u00e0 l\u2019\u00eele Maurice: homog\u00e9n\u00e9it\u00e9s et ruptures \u00e0 travers l\u2019identit\u00e9 des Franco-Mauriciens (congr\u00e8s de La Nouvelle-Orl\u00e9ans).<\/li>\n<li>Prix \u00c9tudiant 2008 : <strong>Paul Tour\u00e9<\/strong>, University of Cincinnati, \u00ab\u00a0<em>L&rsquo;A\u00een\u00e9 des orphelins<\/em> de Tierno Monemembo et l&rsquo;\u00e9criture de la m\u00e9moire traumatique\u00a0\u00bb (congr\u00e8s de Limoges).<\/li>\n<li>Le Prix \u00c9tudiant n&rsquo;a pas \u00e9t\u00e9 remis en 2007.<\/li>\n<li>Prix \u00c9tudiant 2006 : <strong>Ramon Abelin Fonkoue<\/strong>, University of Oregon, \u00ab\u00a0Voix de femmes et figures du m\u00e2l(e) en litt\u00e9rature francophone: Nicole Brossard et Maryse Cond\u00e9\u00a0\u00bb (congr\u00e8s de Sina\u00efa).<\/li>\n<li>Prix \u00c9tudiant 2005 : <strong>Thomas Besch<\/strong>, Universit\u00e9 de Louisiane \u00e0 Lafayette, \u00ab\u00a0Sexe, crime et r\u00e9silience dans <em>Le Ch\u00e2timent des hypocrites<\/em> de Le\u00efla Marouane\u00a0\u00bb (congr\u00e8s d&rsquo;Ottawa-Gatineau).<\/li>\n<li>Prix \u00c9tudiant 2004 : <strong>Susan Dixon<\/strong>, Universit\u00e9 Paris VIII et Rutgers University, \u00ab\u00a0\u2018Faudrait-il le dire \u00e0 vous, \u00c9tranger?\u2019: L&rsquo;Interculturel dans <em>Vingt Ans<\/em> de Nguy\u00ean Duc Giang\u00a0\u00bb (congr\u00e8s de Li\u00e8ge).<\/li>\n<li>Prix \u00c9tudiant 2003 : <strong>Pierre-Louis Fort<\/strong>, Universit\u00e9 Paris 7, \u00ab\u00a0\u00c0 l&rsquo;\u00e9preuve de la photo: Sensibilit\u00e9 ancienne et moderne chez Annie Ernaux\u00a0\u00bb (congr\u00e8s de La Nouvelle Orl\u00e9ans; communication parue sous forme d&rsquo;article dans <em>Nouvelles \u00c9tudes Francophones<\/em>, vol. 20.1).<\/li>\n<li>Prix \u00c9tudiant 2001 : <strong>Joubert Satyre<\/strong>, Universit\u00e9 de Montr\u00e9al, \u00ab\u00a0Le Baroque dans l&rsquo;oeuvre d&rsquo;Ollivier: Th\u00e9\u00e2tre et ostentation dans <em>M\u00e8re Solitude<\/em>\u00a0\u00bb (congr\u00e8s de Portland, Maine).<\/li>\n<li>Prix \u00c9tudiant 1992 : <strong>Mariana Ionescu<\/strong><em>, \u00ab\u00a0<\/em>La tradition orale dans les r\u00e9cits de Pana\u00eft Istrati<em>\u00a0\u00bb <\/em>(Congr\u00e8s de Strasbourg).<\/li>\n<\/ul>\n","protected":false},"excerpt":{"rendered":"<p>Le CI\u00c9F accorde une bourse de 600 $ US pour la meilleure communication d&rsquo;\u00e9tudiante ou \u00e9tudiant de cycles sup\u00e9rieurs pr\u00e9sent\u00e9e au congr\u00e8s. Toute \u00e9tudiante ou tout \u00e9tudiant de cycles sup\u00e9rieurs d\u00e9sirant pr\u00e9senter sa candidature pour le congr\u00e8s \u00e0 venir doit soumettre pour le 1er mai pr\u00e9c\u00e9dant chaque congr\u00e8s \u00e0 la secretaire tr\u00e9sori\u00e8re un exemplaire num\u00e9ris\u00e9 [&hellip;]<\/p>\n","protected":false},"author":1,"featured_media":0,"parent":265,"menu_order":0,"comment_status":"closed","ping_status":"open","template":"page-congres.php","meta":{"footnotes":""},"categories":[4],"tags":[],"class_list":["post-103","page","type-page","status-publish","hentry","category-cief"],"_links":{"self":[{"href":"https:\/\/secure.cief.org\/wp\/index.php?rest_route=\/wp\/v2\/pages\/103","targetHints":{"allow":["GET"]}}],"collection":[{"href":"https:\/\/secure.cief.org\/wp\/index.php?rest_route=\/wp\/v2\/pages"}],"about":[{"href":"https:\/\/secure.cief.org\/wp\/index.php?rest_route=\/wp\/v2\/types\/page"}],"author":[{"embeddable":true,"href":"https:\/\/secure.cief.org\/wp\/index.php?rest_route=\/wp\/v2\/users\/1"}],"replies":[{"embeddable":true,"href":"https:\/\/secure.cief.org\/wp\/index.php?rest_route=%2Fwp%2Fv2%2Fcomments&post=103"}],"version-history":[{"count":25,"href":"https:\/\/secure.cief.org\/wp\/index.php?rest_route=\/wp\/v2\/pages\/103\/revisions"}],"predecessor-version":[{"id":300330,"href":"https:\/\/secure.cief.org\/wp\/index.php?rest_route=\/wp\/v2\/pages\/103\/revisions\/300330"}],"up":[{"embeddable":true,"href":"https:\/\/secure.cief.org\/wp\/index.php?rest_route=\/wp\/v2\/pages\/265"}],"wp:attachment":[{"href":"https:\/\/secure.cief.org\/wp\/index.php?rest_route=%2Fwp%2Fv2%2Fmedia&parent=103"}],"wp:term":[{"taxonomy":"category","embeddable":true,"href":"https:\/\/secure.cief.org\/wp\/index.php?rest_route=%2Fwp%2Fv2%2Fcategories&post=103"},{"taxonomy":"post_tag","embeddable":true,"href":"https:\/\/secure.cief.org\/wp\/index.php?rest_route=%2Fwp%2Fv2%2Ftags&post=103"}],"curies":[{"name":"wp","href":"https:\/\/api.w.org\/{rel}","templated":true}]}}