{"id":112,"date":"2014-01-28T16:40:12","date_gmt":"2014-01-28T16:40:12","guid":{"rendered":"https:\/\/secure.cief.org\/wp\/?page_id=112"},"modified":"2025-01-11T16:29:47","modified_gmt":"2025-01-11T16:29:47","slug":"revue-scientifique-nef","status":"publish","type":"page","link":"https:\/\/secure.cief.org\/wp\/?page_id=112","title":{"rendered":"Revue scientifique NEF"},"content":{"rendered":"<h2 class=\"title\">Bienvenue sur le site de NEF, revue scientifique publi\u00e9e par le Conseil International d\u2019\u00c9tudes Francophones<\/h2>\n<p><em>Nou<img loading=\"lazy\" decoding=\"async\" class=\"size-full wp-image-340 alignleft\" src=\"https:\/\/secure.cief.org\/wp\/wp-content\/uploads\/2014\/04\/NEF_22-2.jpg\" alt=\"NEF_22-2\" width=\"133\" height=\"202\" \/>velles \u00c9tudes Francophones<\/em> (NEF), ISSN 1552-3152, est la revue officielle du <a href=\"http:\/\/secure.cief.org\/wp\/\">Conseil International d\u2019\u00c9tudes Francophones<\/a> (CI\u00c9F).<\/p>\n<p>Revue scientifique biannuelle de langue fran\u00e7aise, NEF diffuse la recherche dans les domaines de la langue fran\u00e7aise, de la litt\u00e9rature, des arts, des sciences sociales, de la culture et de la civilisation des pays et r\u00e9gions francophones.<\/p>\n<p>NEF est publi\u00e9e par les <a href=\"https:\/\/nebraskapressjournals.unl.edu\/journal\/nouvelles-Etudes-francophones\/\" target=\"_blank\" rel=\"noopener\">Presses Universitaires du Nebraska<\/a>. Elle est distribu\u00e9e mondialement aux membres actifs du CI\u00c9F, aux biblioth\u00e8ques, aux organismes priv\u00e9s et gouvernementaux, et aux associations savantes . La revue est \u00e9galement disponible dans <a href=\"http:\/\/muse.jhu.edu\/about\/muse\/index.html\">Project Muse<\/a>, est index\u00e9e par le <a href=\"http:\/\/www.mla.org\/bib_periodicals\"><em>MLA Directory of Periodicals<\/em><\/a> et elle est membre du \u00ab\u00a0<a href=\"http:\/\/www.celj.org\/\">Council of Editors of Learned Journals<\/a>\u00a0\u00bb (CELJ)<\/p>\n<p>Le num\u00e9ro 19.2 (automne 2004), le premier \u00e0 para\u00eetre sous le nouveau titre NEF, continue la s\u00e9rie publi\u00e9e sous l\u2019ancien titre <em>\u00c9tudes Francophones<\/em>.<\/p>\n<h3>Bref Historique<\/h3>\n<p>La revue scientifique du CI\u00c9F a inaugur\u00e9 son pr\u00e9sent format \u00e0 la publication du num\u00e9ro d&rsquo;automne 2004 (vol. 19, no. 2).<\/p>\n<p>Au <a href=\"http:\/\/cief.org\/congres\/2004\/\">congr\u00e8s 2004 de Li\u00e8ge<\/a>, la Pr\u00e9sidente du CI\u00c9F, <strong>Catherine Perry<\/strong>, a \u00e9t\u00e9 nomm\u00e9e r\u00e9dactrice par int\u00e9rim et a \u00e9t\u00e9 ensuite confirm\u00e9e dans la fonction de r\u00e9dactrice en chef au <a href=\"http:\/\/cief.org\/congres\/2005\/\">congr\u00e8s 2005 d&rsquo;Ottawa-Gatineau<\/a> pour un mandat de trois ans (2005-2008). Au <a href=\"http:\/\/cief.org\/congres\/2008\/\">congr\u00e8s 2008 de Limoges<\/a>, elle a accept\u00e9 de reconduire ce mandat d&rsquo;une ann\u00e9e suppl\u00e9mentaire. Au cours de ces cinq ann\u00e9es, Catherine Perry a \u00e9galement assur\u00e9 la r\u00e9alisation et la diffusion de NEF. Peu apr\u00e8s le <a href=\"http:\/\/cief.org\/congres\/2009\/\">congr\u00e8s de La Nouvelle-Orl\u00e9ans<\/a>, en juillet 2009, <strong>Hafid Gafa\u00efti<\/strong> a \u00e9t\u00e9 nomm\u00e9 r\u00e9dacteur en chef par vote unanime du Conseil d&rsquo;Administration, et <strong>Nadia Harris<\/strong> s&rsquo;est jointe \u00e0 l&rsquo;\u00e9quipe de r\u00e9daction en tant que r\u00e9dactrice adjointe. Catherine Perry a continu\u00e9 \u00e0 servir la revue pendant un an en tant que r\u00e9dactrice-conseil afin d&rsquo;assister le nouveau r\u00e9dacteur dans ses fonctions. En mars 2010, le CIEF a pass\u00e9 des accords avec les <a href=\"http:\/\/www.nebraskapress.unl.edu\/product\/Nouvelles-%C3%89tudes-Francophones,674767.aspx\">Presses Universitaires du Nebraska<\/a> (UNP) qui assurent d\u00e9sormais la production technique et la diffusion de la revue afin de permettre au comit\u00e9 de r\u00e9daction du CIEF de se consacrer exclusivement \u00e0 sa mission \u00e9ditoriale. Au <a href=\"http:\/\/cief.org\/congres\/2011\/index.html\">congr\u00e8s d&rsquo;Aix-en-Provence<\/a>, en juin 2011, <strong>Stephen Bishop<\/strong> a \u00e9t\u00e9 confirm\u00e9 comme r\u00e9dacteur en chef et <strong><a href=\"mailto:eloise.brezault@cief.org\" target=\"_blank\" rel=\"noopener\">\u00c9lo\u00efse Brezault<\/a><\/strong> devient r\u00e9dactrice adjointe en septembre 2011. <a href=\"http:\/\/cief.org\/congres\/2013\/index.html\">Au congr\u00e8s de Maurice<\/a> <strong>Val\u00e9rie Magdelaine-Andrianjafitrimo <\/strong>accepte de devenir r\u00e9dactrice adjointe et en juin 2014, lors du congr\u00e8s de San Francisco, elle est confirm\u00e9e dans ses fonctions de r\u00e9dactrice en chef de la revue. Depuis 2021,\u00a0<a href=\"mailto:redactrice@cief.org\"><strong>Alexandra Gueydan-Turek<\/strong><\/a>\u00a0dirige la revue; elle est second\u00e9e par <a href=\"mailto:jboissonneault@laurentian.ca\"><strong>Julie Boissonneault<\/strong><\/a>, r\u00e9dactrice en chef adjointe depuis f\u00e9vrier 2022, et <a href=\"mailto:ichatzidimitriou@muhlenberg.edu\"><strong>Ioanna Chatzidimitriou<\/strong><\/a>, r\u00e9dactrice adjointe depuis mars 2023.<\/p>\n<p>Durant le mandat de\u00a0<strong>Jean Levasseur<\/strong>, directeur des recensions et comptes rendus de NEF de 2004 \u00e0 2007, une \u00e9quipe de r\u00e9dacteurs et r\u00e9dactrices s&rsquo;est \u00e9tablie qui assure d\u00e9sormais les recensions et comptes rendus dans toutes les aires de la francophonie ainsi que dans les genres du cin\u00e9ma, du th\u00e9\u00e2tre et de la litt\u00e9rature de jeunesse. En 2008\u00a0<strong>Mark Andrews<\/strong> assure la fonction de directeur des recensions et comptes rendus par int\u00e9rim. <a href=\"http:\/\/cief.org\/congres\/2009\/index.html\">Au congr\u00e8s de La Nouvelle-Orl\u00e9ans<\/a>, en 2009, <strong>Mana Derakhshani<\/strong>, de Saint Mary&rsquo;s College aux USA, a \u00e9t\u00e9 confirm\u00e9e dans la fonction de directrice des recensions et comptes rendus. Avant de prendre la direction de la revue,\u00a0<strong>Val\u00e9rie-Magdelaine-Andrianjafitrimo<\/strong> a assum\u00e9 le r\u00f4le de directrice des recensions et comptes rendus de 2012 \u00e0 2014 poste qui est pris en charge par <strong>Alexandra Gueydan-Turek<\/strong>, <span class=\"ContentPasted2\"><span class=\"ContentPasted3\">avant qu&rsquo;elle ne devienne r\u00e9dactrice adjointe en 2020 et r\u00e9dactrice en chef en 2021. Depuis 2020, la direction des recensions est assur\u00e9e par <a href=\"recensions@nef.org\"><strong>Bruno Emmanuel Jean-Fran\u00e7ois<\/strong><\/a>.<\/span><\/span><\/p>\n<h3>Abonnements et publicit\u00e9<\/h3>\n<p>Les membres actifs du CI\u00c9F sont abonn\u00e9s automatiquement aux deux revues annuelles publi\u00e9es par le CI\u00c9F. Pour les services suivants:<\/p>\n<ul>\n<li>abonnements de non-membres<\/li>\n<li>achats d&rsquo;encarts publicitaires<\/li>\n<li>commandes de num\u00e9ros r\u00e9cents et d&rsquo;articles individuels<\/li>\n<\/ul>\n<p>veuillez contacter directement les <a href=\"https:\/\/nebraskapressjournals.unl.edu\/journal\/nouvelles-Etudes-francophones\/\" target=\"_blank\" rel=\"noopener\">Presses Universitaires du Nebraska<\/a>.<\/p>\n","protected":false},"excerpt":{"rendered":"<p>Bienvenue sur le site de NEF, revue scientifique publi\u00e9e par le Conseil International d\u2019\u00c9tudes Francophones Nouvelles \u00c9tudes Francophones (NEF), ISSN 1552-3152, est la revue officielle du Conseil International d\u2019\u00c9tudes Francophones (CI\u00c9F). Revue scientifique biannuelle de langue fran\u00e7aise, NEF diffuse la recherche dans les domaines de la langue fran\u00e7aise, de la litt\u00e9rature, des arts, des sciences [&hellip;]<\/p>\n","protected":false},"author":1,"featured_media":0,"parent":0,"menu_order":0,"comment_status":"closed","ping_status":"open","template":"page-nef.php","meta":{"footnotes":""},"categories":[5],"tags":[],"class_list":["post-112","page","type-page","status-publish","hentry","category-nef"],"_links":{"self":[{"href":"https:\/\/secure.cief.org\/wp\/index.php?rest_route=\/wp\/v2\/pages\/112","targetHints":{"allow":["GET"]}}],"collection":[{"href":"https:\/\/secure.cief.org\/wp\/index.php?rest_route=\/wp\/v2\/pages"}],"about":[{"href":"https:\/\/secure.cief.org\/wp\/index.php?rest_route=\/wp\/v2\/types\/page"}],"author":[{"embeddable":true,"href":"https:\/\/secure.cief.org\/wp\/index.php?rest_route=\/wp\/v2\/users\/1"}],"replies":[{"embeddable":true,"href":"https:\/\/secure.cief.org\/wp\/index.php?rest_route=%2Fwp%2Fv2%2Fcomments&post=112"}],"version-history":[{"count":23,"href":"https:\/\/secure.cief.org\/wp\/index.php?rest_route=\/wp\/v2\/pages\/112\/revisions"}],"predecessor-version":[{"id":289080,"href":"https:\/\/secure.cief.org\/wp\/index.php?rest_route=\/wp\/v2\/pages\/112\/revisions\/289080"}],"wp:attachment":[{"href":"https:\/\/secure.cief.org\/wp\/index.php?rest_route=%2Fwp%2Fv2%2Fmedia&parent=112"}],"wp:term":[{"taxonomy":"category","embeddable":true,"href":"https:\/\/secure.cief.org\/wp\/index.php?rest_route=%2Fwp%2Fv2%2Fcategories&post=112"},{"taxonomy":"post_tag","embeddable":true,"href":"https:\/\/secure.cief.org\/wp\/index.php?rest_route=%2Fwp%2Fv2%2Ftags&post=112"}],"curies":[{"name":"wp","href":"https:\/\/api.w.org\/{rel}","templated":true}]}}