{"id":115,"date":"2014-01-28T16:41:16","date_gmt":"2014-01-28T16:41:16","guid":{"rendered":"https:\/\/secure.cief.org\/wp\/?page_id=115"},"modified":"2025-05-28T15:44:58","modified_gmt":"2025-05-28T15:44:58","slug":"comite-de-redaction","status":"publish","type":"page","link":"https:\/\/secure.cief.org\/wp\/?page_id=115","title":{"rendered":"L\u2019\u00e9quipe de NEF"},"content":{"rendered":"<h3>La publication de NEF est assur\u00e9e par un Comit\u00e9 de R\u00e9daction, et un Comit\u00e9 des Recensions et Comptes rendus.<\/h3>\n<h2>Comit\u00e9 de R\u00e9daction<\/h2>\n<p><strong>R\u00e9dactrice en chef\u00a0\u00a0<\/strong><br \/>\n<a href=\"mailto:redactrice@cief.org\">Alexandra Gueydan-Turek<\/a><em>, Swarthmore College, \u00c9tats-Unis<\/em><\/p>\n<p><strong>R\u00e9dactrice en chef adjointe<\/strong><br \/>\n<a href=\"mailto:redactrice@cief.org\">Julie Boissonneault<\/a>, <em>Universit\u00e9 Laurentienne, Canada<br \/>\n<\/em><\/p>\n<p><strong>R\u00e9dactrice adjointe\u00a0\u00a0\u00a0<\/strong><br \/>\n<a href=\"mailto:ichatzidimitriou@muhlenberg.edu\">Ioanna Chatzidimitriou<\/a>, <em>Muhlenberg College, \u00c9tats-Unis<\/em><\/p>\n<p><strong>Assistante de r\u00e9daction<\/strong><br \/>\nElke Defever<b>, <\/b><i>Indiana University Bloomington<\/i><b><i>, <\/i><\/b><i>\u00c9tats-Unis<\/i><\/p>\n<p><strong>Directeur des Recensions et Comptes rendus<\/strong><br \/>\n<a href=\"mailto:recensions.nef@cief.org\">Emmanuel Bruno Jean-Fran\u00e7ois<\/a>, <em>Pennsylvania State University, \u00c9tats-Unis<\/em><\/p>\n<h2>Comit\u00e9 des comptes rendus critiques et des recensions<\/h2>\n<p><strong>Afrique du Nord et Mashreq<\/strong>:<br \/>\n<a href=\"mailto:hachad@american.edu\">Na\u00efma Hachad<\/a>, <i>American University, \u00c9tats-Unis<\/i><\/p>\n<p><strong>Afrique Subsaharienne<\/strong>:<br \/>\n<a href=\"mailto:sow@ufl.edu\">Alioune Sow<\/a><em><i>, Universit\u00e9 de Floride, \u00c9tats-Unis<\/i><\/em><\/p>\n<p><strong>Am\u00e9rique du Nord<\/strong>:<br \/>\n<a href=\"mailto:defraeye@stu.ca\">Julien Defraeye<\/a><em>, <\/em><em>St. Thomas University, Canada <\/em>(\u00e0 partir du num\u00e9ro 38.2)<\/p>\n<p><strong>Cara\u00efbe<\/strong>:<br \/>\n<a href=\"mailto:jegoussoj@hollins.edu\">Jeanne Jegousso<\/a>, <em><i>Hollins University, France<\/i><\/em><\/p>\n<p><strong>Cin\u00e9ma<\/strong>:<br \/>\n<a href=\"mailto:eponnou@ilstu.edu\">Erin Tremblay Ponnou-Delaffon<\/a>, <em>Illinois State <\/em><em>University, \u00c9tats-Unis<\/em><\/p>\n<p><strong>Europe de l\u2019Ouest<\/strong>:<br \/>\n<a href=\"mailto:annabel_kim@fas.harvard.edu\">Annabel Kim<\/a><em>, Harvard University, \u00c9tats-Unis <\/em>(\u00e0 partir du No 37.2)<\/p>\n<p><strong>Oc\u00e9an Indien<\/strong>:<br \/>\n<a href=\"mailto:mxcomp@wm.edu\">Magali Compan<\/a>, <em>William and Mary University, \u00c9tats-Unis<\/em><\/p>\n<p><strong>Perspectives crois\u00e9es<\/strong>:<br \/>\n<a href=\"mailto:amathero@skidmore.edu\">Aur\u00e9lie Matheron<\/a>, <em>Skidmore College, \u00c9tats-Unis<\/em><\/p>\n<p><strong>Th\u00e9\u00e2tre<\/strong>:<br \/>\n<a href=\"mailto:agaut106@uottawa.ca\">Alexandre Gauthier<\/a><i>, Universit\u00e9 d\u2019Ottawa, Canada<\/i><\/p>\n","protected":false},"excerpt":{"rendered":"<p>La publication de NEF est assur\u00e9e par un Comit\u00e9 de R\u00e9daction, et un Comit\u00e9 des Recensions et Comptes rendus. Comit\u00e9 de R\u00e9daction R\u00e9dactrice en chef\u00a0\u00a0 Alexandra Gueydan-Turek, Swarthmore College, \u00c9tats-Unis R\u00e9dactrice en chef adjointe Julie Boissonneault, Universit\u00e9 Laurentienne, Canada R\u00e9dactrice adjointe\u00a0\u00a0\u00a0 Ioanna Chatzidimitriou, Muhlenberg College, \u00c9tats-Unis Assistante de r\u00e9daction Elke Defever, Indiana University Bloomington, \u00c9tats-Unis [&hellip;]<\/p>\n","protected":false},"author":1,"featured_media":0,"parent":112,"menu_order":0,"comment_status":"open","ping_status":"open","template":"page-nef.php","meta":{"footnotes":""},"categories":[5],"tags":[],"class_list":["post-115","page","type-page","status-publish","hentry","category-nef"],"_links":{"self":[{"href":"https:\/\/secure.cief.org\/wp\/index.php?rest_route=\/wp\/v2\/pages\/115","targetHints":{"allow":["GET"]}}],"collection":[{"href":"https:\/\/secure.cief.org\/wp\/index.php?rest_route=\/wp\/v2\/pages"}],"about":[{"href":"https:\/\/secure.cief.org\/wp\/index.php?rest_route=\/wp\/v2\/types\/page"}],"author":[{"embeddable":true,"href":"https:\/\/secure.cief.org\/wp\/index.php?rest_route=\/wp\/v2\/users\/1"}],"replies":[{"embeddable":true,"href":"https:\/\/secure.cief.org\/wp\/index.php?rest_route=%2Fwp%2Fv2%2Fcomments&post=115"}],"version-history":[{"count":48,"href":"https:\/\/secure.cief.org\/wp\/index.php?rest_route=\/wp\/v2\/pages\/115\/revisions"}],"predecessor-version":[{"id":296901,"href":"https:\/\/secure.cief.org\/wp\/index.php?rest_route=\/wp\/v2\/pages\/115\/revisions\/296901"}],"up":[{"embeddable":true,"href":"https:\/\/secure.cief.org\/wp\/index.php?rest_route=\/wp\/v2\/pages\/112"}],"wp:attachment":[{"href":"https:\/\/secure.cief.org\/wp\/index.php?rest_route=%2Fwp%2Fv2%2Fmedia&parent=115"}],"wp:term":[{"taxonomy":"category","embeddable":true,"href":"https:\/\/secure.cief.org\/wp\/index.php?rest_route=%2Fwp%2Fv2%2Fcategories&post=115"},{"taxonomy":"post_tag","embeddable":true,"href":"https:\/\/secure.cief.org\/wp\/index.php?rest_route=%2Fwp%2Fv2%2Ftags&post=115"}],"curies":[{"name":"wp","href":"https:\/\/api.w.org\/{rel}","templated":true}]}}