{"id":117,"date":"2014-01-28T16:41:43","date_gmt":"2014-01-28T16:41:43","guid":{"rendered":"https:\/\/secure.cief.org\/wp\/?page_id=117"},"modified":"2023-02-16T04:12:38","modified_gmt":"2023-02-16T04:12:38","slug":"comite-dhonneur-et-comite-scientifique","status":"publish","type":"page","link":"https:\/\/secure.cief.org\/wp\/?page_id=117","title":{"rendered":"Comit\u00e9 scientifique"},"content":{"rendered":"<p>Ginette Adamson, <em>Wichita State University, \u00c9tats-Unis<br \/>\n<\/em>Stephen Bishop, <em>University of New Mexico, \u00c9tats-Unis<\/em><br \/>\nCharles Bonn, <em>Universit\u00e9 Lumi\u00e8re Lyon 2, France<\/em><br \/>\nGa\u00ebtan Brulotte, <em>University of South Florida, \u00c9tats-Unis<\/em><br \/>\nArmelle Crouzi\u00e8res-Igenthron, <em>Middlebury College, \u00c9tats-Unis<br \/>\n<\/em>Hafid Gafaiti, <em>Texas Tech University, \u00c9tats-Unis<br \/>\n<\/em>Xavier Garnier, <em>Universit\u00e9 Sorbonne Nouvelle\u2014P<\/em><em>aris 3, France<em><br \/>\n<\/em><\/em>Simon Harel,<em> <em>Universit\u00e9 de Montr\u00e9al<\/em><em>, Canada<\/em><\/em><br \/>\nRachel Killick, <em>University of Leeds, Royaume-Uni<br \/>\n<\/em>Michel Laronde, <em>University of Iowa, \u00c9tats-Unis <\/em><br \/>\nVal\u00e9rie Magdelaine-Andrianjafitrimo<em>, Universit\u00e9 de la R\u00e9union<\/em><br \/>\nJean-Marc Moura,<em> <em>Universit\u00e9 Paris X\u2014Nanterre, France<\/em><\/em><br \/>\nBernard Mouralis, <em>Universit\u00e9 de Cergy-Pontoise, France<\/em><em><br \/>\n<\/em>Fran\u00e7ois Par\u00e9, <em><em>Universit\u00e9 de Waterloo, Canada<br \/>\n<\/em><\/em>Catherine Perry, <em>Universit\u00e9 of Notre Dame, \u00c9tats-Unis<em><br \/>\n<\/em><\/em>Tiphaine Samoyault,<em> <em>Universit\u00e9 Sorbonne Nouvelle\u2014Paris 3, France<\/em><br \/>\n<\/em>Alexie Tcheuyap, <em>Universit\u00e9 de Toronto, Canada<\/em><br \/>\nAlain Vuillemin, <em>Universit\u00e9 d\u2019Artois, France<\/em><\/p>\n","protected":false},"excerpt":{"rendered":"<p>Ginette Adamson, Wichita State University, \u00c9tats-Unis Stephen Bishop, University of New Mexico, \u00c9tats-Unis Charles Bonn, Universit\u00e9 Lumi\u00e8re Lyon 2, France Ga\u00ebtan Brulotte, University of South Florida, \u00c9tats-Unis Armelle Crouzi\u00e8res-Igenthron, Middlebury College, \u00c9tats-Unis Hafid Gafaiti, Texas Tech University, \u00c9tats-Unis Xavier Garnier, Universit\u00e9 Sorbonne Nouvelle\u2014Paris 3, France Simon Harel, Universit\u00e9 de Montr\u00e9al, Canada Rachel Killick, University of [&hellip;]<\/p>\n","protected":false},"author":1,"featured_media":0,"parent":112,"menu_order":0,"comment_status":"open","ping_status":"open","template":"page-nef.php","meta":{"footnotes":""},"categories":[5],"tags":[],"class_list":["post-117","page","type-page","status-publish","hentry","category-nef"],"_links":{"self":[{"href":"https:\/\/secure.cief.org\/wp\/index.php?rest_route=\/wp\/v2\/pages\/117","targetHints":{"allow":["GET"]}}],"collection":[{"href":"https:\/\/secure.cief.org\/wp\/index.php?rest_route=\/wp\/v2\/pages"}],"about":[{"href":"https:\/\/secure.cief.org\/wp\/index.php?rest_route=\/wp\/v2\/types\/page"}],"author":[{"embeddable":true,"href":"https:\/\/secure.cief.org\/wp\/index.php?rest_route=\/wp\/v2\/users\/1"}],"replies":[{"embeddable":true,"href":"https:\/\/secure.cief.org\/wp\/index.php?rest_route=%2Fwp%2Fv2%2Fcomments&post=117"}],"version-history":[{"count":20,"href":"https:\/\/secure.cief.org\/wp\/index.php?rest_route=\/wp\/v2\/pages\/117\/revisions"}],"predecessor-version":[{"id":222825,"href":"https:\/\/secure.cief.org\/wp\/index.php?rest_route=\/wp\/v2\/pages\/117\/revisions\/222825"}],"up":[{"embeddable":true,"href":"https:\/\/secure.cief.org\/wp\/index.php?rest_route=\/wp\/v2\/pages\/112"}],"wp:attachment":[{"href":"https:\/\/secure.cief.org\/wp\/index.php?rest_route=%2Fwp%2Fv2%2Fmedia&parent=117"}],"wp:term":[{"taxonomy":"category","embeddable":true,"href":"https:\/\/secure.cief.org\/wp\/index.php?rest_route=%2Fwp%2Fv2%2Fcategories&post=117"},{"taxonomy":"post_tag","embeddable":true,"href":"https:\/\/secure.cief.org\/wp\/index.php?rest_route=%2Fwp%2Fv2%2Ftags&post=117"}],"curies":[{"name":"wp","href":"https:\/\/api.w.org\/{rel}","templated":true}]}}