{"id":121,"date":"2014-01-28T16:42:33","date_gmt":"2014-01-28T16:42:33","guid":{"rendered":"https:\/\/secure.cief.org\/wp\/?page_id=121"},"modified":"2025-01-10T16:38:07","modified_gmt":"2025-01-10T16:38:07","slug":"soumission-darticles-et-protocole-de-redaction","status":"publish","type":"page","link":"https:\/\/secure.cief.org\/wp\/?page_id=121","title":{"rendered":"Protocole de r\u00e9daction"},"content":{"rendered":"<h3>1. Comptes rendus critiques<\/h3>\n<p>Les auteurs de comptes rendus pour la revue du CI\u00c9F sont pri\u00e9s de respecter le protocole de r\u00e9daction suivant:<\/p>\n<ul>\n<li>Longueur <em>optimum<\/em>: 1 000-2 000 mots;<\/li>\n<li>Mod\u00e8le de pr\u00e9sentation du texte (ne pas oublier l&rsquo;ISBN!):<br \/>\n<strong> Beaudoin, Daniel-Louis<\/strong>. <em>Portrait d&rsquo;une fille am\u00e8re. <\/em>Triptyque, 1994. ISBN 2-89031-189-9. 102 p.<\/li>\n<li>Texte double interligne, de pr\u00e9f\u00e9rence en police Times New Roman 12 points, en format Word pour PC;<\/li>\n<li>R\u00e9f\u00e9rences dans le texte entre parenth\u00e8ses, suivant les normes du MLA (Modern Language Association); cf. <em>MLA Style Manual<\/em>, Eighth Edition (2016), ou le <a href=\"https:\/\/www.mla.org\/MLA-Style\">site du MLA<\/a>, ou encore le site de Purdue University offrant des <a href=\"https:\/\/owl.purdue.edu\/owl\/research_and_citation\/mla_style\/mla_formatting_and_style_guide\/mla_formatting_and_style_guide.html\">instructions d\u00e9taill\u00e9es<\/a>.<\/li>\n<li><strong>Date de remise: 15 ao\u00fbt <\/strong>pour le num\u00e9ro d\u2019automne, <strong>15 f\u00e9vrier <\/strong>pour le num\u00e9ro de printemps.<\/li>\n<li>Faites parvenir votre compte rendu \u00e0 l\u2019adresse suivante: <a href=\"mailto:nef@cief.org\">nef@cief.org.<\/a> Un accus\u00e9 de r\u00e9ception vous sera envoy\u00e9 dans les 10 jours. Si cela n\u2019est pas fait, reprenez contact avec nous.<\/li>\n<\/ul>\n<h3>2. Articles<\/h3>\n<p><strong>Votre texte doit \u00eatre soumis en format Word via <a href=\"https:\/\/secure.cief.org\/wp\/formsoumission\/\">notre page s\u00e9curis\u00e9e<\/a><\/strong>; l\u2019article DOIT \u00eatre anonyme.<\/p>\n<p>La r\u00e9daction se r\u00e9serve le droit d\u2019apporter des modifications mineures dans votre texte; si vous d\u00e9sirez \u00eatre inform\u00e9.e de ces changements avant la parution de la revue, pri\u00e8re de <a href=\"mailto:redactrice@cief.org\">contacter la r\u00e9dactrice en chef<\/a>.<\/p>\n<p>Merci de suivre <a href=\"https:\/\/www2.library.ualberta.ca\/uploads\/BSJ\/MLA_aide_201208_dd.pdf\">les normes MLA<\/a>. Nous nous r\u00e9servons le droit de refuser un article ou un compte rendu si les normes ne sont pas respect\u00e9es.<\/p>\n<ul>\n<li>Longueur\u00a0<em>optimum <\/em>: 4 500\u20136 000 mots (r\u00e9sum\u00e9 de 150 mots, et bibliographie non compris) ;<\/li>\n<li>indiquer apr\u00e8s une citation le nom de l\u2019auteure ou de l&rsquo;auteur et la page (ou les pages) entre parenth\u00e8ses: (Camus 139); si l\u2019auteur(e) seul(e) est cit\u00e9(e) dans le texte, ins\u00e9rer uniquement les r\u00e9f\u00e9rences des pages dans le texte entre parenth\u00e8ses (245\u201346); si le titre est mentionn\u00e9 dans le texte qui pr\u00e9c\u00e8de imm\u00e9diatement la citation, n\u2019indiquer aussi que les pages (245\u201346); si le titre n\u2019est pas mentionn\u00e9 dans le texte et s\u2019il y a plusieurs ouvrages cit\u00e9s du m\u00eame auteur, indiquer le titre et la page sans ponctuation <em>(Malentendu <\/em>25) ;<\/li>\n<li>ins\u00e9rer les citations de plus de quatre lignes en retrait de 5 espaces et sans guillemets \u2013 attention:\u00a0 dans ce cas, la ponctuation finale se met avant la r\u00e9f\u00e9rence entre parenth\u00e8ses:<br \/>\n\u2013 exemple de citation courte, dans le corps du texte: Elle s\u2019octroie par la suite des titres divins comme \u201calpha et om\u00e9ga, le d\u00e9but et la fin de toute chose\u201d (Beyala 48).<br \/>\n\u2013 exemple de citation longue, en retrait:<\/li>\n<\/ul>\n<blockquote><p>J\u2019ai grandi en Afrique. Depuis ma plus tendre enfance, j\u2019ai baign\u00e9 dans cet univers o\u00f9 la nuit conditionne l\u2019\u00e9tape du jour, o\u00f9 les esprits habitent chaque parcelle de la vie, o\u00f9 les yeux ne voient pas que la r\u00e9alit\u00e9. Cet univers dans lequel j\u2019ai v\u00e9cu a conditionn\u00e9 ma perception des choses, mon \u00e9criture \u00e9galement. C\u2019est pourquoi les \u00e9crivains dont je me sens proche ne sont pas les Fran\u00e7ais, mais plut\u00f4t les \u00e9crivains latino-am\u00e9ricains qui ont, eux aussi, ce c\u00f4t\u00e9 baroque. (Beyala, \u201cL\u2019\u00c9criture dans la peau\u201d 44\u201345)<\/p><\/blockquote>\n<ul>\n<li>indiquer la suppression d\u2019un passage dans une citation par trois points entre crochets, avec un espace ins\u00e9cable entre les points (s\u2019il y a un point dans le texte original qui s\u00e9pare deux phrases en ellipse, indiquer la position de ce point, soit avant soit apr\u00e8s l\u2019ellipse):<br \/>\n\u201cDans ce monde infernal, je n\u2019avais pour seul viatique que les mots. [. . .] c\u2019\u00e9taient eux qui m\u2019avaient en partie tout au moins, sauv\u00e9e de la d\u00e9ch\u00e9ance et de la folie\u201d (Guellouz 389\u201390).<\/li>\n<li>ne pas mettre d\u2019espace avant le point-virgule, le deux-points, le point d\u2019exclamation et le point d\u2019interrogation;<\/li>\n<li>ne pas mettre d\u2019espace ni apr\u00e8s un guillemet d\u2019ouverture ni avant un guillemet de fermeture;<\/li>\n<li>utiliser des guillemets typographiques \u201c \u201d si possible;<\/li>\n<li>ins\u00e9rer les titres de livres, revues, journaux, etc. en\u00a0<em>italique<\/em>;<\/li>\n<li>ins\u00e9rer les titres d\u2019ouvrages courts, tels que po\u00e8mes ou nouvelles, entre guillemets;<\/li>\n<li>donner la traduction des citations \u00e9trang\u00e8res en notes infrapaginales;<\/li>\n<li>mettre la r\u00e9f\u00e9rence \u00e0 une note apr\u00e8s la ponctuation: En dehors de l\u2019\u00eele, elle a int\u00e9ress\u00e9 Louis-\u00c9mile H\u00e9ry, qui la r\u00e9sume dans ses\u00a0<em>Esquisses africaines<\/em>,<sup>5<\/sup> et Mme F. de Pusy, qui la d\u00e9veloppe dans le\u00a0<em>Journal des demoiselles<\/em>.<sup>6<\/sup><\/li>\n<li>placer les notes en bas de page (et non pas \u00e0 la fin du document);<\/li>\n<li>n\u2019inclure dans les notes infrapaginales que des informations suppl\u00e9mentaires pour apporter des pr\u00e9cisions qui ne trouvent pas leur place dans le corps du propos. Les r\u00e9f\u00e9rences bibliographiques figureront uniquement dans la liste des Ouvrages cit\u00e9s, \u00e0 la fin de l\u2019article ;<\/li>\n<li>suivre les normes du MLA pour les titres fran\u00e7ais:<\/li>\n<\/ul>\n<p>\u2013 la majuscule n\u2019est employ\u00e9e que pour le premier mot du titre, les noms propres et, si le titre commence par un article, le premier substantif du titre (les adjectifs avant le premier substantif du titre prennent \u00e9galement une majuscule initiale):\u00a0<em>L\u2019Ami du peuple<\/em>;\u00a0<em>Le Petit Prince de Belleville<\/em>;\u00a0<em>Le Plus Beau D\u00e9sert du monde<\/em>;\u00a0<em>Un Amour de Swann<\/em>; mais:\u00a0<em>\u00c0 la recherche du temps perdu<\/em>;<\/p>\n<p>\u2013 le deux-points (:) et la pr\u00e9position \u201cou\u201d dans un titre sont consid\u00e9r\u00e9s comme un point, et par cons\u00e9quent le sous-titre suit les m\u00eames r\u00e8gles: <em>Femmes rebelles: Naissance d\u2019un nouveau roman africain au f\u00e9minin;<\/em><br \/>\n<em>\u2013 <\/em>mettre une majuscule \u00e0 tous les mots principaux dans les titres de revues:<em> Pr\u00e9sence Africaine<\/em>; <em>Nouvelles \u00c9tudes Francophones; La Revue des Deux Mondes ;<\/em><\/p>\n<ul>\n<li>placer la liste bibliographique dans les ouvrages cit\u00e9s en fin de texte (et non pas dans les notes en bas de page), en suivant attentivement les directions ci-dessus;<\/li>\n<li>citer les sources \u00e9lectroniques selon les directions du MLA, version 2016: donner le nom de l&rsquo;auteur(e) (si disponible), le titre du document, le nom du site, la date de parution du document sur le site (si celle-ci est indiqu\u00e9e), la URL, puis la date de consultation de ce site (Voir \u00e9galement les instructions du MLA, ou le site de Purdue University offrant des instructions d\u00e9taill\u00e9es):<\/li>\n<\/ul>\n<p>Laouyen, Mounir. \u201cL\u2019Autofiction: Une R\u00e9ception probl\u00e9matique.\u201d\u00a0<em>Fabula, la recherche en litt\u00e9rature<\/em>. 21 avr. 2004. www.fabula.org\/anciens_colloques\/frontieres\/208.php. Acc\u00e9d\u00e9 le 15 d\u00e9c. 2005.<\/p>\n<p>Beyala, Calixthe. \u201cCalixthe Beyala en toute franchise.\u201d Entretien avec St\u00e9phane Tchakam.\u00a0<em>Cameroon Tribune <\/em>8, jan. 2004. <em>Cameroon Info.Net<\/em>. Web. Acc\u00e9d\u00e9 le 10 d\u00e9c. 2005.<\/p>\n<ul>\n<li>suivre rigoureusement les normes de ponctuation du MLA, y compris les guillemets typographiques \u201c \u201d si possible:<\/li>\n<\/ul>\n<p>\u2013 pour une citation (ou un titre d\u2019article ou d\u2019ouvrage court, ou simplement des mots entre guillemets), le guillemet final se place apr\u00e8s la virgule ou le point, mais avant un point virgule:<br \/>\nexemple de titre d\u2019article: \u201cLes Banatais: Une Approche hongroise.\u201d<\/p>\n<p>\u2013 pour une citation suivie d\u2019une r\u00e9f\u00e9rence entre parenth\u00e8ses, placer le guillemet de fin de citation avant la r\u00e9f\u00e9rence:<br \/>\nD\u2019autres l\u00e9gendes comme celle des Amazones, \u201cfemmes guerri\u00e8res aux m\u0153urs pleines d\u2019exotisme et d\u2019\u00e9rotisme secret\u201d (Mouren-Lascaux 19\u201320), viennent \u00e9galement nourrir ce mythe.<\/p>\n<ul>\n<li>donner les pr\u00e9noms complets des auteurs (et non pas les initiales);<\/li>\n<li>dans le cas d\u2019articles dans des revues ou des journaux, pr\u00e9ciser le volume, le num\u00e9ro, l\u2019ann\u00e9e de la revue ou du journal, et les pages inclusives de l\u2019article:<\/li>\n<\/ul>\n<p>Gyurcsik, Margareta. \u201cPigeon vole: Intertextualit\u00e9 et m\u00e9tissage.\u201d\u00a0<em>Nouvelles \u00c9tudes Francophones, <\/em>vol. 1, printemps 2005, pp. 47\u201352.<\/p>\n<ul>\n<li>dans le cas d\u2019un essai paraissant dans un ouvrage (collectif ou non), pr\u00e9ciser les pages \u00e0 la fin de la r\u00e9f\u00e9rence:<\/li>\n<\/ul>\n<p>Reyes, Alina. \u201c2001, l\u2019odyss\u00e9e d\u2019\u00c9ros \u2013 entre monts et merveilles, r\u00e9pression et r\u00e9gression.\u201d Universit\u00e9 de tous les savoirs 6:\u00a0<em>Qu\u2019est-ce que la culture?, <\/em>\u00e9dit\u00e9 par Yves Michaud, Odile Jacob, 2001, pp. 383\u201393.<br \/>\n(Notez qu\u2019un point est utilis\u00e9 avant la r\u00e9f\u00e9rence des pages de l\u2019essai) ;<\/p>\n<p>\u2013 La r\u00e9daction inclusive: Puisque notre revue s\u2019adresse \u00e0 un lectorat international, nous recommandons aux auteures et auteurs de privil\u00e9gier soit la r\u00e9daction \u00e9pic\u00e8ne et inclusive (neutre), soit la f\u00e9minisation syntaxique (f\u00e9minin pr\u00e9c\u00e8de masculin + accord au masculin). Nous accepterons aussi la forme tronqu\u00e9e avec le point m\u00e9dian \u201c \u00b7\u00a0\u201d\u00a0avec son accord sous forme tronqu\u00e9e \u00e9galement. Quel que soit le choix des auteures et auteurs, ces derniers doivent assurer l&rsquo;uniformit\u00e9 de leurs travaux et s&rsquo;en tenir \u00e0 une seule pratique inclusive dans leur texte.<\/p>\n<p>Les innovations orthographiques, comme les pronoms neutres : iel, ille, al et ol, et autres modifications ne seront pas retenues pour des raisons de lisibilit\u00e9.<\/p>\n<p>&#8211;Figures et reproductions: Les figures (2 maximum par article, publi\u00e9es en demi page et en noir et blanc) doivent faire l\u2019objet d\u2019une \u00e9tude approfondie et pertinente, et seront cod\u00e9es dans le format photo (.jpg ou .png) en haute r\u00e9solution (600 dpi).  Une fois que l\u2019article est accept\u00e9 pour publication, il incombe \u00e0 l\u2019autrice ou l\u2019auteur d\u2019obtenir les droits de reproduction pour ces illustrations. Veuillez faire parvenir chaque figure s\u00e9par\u00e9ment  \u00e0 la r\u00e9daction, \u00e0 titre de document annexe. Veuillez aussi nous envoyer un document Word distinct intitul\u00e9 \u00ab alt text \u00bb avec un texte alternatif pour chaque image en plus de sa l\u00e9gende (<a href=\"https:\/\/secure.cief.org\/wp\/wp-content\/uploads\/2025\/01\/protocole_images.pdf\">cf. exemple)<\/a>. <\/p>\n","protected":false},"excerpt":{"rendered":"<p>1. Comptes rendus critiques Les auteurs de comptes rendus pour la revue du CI\u00c9F sont pri\u00e9s de respecter le protocole de r\u00e9daction suivant: Longueur optimum: 1 000-2 000 mots; Mod\u00e8le de pr\u00e9sentation du texte (ne pas oublier l&rsquo;ISBN!): Beaudoin, Daniel-Louis. Portrait d&rsquo;une fille am\u00e8re. Triptyque, 1994. ISBN 2-89031-189-9. 102 p. Texte double interligne, de pr\u00e9f\u00e9rence [&hellip;]<\/p>\n","protected":false},"author":1,"featured_media":0,"parent":112,"menu_order":0,"comment_status":"open","ping_status":"open","template":"page-nef.php","meta":{"footnotes":""},"categories":[5],"tags":[],"class_list":["post-121","page","type-page","status-publish","hentry","category-nef"],"_links":{"self":[{"href":"https:\/\/secure.cief.org\/wp\/index.php?rest_route=\/wp\/v2\/pages\/121","targetHints":{"allow":["GET"]}}],"collection":[{"href":"https:\/\/secure.cief.org\/wp\/index.php?rest_route=\/wp\/v2\/pages"}],"about":[{"href":"https:\/\/secure.cief.org\/wp\/index.php?rest_route=\/wp\/v2\/types\/page"}],"author":[{"embeddable":true,"href":"https:\/\/secure.cief.org\/wp\/index.php?rest_route=\/wp\/v2\/users\/1"}],"replies":[{"embeddable":true,"href":"https:\/\/secure.cief.org\/wp\/index.php?rest_route=%2Fwp%2Fv2%2Fcomments&post=121"}],"version-history":[{"count":34,"href":"https:\/\/secure.cief.org\/wp\/index.php?rest_route=\/wp\/v2\/pages\/121\/revisions"}],"predecessor-version":[{"id":288072,"href":"https:\/\/secure.cief.org\/wp\/index.php?rest_route=\/wp\/v2\/pages\/121\/revisions\/288072"}],"up":[{"embeddable":true,"href":"https:\/\/secure.cief.org\/wp\/index.php?rest_route=\/wp\/v2\/pages\/112"}],"wp:attachment":[{"href":"https:\/\/secure.cief.org\/wp\/index.php?rest_route=%2Fwp%2Fv2%2Fmedia&parent=121"}],"wp:term":[{"taxonomy":"category","embeddable":true,"href":"https:\/\/secure.cief.org\/wp\/index.php?rest_route=%2Fwp%2Fv2%2Fcategories&post=121"},{"taxonomy":"post_tag","embeddable":true,"href":"https:\/\/secure.cief.org\/wp\/index.php?rest_route=%2Fwp%2Fv2%2Ftags&post=121"}],"curies":[{"name":"wp","href":"https:\/\/api.w.org\/{rel}","templated":true}]}}