{"id":130,"date":"2014-01-28T16:49:04","date_gmt":"2014-01-28T16:49:04","guid":{"rendered":"https:\/\/secure.cief.org\/wp\/?page_id=130"},"modified":"2015-07-29T09:24:56","modified_gmt":"2015-07-29T09:24:56","slug":"bulletins-et-annonces","status":"publish","type":"page","link":"https:\/\/secure.cief.org\/wp\/?page_id=130","title":{"rendered":"Bulletins et annonces"},"content":{"rendered":"<h3 align=\"left\">Bulletin \u00e9lectronique du CI\u00c9F<\/h3>\n<p>Deux fois par mois (sauf durant les vacances de juillet et ao\u00fbt), le CI\u00c9F envoie un bulletin \u00e9lectronique aux anciens membres et membres actifs de l\u2019association par la liste de diffusion (soit plus de 1500 personnes). Ces bulletins contiennent des nouvelles des membres, des annonces de publications, des annonces de colloques, des appels \u00e0 communications ou \u00e0 contributions.<\/p>\n<p>Pour pouvoir diffuser des annonces, il faut \u00eatre membre actif du CI\u00c9F, pour l\u2019ann\u00e9e en cours (janvier \u00e0 d\u00e9cembre). Nous vous invitons \u00e0<a href=\"https:\/\/secure.cief.org\/wp\/?page_id=75\"> cr\u00e9er un compte si vous n\u2019\u00eates pas encore membre<\/a> de l\u2019association ou \u00e0 renouveler votre adh\u00e9sion, si ce n\u2019est d\u00e9j\u00e0 fait, en employant <a href=\"https:\/\/secure.cief.org\/wp\/formadhesion\/login.php\">le formulaire s\u00e9curis\u00e9<\/a> en ligne.<\/p>\n<p>Pour envoyer une annonce, veuillez utiliser les <a href=\"https:\/\/secure.cief.org\/wp\/?page_id=427\">formulaires suivants<\/a>. Vos informations seront ensuite diffus\u00e9es aux quelques 1500 abonn\u00e9s de la liste.<\/p>\n","protected":false},"excerpt":{"rendered":"<p>Bulletin \u00e9lectronique du CI\u00c9F Deux fois par mois (sauf durant les vacances de juillet et ao\u00fbt), le CI\u00c9F envoie un bulletin \u00e9lectronique aux anciens membres et membres actifs de l\u2019association par la liste de diffusion (soit plus de 1500 personnes). Ces bulletins contiennent des nouvelles des membres, des annonces de publications, des annonces de colloques, [&hellip;]<\/p>\n","protected":false},"author":1,"featured_media":0,"parent":0,"menu_order":0,"comment_status":"closed","ping_status":"open","template":"page-full.php","meta":{"footnotes":""},"categories":[4],"tags":[],"class_list":["post-130","page","type-page","status-publish","hentry","category-cief"],"_links":{"self":[{"href":"https:\/\/secure.cief.org\/wp\/index.php?rest_route=\/wp\/v2\/pages\/130","targetHints":{"allow":["GET"]}}],"collection":[{"href":"https:\/\/secure.cief.org\/wp\/index.php?rest_route=\/wp\/v2\/pages"}],"about":[{"href":"https:\/\/secure.cief.org\/wp\/index.php?rest_route=\/wp\/v2\/types\/page"}],"author":[{"embeddable":true,"href":"https:\/\/secure.cief.org\/wp\/index.php?rest_route=\/wp\/v2\/users\/1"}],"replies":[{"embeddable":true,"href":"https:\/\/secure.cief.org\/wp\/index.php?rest_route=%2Fwp%2Fv2%2Fcomments&post=130"}],"version-history":[{"count":8,"href":"https:\/\/secure.cief.org\/wp\/index.php?rest_route=\/wp\/v2\/pages\/130\/revisions"}],"predecessor-version":[{"id":524,"href":"https:\/\/secure.cief.org\/wp\/index.php?rest_route=\/wp\/v2\/pages\/130\/revisions\/524"}],"wp:attachment":[{"href":"https:\/\/secure.cief.org\/wp\/index.php?rest_route=%2Fwp%2Fv2%2Fmedia&parent=130"}],"wp:term":[{"taxonomy":"category","embeddable":true,"href":"https:\/\/secure.cief.org\/wp\/index.php?rest_route=%2Fwp%2Fv2%2Fcategories&post=130"},{"taxonomy":"post_tag","embeddable":true,"href":"https:\/\/secure.cief.org\/wp\/index.php?rest_route=%2Fwp%2Fv2%2Ftags&post=130"}],"curies":[{"name":"wp","href":"https:\/\/api.w.org\/{rel}","templated":true}]}}