{"id":199330,"date":"2022-06-30T07:35:00","date_gmt":"2022-06-30T07:35:00","guid":{"rendered":"https:\/\/secure.cief.org\/wp\/?page_id=199330"},"modified":"2023-07-05T11:59:36","modified_gmt":"2023-07-05T11:59:36","slug":"excursions","status":"publish","type":"page","link":"https:\/\/secure.cief.org\/wp\/?page_id=199330","title":{"rendered":"D\u00e9placements et Excursions"},"content":{"rendered":"<h3>Trajet Aeroport-Hammamet<\/h3>\n<p>L&rsquo;agence de voyage Belmo Travel a accept\u00e9 d&rsquo;organiser des navettes de transfert de l&rsquo;a\u00e9roport international de Tunis-Carthage \u00e0 l&rsquo;h\u00f4tel Le Royal et de l&rsquo;h\u00f4tel \u00e0 l&rsquo;a\u00e9roport au prix de 100 $ par personne par trajet. Les personnes qui d\u00e9sirent assurer un transfert sont pri\u00e9es de remplir <strong><a href=\"https:\/\/secure.cief.org\/wp\/wp-content\/uploads\/2023\/04\/Transfert_Bon-de-commande_of.docx\" target=\"_blank\" rel=\"noopener\">le formulaire de r\u00e9servation de transfert<\/a><\/strong> d\u00e8s que leurs billets d&rsquo;avion sont achet\u00e9s et de le retourner \u00e0 l&rsquo;adresse indiqu\u00e9e sur le formulaire. Vous n&rsquo;\u00eates pas tenus de payer maintenant. Cela se fera seulement au d\u00e9part de chaque trajet.<\/p>\n<hr \/>\n<p>Cette ann\u00e9e, le CI\u00c9F a choisi pour vous plusieurs excursions. Veuillez en prendre note en consultant les brochures ci-dessous. Vous y remarquerez que pour le week-end, vous avez le choix entre trois excursions et que celle du Sud commence le mardi 27. Notez que parce que l\u2019agence doit r\u00e9server les chambres d\u2019h\u00f4tel pour les deux derni\u00e8res excursions, la date limite pour les r\u00e9servations est le 15 mars. Au-del\u00e0 de cette date, le formulaire sera d\u00e9sactiv\u00e9.<\/p>\n<p>Mercredi 21 Juin : <a href=\"https:\/\/secure.cief.org\/wp\/wp-content\/uploads\/2023\/02\/Carthage-Sidi-Bou-Said_CIE\u0301F.pdf\" target=\"_blank\" rel=\"noopener\"><strong>Carthage &amp; Sidi Bou Sa\u00efd<\/strong><\/a><\/p>\n<p>Samedi 24 Juin\u00a0: <a href=\"https:\/\/secure.cief.org\/wp\/wp-content\/uploads\/2023\/02\/kairouan-el-djem_CIE\u0301F.pdf\" target=\"_blank\" rel=\"noopener\"><strong>Kairouan &amp; El Djem<\/strong><\/a><\/p>\n<p>Dimanche 25 juin\u00a0: <a href=\"https:\/\/secure.cief.org\/wp\/wp-content\/uploads\/2023\/02\/El-Kef_CIE\u0301F.pdf\" target=\"_blank\" rel=\"noopener\"><strong>El Kef<\/strong><\/a><\/p>\n<p>Samedi 24 et Dimanche 25 juin\u00a0: <a href=\"https:\/\/secure.cief.org\/wp\/wp-content\/uploads\/2023\/02\/Tabarka_CIE\u0301F.pdf\" target=\"_blank\" rel=\"noopener\"><strong>Tabarka<\/strong><\/a><\/p>\n<p>Du 27 au 30 juin : <a href=\"https:\/\/secure.cief.org\/wp\/wp-content\/uploads\/2023\/02\/Sud_CIE\u0301F.pdf\" target=\"_blank\" rel=\"noopener\"><strong>Le Sud<\/strong><\/a><\/p>\n<p>Pri\u00e8re de remplir le <a href=\"https:\/\/secure.cief.org\/wp\/wp-content\/uploads\/2023\/03\/CIE\u0301F_Excursion_Bon-de-commande_rev.docx\" rel=\"'noopener\"><strong>bon de commande<\/strong><\/a> (cliquer) et de l\u2019envoyer \u00e0 BELMO TRAVEL &amp; EVENTS : <a href=\"mailto:belmotravel@gmail.com\">belmotravel@gmail.com<\/a> En cas de probl\u00e8mes, pri\u00e8re aussi de les contacter directement.<\/p>\n<p>Notez que vous devez virer la somme correspondante AVANT d\u2019envoyer le formulaire. Les paiements peuvent se faire par Western Union ou par virement bancaire (informations au bas du formulaire).<\/p>\n","protected":false},"excerpt":{"rendered":"<p>Trajet Aeroport-Hammamet L&rsquo;agence de voyage Belmo Travel a accept\u00e9 d&rsquo;organiser des navettes de transfert de l&rsquo;a\u00e9roport international de Tunis-Carthage \u00e0 l&rsquo;h\u00f4tel Le Royal et de l&rsquo;h\u00f4tel \u00e0 l&rsquo;a\u00e9roport au prix de 100 $ par personne par trajet. Les personnes qui d\u00e9sirent assurer un transfert sont pri\u00e9es de remplir le formulaire de r\u00e9servation de transfert d\u00e8s [&hellip;]<\/p>\n","protected":false},"author":1,"featured_media":0,"parent":199325,"menu_order":0,"comment_status":"closed","ping_status":"closed","template":"page-congres-2023.php","meta":{"footnotes":""},"categories":[33],"tags":[],"class_list":["post-199330","page","type-page","status-publish","hentry","category-congres-2023"],"_links":{"self":[{"href":"https:\/\/secure.cief.org\/wp\/index.php?rest_route=\/wp\/v2\/pages\/199330","targetHints":{"allow":["GET"]}}],"collection":[{"href":"https:\/\/secure.cief.org\/wp\/index.php?rest_route=\/wp\/v2\/pages"}],"about":[{"href":"https:\/\/secure.cief.org\/wp\/index.php?rest_route=\/wp\/v2\/types\/page"}],"author":[{"embeddable":true,"href":"https:\/\/secure.cief.org\/wp\/index.php?rest_route=\/wp\/v2\/users\/1"}],"replies":[{"embeddable":true,"href":"https:\/\/secure.cief.org\/wp\/index.php?rest_route=%2Fwp%2Fv2%2Fcomments&post=199330"}],"version-history":[{"count":36,"href":"https:\/\/secure.cief.org\/wp\/index.php?rest_route=\/wp\/v2\/pages\/199330\/revisions"}],"predecessor-version":[{"id":232064,"href":"https:\/\/secure.cief.org\/wp\/index.php?rest_route=\/wp\/v2\/pages\/199330\/revisions\/232064"}],"up":[{"embeddable":true,"href":"https:\/\/secure.cief.org\/wp\/index.php?rest_route=\/wp\/v2\/pages\/199325"}],"wp:attachment":[{"href":"https:\/\/secure.cief.org\/wp\/index.php?rest_route=%2Fwp%2Fv2%2Fmedia&parent=199330"}],"wp:term":[{"taxonomy":"category","embeddable":true,"href":"https:\/\/secure.cief.org\/wp\/index.php?rest_route=%2Fwp%2Fv2%2Fcategories&post=199330"},{"taxonomy":"post_tag","embeddable":true,"href":"https:\/\/secure.cief.org\/wp\/index.php?rest_route=%2Fwp%2Fv2%2Ftags&post=199330"}],"curies":[{"name":"wp","href":"https:\/\/api.w.org\/{rel}","templated":true}]}}