{"id":220,"date":"2014-03-17T15:51:56","date_gmt":"2014-03-17T15:51:56","guid":{"rendered":"https:\/\/secure.cief.org\/wp\/?page_id=220"},"modified":"2015-12-29T14:58:16","modified_gmt":"2015-12-29T14:58:16","slug":"anciens-membres-du-conseil-dadministration-a-partir-de-2000","status":"publish","type":"page","link":"https:\/\/secure.cief.org\/wp\/?page_id=220","title":{"rendered":"Anciens membres du Conseil d&rsquo;Administration (\u00e0 partir de 2000)"},"content":{"rendered":"<p>Le CI\u00c9F remercie chaleureusement les anciens membres du Conseil d&rsquo;Administration pour leur d\u00e9vouement et leur \u00e9nergie dans l&rsquo;accomplissement de leurs t\u00e2ches.<\/p>\n<table class=\"tablestd\" border=\"0\" width=\"100%\" cellspacing=\"0\" cellpadding=\"10\" align=\"center\">\n<tbody>\n<tr valign=\"top\">\n<td>\n<h3 align=\"center\"><span class=\"style3\">Congr\u00e8s 2011 &#8211; Congr\u00e8s 2014<\/span><\/h3>\n<\/td>\n<td>\n<h3 align=\"center\">Congr\u00e8s 2010 &#8211; Congr\u00e8s 2013<\/h3>\n<\/td>\n<\/tr>\n<tr valign=\"top\">\n<td><strong>Mohamed A\u00cfT-AARAB<\/strong><span class=\"liste\">, Universit\u00e9 de la R\u00e9union, FRANCE<\/span><\/td>\n<td class=\"liste\"><strong>Oana PANA\u00cfT\u00c9<\/strong>, Indiana University &#8211; Bloomington, \u00c9TATS-UNIS<\/td>\n<\/tr>\n<tr valign=\"top\">\n<td><strong>Julie BOISSONNEAULT<\/strong>, <span class=\"liste\">Universit\u00e9 Laurentienne, CANADA<\/span><\/td>\n<td class=\"liste\"><strong>Yolaine PARISOT<\/strong>, Universit\u00e9 de Rennes II, FRANCE<\/td>\n<\/tr>\n<tr valign=\"top\">\n<td><strong>Danielle DUMONTET<\/strong>, <span class=\"liste\">Johannes Gutenberg Universit\u00e4t, Mayence<\/span><\/td>\n<td class=\"liste\"><strong>Isabelle ROUSSEL-GILLET<\/strong>, Universit\u00e9 de Lille 2, FRANCE<\/td>\n<\/tr>\n<tr valign=\"top\">\n<td><strong>Obed NKUNZIMANA<\/strong>,<span class=\"liste\"> Universit\u00e9 du Nouveau-Brunswick, CANADA<\/span><\/td>\n<td class=\"liste\"><strong>Samira SAYEH<\/strong>, University of Kansas, \u00c9TATS-UNIS<\/td>\n<\/tr>\n<tr valign=\"top\">\n<td><\/td>\n<td class=\"liste\"><strong>L\u00e9lia YOUNG<\/strong>, Universit\u00e9 York, CANADA<\/td>\n<\/tr>\n<tr valign=\"top\">\n<td>\n<h3 style=\"text-align: center;\">Congr\u00e8s 2009 &#8211; Congr\u00e8s 2012<\/h3>\n<\/td>\n<td>\n<h3 style=\"text-align: center;\">Congr\u00e8s 2008 &#8211; Congr\u00e8s 2011<\/h3>\n<\/td>\n<\/tr>\n<tr valign=\"top\">\n<td class=\"liste\"><strong>Lise GABOURY-DIALLO<\/strong>, Universit\u00e9 de Saint-Boniface, CANADA<\/td>\n<td class=\"liste\"><strong>Elizabeth BOYI<\/strong>, Stanford University, USA<\/td>\n<\/tr>\n<tr valign=\"top\">\n<td class=\"liste\"><strong>Patrick IMBERT<\/strong>, Universit\u00e9 d&rsquo;Ottawa, CANADA<\/td>\n<td class=\"liste\"><strong>Isabelle CONSTANT<\/strong>, University of the West Indies Cave Hill, BARBADES<\/td>\n<\/tr>\n<tr valign=\"top\">\n<td class=\"liste\"><strong>Peter KLAUS<\/strong>, Frei Universit\u00e4t, ALLEMAGNE<\/td>\n<td class=\"liste\"><strong>Claire LEBRUN-GOUANVIC<\/strong>, Universit\u00e9 Concordia, CANADA<\/td>\n<\/tr>\n<tr valign=\"top\">\n<td class=\"liste\"><strong>Dominique RYON<\/strong>, Chercheure ind\u00e9pendante, USA<\/td>\n<td class=\"liste\"><strong>Val\u00e9rie MAGDELAINE-ANDRIANJAFITRIMO,<\/strong> Universit\u00e9 de la R\u00e9union, FRANCE<\/td>\n<\/tr>\n<tr valign=\"top\">\n<td>\n<h3 style=\"text-align: center;\">Congr\u00e8s 2007 &#8211; Congr\u00e8s 2010<\/h3>\n<\/td>\n<td>\n<h3 style=\"text-align: center;\">Congr\u00e8s 2006 &#8211; Congr\u00e8s 2009<\/h3>\n<\/td>\n<\/tr>\n<tr valign=\"top\">\n<td class=\"liste\"><strong>Charles BONN<\/strong>, Universit\u00e9 de Lyon 2, FRANCE<\/td>\n<td class=\"liste\"><strong>Jean Denis C\u00d4T\u00c9,<\/strong> Qu\u00e9bec, CANADA<\/td>\n<\/tr>\n<tr valign=\"top\">\n<td class=\"liste\"><strong>Rose-Marie KUHN<\/strong>, California State University Fresno, USA<\/td>\n<td class=\"liste\"><strong>G\u00e9rard \u00c9TIENNE<\/strong>, Universit\u00e9 de Moncton, CANADA<\/td>\n<\/tr>\n<tr valign=\"top\">\n<td class=\"liste\"><strong>Jeannine PAQUE<\/strong>, Universit\u00e9 de Li\u00e8ge, BELGIQUE<\/td>\n<td class=\"liste\"><strong>Georges FR\u00c9RIS<\/strong>, Universit\u00e9 Aristote de Thessalonique, GR\u00c8CE<\/td>\n<\/tr>\n<tr valign=\"top\">\n<td class=\"liste\"><strong>Judith SINANGA-OHLMAN,<\/strong> Universit\u00e9 de Windsor, CANADA<\/td>\n<td class=\"liste\"><strong>Nadia HARRIS<\/strong>, American University, USA<\/td>\n<\/tr>\n<tr valign=\"top\">\n<td class=\"liste\"><\/td>\n<td class=\"liste\"><strong>Claire KEITH<\/strong>, Marist College, USA<\/td>\n<\/tr>\n<tr valign=\"top\">\n<td class=\"liste\"><\/td>\n<td class=\"liste\"><strong>Bruno THIBAULT,<\/strong> University of Delaware, USA<\/td>\n<\/tr>\n<tr valign=\"top\">\n<td>\n<h3 align=\"center\">Congr\u00e8s 2005 &#8211; Congr\u00e8s 2008<\/h3>\n<\/td>\n<td>\n<h3 align=\"center\">Congr\u00e8s 2004 &#8211; Congr\u00e8s 2007<\/h3>\n<\/td>\n<\/tr>\n<tr valign=\"top\">\n<td class=\"liste\"><strong>Thierry L\u00c9GER<\/strong>, Kennesaw State University, \u00c9TATS-UNIS<\/td>\n<td class=\"liste\"><strong>Karen McPHERSON<\/strong> (Pr\u00e9sidente du CI\u00c9F, 2005-2007), University of Oregon, <span class=\"liste\">\u00c9TATS-UNIS<\/span><\/td>\n<\/tr>\n<tr valign=\"top\">\n<td class=\"liste\"><strong>Jean-Marc GOUANVIC<\/strong>, Universit\u00e9 Concordia, CANADA<\/td>\n<td class=\"liste\"><strong>Roseanna DUFAULT<\/strong>, Ohio Northern University, \u00c9TATS-UNIS<\/td>\n<\/tr>\n<tr valign=\"top\">\n<td class=\"liste\"><strong>Mariana IONESCU<\/strong>, Huron University College, CANADA<\/td>\n<td class=\"liste\"><strong>Vassiliki LALAGIANNI<\/strong>, Universit\u00e9 de Thessalie, GR\u00c8CE<\/td>\n<\/tr>\n<tr valign=\"top\">\n<td class=\"liste\"><strong>Edwige KHAZNADAR<\/strong>, ERSS-CNRS et Universit\u00e9 de Toulouse-Le-Mirail, FRANCE<\/td>\n<td class=\"liste\"><strong>Mildred MORTIMER<\/strong>, University of Colorado, \u00c9TATS-UNIS<\/td>\n<\/tr>\n<tr valign=\"top\">\n<td class=\"liste\"><strong>Monique BL\u00c9RALD<\/strong>, Universit\u00e9 des Antilles-Guyane, GUYANE<\/td>\n<td class=\"liste\"><strong>Colette NYS-MAZURE<\/strong>, \u00e9crivaine, BELGIQUE<\/td>\n<\/tr>\n<tr valign=\"top\">\n<td><\/td>\n<td class=\"liste\"><strong>L\u00e9lia YOUNG<\/strong>, Universit\u00e9 York, CANADA<\/td>\n<\/tr>\n<tr valign=\"top\">\n<td class=\"liste\">\n<h3 align=\"center\">Congr\u00e8s 2003 &#8211; Congr\u00e8s 2006<\/h3>\n<\/td>\n<td>\n<div align=\"center\">\n<h3>Congr\u00e8s 2002-2005<\/h3>\n<\/div>\n<\/td>\n<\/tr>\n<tr valign=\"top\">\n<td class=\"liste\" width=\"50%\"><span class=\"liste\"><strong>Mark ANDREWS<\/strong>, Vassar College, \u00c9TATS-UNIS<\/span><\/td>\n<td><span class=\"liste\"><strong>Catherine PERRY<\/strong> (Pr\u00e9sidente du CI\u00c9F, 2003-2005) , University of Notre Dame, \u00c9TATS-UNIS<\/span><\/td>\n<\/tr>\n<tr valign=\"top\">\n<td class=\"liste\"><span class=\"liste\"><strong>Serge BOURJEA<\/strong>,Universit\u00e9 Paul Val\u00e9ry\/Montpellier III, FRANCE<\/span><\/td>\n<td><span class=\"liste\"><strong>Jo\u00eblle CAUVILLE<\/strong>, Saint Mary&rsquo;s University, CANADA<\/span><\/td>\n<\/tr>\n<tr valign=\"top\">\n<td class=\"liste\"><span class=\"liste\"><strong>Florence RAMOND JURNEY<\/strong>,Gettysburg College, \u00c9TATS-UNIS<\/span><\/td>\n<td width=\"50%\"><span class=\"liste\"><strong>Armelle CROUZI\u00c8RES<\/strong>, Middlebury College, \u00c9TATS-UNIS<\/span><\/td>\n<\/tr>\n<tr valign=\"top\">\n<td class=\"liste\"><span class=\"liste\"><strong>Antoine S. SASSINE<\/strong>, Mount Royal College, CANADA<\/span><\/td>\n<td><span class=\"liste\"><strong>Jeannine PAQUE<\/strong>, Universit\u00e9 de Li\u00e8ge, BELGIQUE<\/span><\/td>\n<\/tr>\n<tr valign=\"top\">\n<td class=\"liste\"><span class=\"liste\"><strong>Pamela V. SING<\/strong>, Universit\u00e9 d&rsquo;Alberta, CANADA<\/span><\/td>\n<td><\/td>\n<\/tr>\n<tr valign=\"top\">\n<td>\n<h3 align=\"center\">Congr\u00e8s 2001 &#8211; Congr\u00e8s 2004<\/h3>\n<\/td>\n<td>\n<h3 align=\"center\">Congr\u00e8s 2000 &#8211; Congr\u00e8s 2003<\/h3>\n<\/td>\n<\/tr>\n<tr valign=\"top\">\n<td class=\"liste\"><span class=\"liste\"><strong>Mich\u00e8le BACHOLLE-BOSKOVIC<\/strong>, Eastern Connecticut State University, \u00c9TATS-UNIS<\/span><\/td>\n<td class=\"liste\"><strong>Christiane NDIAYE<\/strong> (Pr\u00e9sidente du CI\u00c9F 2000-2002), Universit\u00e9 de Montr\u00e9al, CANADA<\/td>\n<\/tr>\n<tr valign=\"top\">\n<td class=\"liste\"><span class=\"liste\"><strong>Marc BENSON<\/strong>, Royal Military College, CANADA<\/span><\/td>\n<td class=\"liste\"><span class=\"liste\"><strong>Denis BACHAND<\/strong>, Universit\u00e9 d&rsquo;Ottawa, CANADA<\/span><\/td>\n<\/tr>\n<tr valign=\"top\">\n<td class=\"liste\"><span class=\"liste\"><strong>Vanessa EVERSON<\/strong>, University of Cape Town, AFRIQUE DU SUD<\/span><\/td>\n<td class=\"liste\"><span class=\"liste\"><strong>Jean Fran\u00e7ois BRI\u00c8RE<\/strong>, SUNY-Albany, \u00c9TATS-UNIS<\/span><\/td>\n<\/tr>\n<tr valign=\"top\">\n<td class=\"liste\"><span class=\"liste\"><strong>Ilie MINESCU<\/strong>, Universit\u00e9 de l&rsquo;Ouest de Timisoara, ROUMANIE<\/span><\/td>\n<td class=\"liste\"><span class=\"liste\"><strong>Sonia LEE<\/strong>, Trinity College, \u00c9TATS-UNIS<\/span><\/td>\n<\/tr>\n<tr valign=\"top\">\n<td class=\"liste\"><strong>Jack YEAGER<\/strong> (aussi Vice-Pr\u00e9sident du CI\u00c9F par int\u00e9rim, 2003-2004), Louisiana State University, \u00c9TATS-UNIS<\/td>\n<td class=\"liste\"><span class=\"liste\"><strong>Victor Laurent TREMBLAY<\/strong>, Universit\u00e9 de Waterloo, CANADA <\/span><\/td>\n<\/tr>\n<\/tbody>\n<\/table>\n","protected":false},"excerpt":{"rendered":"<p>Le CI\u00c9F remercie chaleureusement les anciens membres du Conseil d&rsquo;Administration pour leur d\u00e9vouement et leur \u00e9nergie dans l&rsquo;accomplissement de leurs t\u00e2ches. Congr\u00e8s 2011 &#8211; Congr\u00e8s 2014 Congr\u00e8s 2010 &#8211; Congr\u00e8s 2013 Mohamed A\u00cfT-AARAB, Universit\u00e9 de la R\u00e9union, FRANCE Oana PANA\u00cfT\u00c9, Indiana University &#8211; Bloomington, \u00c9TATS-UNIS Julie BOISSONNEAULT, Universit\u00e9 Laurentienne, CANADA Yolaine PARISOT, Universit\u00e9 de Rennes [&hellip;]<\/p>\n","protected":false},"author":1,"featured_media":0,"parent":54,"menu_order":0,"comment_status":"closed","ping_status":"open","template":"page-full.php","meta":{"footnotes":""},"categories":[4],"tags":[],"class_list":["post-220","page","type-page","status-publish","hentry","category-cief"],"_links":{"self":[{"href":"https:\/\/secure.cief.org\/wp\/index.php?rest_route=\/wp\/v2\/pages\/220","targetHints":{"allow":["GET"]}}],"collection":[{"href":"https:\/\/secure.cief.org\/wp\/index.php?rest_route=\/wp\/v2\/pages"}],"about":[{"href":"https:\/\/secure.cief.org\/wp\/index.php?rest_route=\/wp\/v2\/types\/page"}],"author":[{"embeddable":true,"href":"https:\/\/secure.cief.org\/wp\/index.php?rest_route=\/wp\/v2\/users\/1"}],"replies":[{"embeddable":true,"href":"https:\/\/secure.cief.org\/wp\/index.php?rest_route=%2Fwp%2Fv2%2Fcomments&post=220"}],"version-history":[{"count":11,"href":"https:\/\/secure.cief.org\/wp\/index.php?rest_route=\/wp\/v2\/pages\/220\/revisions"}],"predecessor-version":[{"id":724,"href":"https:\/\/secure.cief.org\/wp\/index.php?rest_route=\/wp\/v2\/pages\/220\/revisions\/724"}],"up":[{"embeddable":true,"href":"https:\/\/secure.cief.org\/wp\/index.php?rest_route=\/wp\/v2\/pages\/54"}],"wp:attachment":[{"href":"https:\/\/secure.cief.org\/wp\/index.php?rest_route=%2Fwp%2Fv2%2Fmedia&parent=220"}],"wp:term":[{"taxonomy":"category","embeddable":true,"href":"https:\/\/secure.cief.org\/wp\/index.php?rest_route=%2Fwp%2Fv2%2Fcategories&post=220"},{"taxonomy":"post_tag","embeddable":true,"href":"https:\/\/secure.cief.org\/wp\/index.php?rest_route=%2Fwp%2Fv2%2Ftags&post=220"}],"curies":[{"name":"wp","href":"https:\/\/api.w.org\/{rel}","templated":true}]}}