{"id":237731,"date":"2023-07-04T14:52:35","date_gmt":"2023-07-04T14:52:35","guid":{"rendered":"https:\/\/secure.cief.org\/wp\/?page_id=237731"},"modified":"2024-07-14T11:19:51","modified_gmt":"2024-07-14T11:19:51","slug":"excursions","status":"publish","type":"page","link":"https:\/\/secure.cief.org\/wp\/?page_id=237731","title":{"rendered":"D\u00e9placements et Excursions"},"content":{"rendered":"<p><span style=\"color: #800000;\"><strong>Mercredi 26 juin 2024, d\u00e9part \u00e0 14h00 du lobby de l\u2019h\u00f4tel Le Crowne Plaza<\/strong><\/span><\/p>\n<h3><span style=\"color: #008000;\"><strong>Moncton mentor\u00a0: une promenade litt\u00e9raire<\/strong><\/span><\/h3>\n<p>Activit\u00e9 gratuite. Vous devez <strong>r\u00e9server en envoyant un courriel<\/strong> \u00e0 <u><a id=\"OWAb6ab4fed-54a0-4c96-b8fd-de2b174e99f2\" class=\"OWAAutoLink\" href=\"mailto:benoit.doyon-gosselin@umoncton.ca\" data-linkindex=\"0\" data-loopstyle=\"linkonly\">benoit.doyon-gosselin@umoncton.ca<\/a><\/u><\/p>\n<p>D\u00e9couvrez la ville de Moncton \u00e0 travers le regard de ses cr\u00e9ateurs et de ses cr\u00e9atrices. Des caf\u00e9s embl\u00e9matiques aux po\u00e8mes, des monuments historiques aux chansons, des rues o\u00f9 d\u00e9ambule votre guide au quotidien \u00e0 celles travers\u00e9es par des personnages de romans, Benoit Doyon-Gosselin vous convie \u00e0 une promenade litt\u00e9raire de 75 minutes au d\u00e9part de votre h\u00f4tel. Cette promenade convoque les \u0153uvres d\u2019auteurs et d\u2019autrices originaires de l\u2019Acadie (France Daigle, C\u00e9leste Godin, G\u00e9rald Leblanc, Serge Patrice Thibodeau, notamment), mais \u00e9galement celles d\u2019artistes venus d\u2019ailleurs comme le po\u00e8te Jean-Paul Daoust. M\u00eame Oscar Wilde s\u2019est fait arr\u00eater dans cette ville sans toutefois \u00eatre jug\u00e9. \u00c0 la fin de cette activit\u00e9, un constat s\u2019impose\u00a0: aussi improbable soit-il : la ville de Moncton \u00a0s\u2019est invent\u00e9e en fran\u00e7ais et continue d\u2019exister dans les arts et la litt\u00e9rature en tant que mythe majoritairement francophone.<\/p>\n<p>Places limit\u00e9es \u00e0 30 personnes. S\u2019il y a un fort engouement, possibilit\u00e9 d\u2019une seconde promenade.<\/p>\n<h4>***<\/h4>\n<h3><strong>Pour r\u00e9server vos places pour les excursions propos\u00e9es ci-dessous (samedi 29 et dimanche 30 juin 2024), contactez Phyllis LeBlanc, PT Tours Inc . : <\/strong><strong>T\u00e9l\u00e9phone 506-384-3224 ou info@pttours.ca<\/strong><\/h3>\n<p><span style=\"color: #800000;\"><strong>Samedi 29 juin 2024 d<\/strong><strong>ans la journ\u00e9e<\/strong><\/span><\/p>\n<h3><span style=\"color: #800000;\"><span style=\"color: #008000;\"><strong>Le pays de la Sagouine <\/strong><\/span><span style=\"color: #000000;\">(<\/span><\/span><a href=\"https:\/\/sagouine.com\/fr\/\">https:\/\/sagouine.com\/fr\/<\/a>)<\/h3>\n<p>Le Pays de la Sagouine est une destination culturelle o\u00f9 les traditions acadiennes sont vivantes et o\u00f9 la joie de vivre est contagieuse. Respirez l\u2019air salin de la Baie de Bouctouche en vous baladant sur la passerelle menant \u00e0 l\u2019\u00cele-aux-Puces; D\u00e9couvrez un univers bourdonnant de personnages attachants et profitez de spectacles, de musique et de th\u00e9\u00e2tre; Plongez dans l\u2019univers de Nounours avec des spectacles quotidiens pour les enfants; Savourez un bon fricot, et sucrez-vous le bec avec un pet de s\u0153ur.<\/p>\n<p><strong>Prix<\/strong> :\u00a0 80,00 $ par personne<\/p>\n<p>Minimum 40 personnes et maximum 54 passagers<\/p>\n<p>***<\/p>\n<p><strong><span style=\"color: #339966;\"><span style=\"color: #993300;\">En soir\u00e9e : Le spectacle a lieu \u00e0 la noirceur et d\u00e9bute \u00e0 21h45. Il faut r\u00e9server t\u00f4t.<\/span><br \/>\n<\/span><\/strong><\/p>\n<h3><span style=\"color: #800000;\"><span style=\"color: #008000;\"><strong>Akadi Lumina <\/strong><\/span><span style=\"color: #000000;\">(<a href=\"https:\/\/akadilumina.ca\/fr\">https:\/\/akadilumina.ca\/fr<\/a>)<\/span><\/span><\/h3>\n<p>Le Pays de la Sagouine a inaugur\u00e9 un parcours nocturne enchant\u00e9 Lumina. Cr\u00e9\u00e9 par le studio de divertissement multim\u00e9dia montr\u00e9alais Moment Factory, le sentier lumineux et immersif est le 18e de la s\u00e9rie et constitue une premi\u00e8re au Canada atlantique.<\/p>\n<p>Les parcours nocturnes Lumina sont une s\u00e9rie d&rsquo;exp\u00e9riences immersives r\u00e9v\u00e9lant la beaut\u00e9 exceptionnelle d&rsquo;un site naturel. L\u2019aventure engage le public en l\u2019invitant \u00e0 prendre part \u00e0 une exp\u00e9rience narrative combinant la lumi\u00e8re, la projection, les effets sp\u00e9ciaux, des ambiances sonores et de la musique originale.<\/p>\n<p>La conception du parcours nocturne Lumina au Pays de la Sagouine est inspir\u00e9 par la culture et l&rsquo;histoire acadienne et les paysages embl\u00e9matiques de la r\u00e9gion. Des artistes et des artisans de l\u2019Acadie ont travaill\u00e9 de concert avec l\u2019\u00e9quipe du Pays de la Sagouine et de Moment Factory \u00e0 la r\u00e9alisation du parcours. Ce dernier longe un sentier p\u00e9destre dans le bois\u00e9 qui borde le site du Pays de la Sagouine, sur la terre ferme. D\u2019une longueur d\u2019environ 1,5 km, le parcours est accessible apr\u00e8s la tomb\u00e9e du jour. Toute la famille est invit\u00e9e \u00e0 d\u00e9couvrir l\u2019exp\u00e9rience Lumina.<\/p>\n<p><strong>Prix<\/strong> :\u00a0 80,00 $ par personne (Si l\u2019activit\u00e9 du Pays de la Sagouine a lieu, le prix sera revu \u00e0 la baisse)<\/p>\n<p>Minimum 40 personnes et maximum 54 passagers<\/p>\n<p>***<\/p>\n<p><span style=\"color: #993300;\"><strong>Dimanche 30 juin 2024<\/strong><\/span><\/p>\n<h3><span style=\"color: #800000;\"><span style=\"color: #008000;\"><strong>Visite aux rochers Hopewell <\/strong><\/span><span style=\"color: #000000;\">(<a href=\"_wp_link_placeholder\" data-wplink-edit=\"true\">https:\/\/www.parcsnbparks.info\/fr\/parks\/33\/parc-provincial-des-rochers-hopewell<\/a>)<\/span><\/span><\/h3>\n<p>Le<strong> parc des rochers Hopewell<\/strong>\u00a0(<em>Hopewell Rocks Park<\/em> en anglais) est un parc provincial du\u00a0Nouveau-Brunswick. Depuis des mill\u00e9naires, les mar\u00e9es g\u00e9antes de la baie de Fundy sculptent avec patience des chefs-d\u2019\u0153uvre sur le cap Hopewell au Nouveau-Brunswick. Aucune visite dans les provinces de l\u2019Atlantique n\u2019est compl\u00e8te sans avoir vu cette c\u00f4te de deux kilom\u00e8tres parsem\u00e9s d\u2019une vingtaine de monolithes d\u2019\u00e9rosion, des formations rocheuses spectaculaires.<\/p>\n<p>Nos formations rocheuses (mieux connues sous le nom de rochers en forme de pot de fleurs) sont toutes incroyablement diff\u00e9rentes. Il suffit d\u2019un instant pour comprendre pourquoi les rochers portent leur surnom d\u2019\u00e9l\u00e9phant, d\u2019ours, de dinosaure, d\u2019extraterrestre et m\u00eame de belle-m\u00e8re. Avec un peu d\u2019imagination, on voit bien les personnages dans la roche.<\/p>\n<p><strong>Co\u00fbt<\/strong> : 80,00 $ par personne<\/p>\n<p>Minimum 40 personnes et maximum 54 passagers.<\/p>\n<p><strong>\u00a0<\/strong><\/p>\n<p class=\"elementToProof\">\n","protected":false},"excerpt":{"rendered":"<p>Mercredi 26 juin 2024, d\u00e9part \u00e0 14h00 du lobby de l\u2019h\u00f4tel Le Crowne Plaza Moncton mentor\u00a0: une promenade litt\u00e9raire Activit\u00e9 gratuite. Vous devez r\u00e9server en envoyant un courriel \u00e0 benoit.doyon-gosselin@umoncton.ca D\u00e9couvrez la ville de Moncton \u00e0 travers le regard de ses cr\u00e9ateurs et de ses cr\u00e9atrices. Des caf\u00e9s embl\u00e9matiques aux po\u00e8mes, des monuments historiques aux [&hellip;]<\/p>\n","protected":false},"author":1,"featured_media":0,"parent":237728,"menu_order":0,"comment_status":"closed","ping_status":"closed","template":"page-congres-2024.php","meta":{"footnotes":""},"categories":[34],"tags":[],"class_list":["post-237731","page","type-page","status-publish","hentry","category-congres-2024"],"_links":{"self":[{"href":"https:\/\/secure.cief.org\/wp\/index.php?rest_route=\/wp\/v2\/pages\/237731","targetHints":{"allow":["GET"]}}],"collection":[{"href":"https:\/\/secure.cief.org\/wp\/index.php?rest_route=\/wp\/v2\/pages"}],"about":[{"href":"https:\/\/secure.cief.org\/wp\/index.php?rest_route=\/wp\/v2\/types\/page"}],"author":[{"embeddable":true,"href":"https:\/\/secure.cief.org\/wp\/index.php?rest_route=\/wp\/v2\/users\/1"}],"replies":[{"embeddable":true,"href":"https:\/\/secure.cief.org\/wp\/index.php?rest_route=%2Fwp%2Fv2%2Fcomments&post=237731"}],"version-history":[{"count":9,"href":"https:\/\/secure.cief.org\/wp\/index.php?rest_route=\/wp\/v2\/pages\/237731\/revisions"}],"predecessor-version":[{"id":257460,"href":"https:\/\/secure.cief.org\/wp\/index.php?rest_route=\/wp\/v2\/pages\/237731\/revisions\/257460"}],"up":[{"embeddable":true,"href":"https:\/\/secure.cief.org\/wp\/index.php?rest_route=\/wp\/v2\/pages\/237728"}],"wp:attachment":[{"href":"https:\/\/secure.cief.org\/wp\/index.php?rest_route=%2Fwp%2Fv2%2Fmedia&parent=237731"}],"wp:term":[{"taxonomy":"category","embeddable":true,"href":"https:\/\/secure.cief.org\/wp\/index.php?rest_route=%2Fwp%2Fv2%2Fcategories&post=237731"},{"taxonomy":"post_tag","embeddable":true,"href":"https:\/\/secure.cief.org\/wp\/index.php?rest_route=%2Fwp%2Fv2%2Ftags&post=237731"}],"curies":[{"name":"wp","href":"https:\/\/api.w.org\/{rel}","templated":true}]}}