{"id":237733,"date":"2023-07-04T14:52:35","date_gmt":"2023-07-04T14:52:35","guid":{"rendered":"https:\/\/secure.cief.org\/wp\/?page_id=237733"},"modified":"2024-07-14T11:20:05","modified_gmt":"2024-07-14T11:20:05","slug":"partenaires-du-congres-2","status":"publish","type":"page","link":"https:\/\/secure.cief.org\/wp\/?page_id=237733","title":{"rendered":"Partenaires du congr\u00e8s"},"content":{"rendered":"<p align=\"left\">Le CI\u00c9F remercie chaleureusement les organismes et institutions dont la collaboration et le soutien g\u00e9n\u00e9reux permettent la r\u00e9alisation du congr\u00e8s et l&rsquo;\u00e9panouissement de notre organisation.<\/p>\n<p><span style=\"color: #008000;\"><strong>Le Centre de recherche sur la langue en Acadie de l\u2019Universit\u00e9 de Moncton<\/strong><\/span><\/p>\n<p><span style=\"color: #339966;\"><strong>La Chaire de recherche du Canada en \u00e9tudes acadiennes et milieux minoritaires de l\u2019Universit\u00e9 de Moncton<\/strong><\/span><\/p>\n<p><span style=\"color: #008000;\"><strong>Le D\u00e9partements des arts, des lettres et du langage de l\u2019Universit\u00e9 du Qu\u00e9bec \u00e0 Chicoutimi<\/strong><\/span><\/p>\n<p><strong><span style=\"color: #339966;\">Le D\u00e9partement d\u2019\u00c9tudes fran\u00e7aises\u00a0de l\u2019Universit\u00e9 de Moncton<\/span><\/strong><\/p>\n<p><strong><span style=\"color: #008000;\">Le D\u00e9canat de la recherche de l\u2019Universit\u00e9 du Qu\u00e9bec \u00e0 Chicoutimi<\/span><\/strong><\/p>\n<p><strong><span style=\"color: #339966;\">Destination Moncton Dieppe<\/span><\/strong><\/p>\n<p><span style=\"color: #008000;\"><strong>La Facult\u00e9 des Arts de l\u2019Universit\u00e9 de Moncton<\/strong><\/span><\/p>\n<p><strong><span style=\"color: #339966;\">Le Rectorat de l\u2019Universit\u00e9 de Moncton<\/span><\/strong><\/p>\n<p style=\"text-align: center;\" align=\"left\">\n","protected":false},"excerpt":{"rendered":"<p>Le CI\u00c9F remercie chaleureusement les organismes et institutions dont la collaboration et le soutien g\u00e9n\u00e9reux permettent la r\u00e9alisation du congr\u00e8s et l&rsquo;\u00e9panouissement de notre organisation. Le Centre de recherche sur la langue en Acadie de l\u2019Universit\u00e9 de Moncton La Chaire de recherche du Canada en \u00e9tudes acadiennes et milieux minoritaires de l\u2019Universit\u00e9 de Moncton Le [&hellip;]<\/p>\n","protected":false},"author":1,"featured_media":0,"parent":237728,"menu_order":0,"comment_status":"closed","ping_status":"closed","template":"page-congres-2024.php","meta":{"footnotes":""},"categories":[34],"tags":[],"class_list":["post-237733","page","type-page","status-publish","hentry","category-congres-2024"],"_links":{"self":[{"href":"https:\/\/secure.cief.org\/wp\/index.php?rest_route=\/wp\/v2\/pages\/237733","targetHints":{"allow":["GET"]}}],"collection":[{"href":"https:\/\/secure.cief.org\/wp\/index.php?rest_route=\/wp\/v2\/pages"}],"about":[{"href":"https:\/\/secure.cief.org\/wp\/index.php?rest_route=\/wp\/v2\/types\/page"}],"author":[{"embeddable":true,"href":"https:\/\/secure.cief.org\/wp\/index.php?rest_route=\/wp\/v2\/users\/1"}],"replies":[{"embeddable":true,"href":"https:\/\/secure.cief.org\/wp\/index.php?rest_route=%2Fwp%2Fv2%2Fcomments&post=237733"}],"version-history":[{"count":5,"href":"https:\/\/secure.cief.org\/wp\/index.php?rest_route=\/wp\/v2\/pages\/237733\/revisions"}],"predecessor-version":[{"id":259383,"href":"https:\/\/secure.cief.org\/wp\/index.php?rest_route=\/wp\/v2\/pages\/237733\/revisions\/259383"}],"up":[{"embeddable":true,"href":"https:\/\/secure.cief.org\/wp\/index.php?rest_route=\/wp\/v2\/pages\/237728"}],"wp:attachment":[{"href":"https:\/\/secure.cief.org\/wp\/index.php?rest_route=%2Fwp%2Fv2%2Fmedia&parent=237733"}],"wp:term":[{"taxonomy":"category","embeddable":true,"href":"https:\/\/secure.cief.org\/wp\/index.php?rest_route=%2Fwp%2Fv2%2Fcategories&post=237733"},{"taxonomy":"post_tag","embeddable":true,"href":"https:\/\/secure.cief.org\/wp\/index.php?rest_route=%2Fwp%2Fv2%2Ftags&post=237733"}],"curies":[{"name":"wp","href":"https:\/\/api.w.org\/{rel}","templated":true}]}}