{"id":270857,"date":"2024-07-14T10:43:43","date_gmt":"2024-07-14T10:43:43","guid":{"rendered":"https:\/\/secure.cief.org\/wp\/?page_id=270857"},"modified":"2025-06-24T13:51:08","modified_gmt":"2025-06-24T13:51:08","slug":"excursions","status":"publish","type":"page","link":"https:\/\/secure.cief.org\/wp\/?page_id=270857","title":{"rendered":"D\u00e9placements et Excursions"},"content":{"rendered":"<p>Nous pr\u00e9voyons les excursions suivantes pour les congressistes ainsi que toute autre personne qui les accompagne.<\/p>\n<p>Vos r\u00e9servations doivent se faire directement aupr\u00e8s de l\u2019agence. Voir les infos ci-dessous.<\/p>\n<p><strong>Mercredi 11 juin : <\/strong><a href=\"https:\/\/secure.cief.org\/wp\/wp-content\/uploads\/2025\/02\/Excursion-Mercredi.pdf\"><strong>Excursion demi-journ\u00e9e<\/strong><\/a> (cliquer)<\/p>\n<p><strong>Samedi 14 juin, <\/strong>une journ\u00e9e enti\u00e8re\u00a0: <strong><a href=\"https:\/\/secure.cief.org\/wp\/wp-content\/uploads\/2025\/02\/Excursion-samedi.pdf\">Cape Point &amp; Peninsula.<\/a><\/strong> (cliquer)<\/p>\n<p><strong>Dimanche 15 juin, <\/strong>une journ\u00e9e enti\u00e8re\u00a0: <a href=\"https:\/\/secure.cief.org\/wp\/wp-content\/uploads\/2025\/02\/Excursion-dimanche.pdf\"><strong>District Six Museum &amp; Vignobles du Cap<\/strong><\/a>. (cliquer)<\/p>\n<p><strong>Lundi 16 juin au mercredi 18 juin, <\/strong>excursion de trois jours (prenez soin de r\u00e9server votre h\u00f4tel au Cap pour la nuit du 18) :\u00a0<a href=\"https:\/\/secure.cief.org\/wp\/wp-content\/uploads\/2025\/02\/Excursion-Lundi-Mercredi.pdf\"><strong>Garden Route.<\/strong><\/a> (cliquer)<\/p>\n<p><strong>R\u00c9SERVATIONS:<\/strong><\/p>\n<p>Si vous souhaitez faire une reservation, pri\u00e8re d\u2019envoyer un email ou un message Whatsapp \u00e0 Tyla<\/p>\n<p><strong>Email: \u00a0<\/strong><a href=\"mailto:tyla@southernxplorer.co.za\">tyla@southernxplorer.co.za<\/a> ou <a href=\"mailto:info@southernxplorer.co.za\">info@southernxplorer.co.za<\/a><\/p>\n<p><strong>Whatsapp:\u00a0 <\/strong>+27 71 268 2854<\/p>\n<p><strong>PAIEMENT:<\/strong><\/p>\n<p>Les paiements peuvent se faire par carte, par virement bancaire ou \u00e0 travers un lien individuel qui vous est envoy\u00e9 sur demande.<\/p>\n<p><strong><u>D\u00e9tails pour VIREMENT BANCAIRE: <\/u><\/strong><\/p>\n<p>Account Type:\u00a0 GOLD BUSINESS ACCOUNT<\/p>\n<p>Branch code: 255355<\/p>\n<p>Account Number: 62775493001<\/p>\n<p>Swift Code: FIRNZAJJ<\/p>\n<p><strong>PRIX\/MONNAIE:<\/strong><\/p>\n<p>Les prix sont affich\u00e9s en Rand. Pour convertir en dollars am\u00e9ricains il faut diviser par 18.3, pour convertir en dollars canadiens il faut diviser par 12.9 et pour convertir en euros il faut diviser par 19.2<\/p>\n<p>&nbsp;<\/p>\n","protected":false},"excerpt":{"rendered":"<p>Nous pr\u00e9voyons les excursions suivantes pour les congressistes ainsi que toute autre personne qui les accompagne. Vos r\u00e9servations doivent se faire directement aupr\u00e8s de l\u2019agence. Voir les infos ci-dessous. Mercredi 11 juin : Excursion demi-journ\u00e9e (cliquer) Samedi 14 juin, une journ\u00e9e enti\u00e8re\u00a0: Cape Point &amp; Peninsula. (cliquer) Dimanche 15 juin, une journ\u00e9e enti\u00e8re\u00a0: District Six [&hellip;]<\/p>\n","protected":false},"author":1,"featured_media":0,"parent":270854,"menu_order":0,"comment_status":"closed","ping_status":"closed","template":"page-congres-2025.php","meta":{"footnotes":""},"categories":[37],"tags":[],"class_list":["post-270857","page","type-page","status-publish","hentry","category-congres-2025"],"_links":{"self":[{"href":"https:\/\/secure.cief.org\/wp\/index.php?rest_route=\/wp\/v2\/pages\/270857","targetHints":{"allow":["GET"]}}],"collection":[{"href":"https:\/\/secure.cief.org\/wp\/index.php?rest_route=\/wp\/v2\/pages"}],"about":[{"href":"https:\/\/secure.cief.org\/wp\/index.php?rest_route=\/wp\/v2\/types\/page"}],"author":[{"embeddable":true,"href":"https:\/\/secure.cief.org\/wp\/index.php?rest_route=\/wp\/v2\/users\/1"}],"replies":[{"embeddable":true,"href":"https:\/\/secure.cief.org\/wp\/index.php?rest_route=%2Fwp%2Fv2%2Fcomments&post=270857"}],"version-history":[{"count":9,"href":"https:\/\/secure.cief.org\/wp\/index.php?rest_route=\/wp\/v2\/pages\/270857\/revisions"}],"predecessor-version":[{"id":289747,"href":"https:\/\/secure.cief.org\/wp\/index.php?rest_route=\/wp\/v2\/pages\/270857\/revisions\/289747"}],"up":[{"embeddable":true,"href":"https:\/\/secure.cief.org\/wp\/index.php?rest_route=\/wp\/v2\/pages\/270854"}],"wp:attachment":[{"href":"https:\/\/secure.cief.org\/wp\/index.php?rest_route=%2Fwp%2Fv2%2Fmedia&parent=270857"}],"wp:term":[{"taxonomy":"category","embeddable":true,"href":"https:\/\/secure.cief.org\/wp\/index.php?rest_route=%2Fwp%2Fv2%2Fcategories&post=270857"},{"taxonomy":"post_tag","embeddable":true,"href":"https:\/\/secure.cief.org\/wp\/index.php?rest_route=%2Fwp%2Fv2%2Ftags&post=270857"}],"curies":[{"name":"wp","href":"https:\/\/api.w.org\/{rel}","templated":true}]}}