{"id":270859,"date":"2024-07-14T10:45:15","date_gmt":"2024-07-14T10:45:15","guid":{"rendered":"https:\/\/secure.cief.org\/wp\/?page_id=270859"},"modified":"2025-06-24T13:51:33","modified_gmt":"2025-06-24T13:51:33","slug":"partenaires-du-congres-2","status":"publish","type":"page","link":"https:\/\/secure.cief.org\/wp\/?page_id=270859","title":{"rendered":"Partenaires du congr\u00e8s"},"content":{"rendered":"<p align=\"left\">Le CI\u00c9F remercie chaleureusement les organismes et institutions dont la collaboration et le soutien g\u00e9n\u00e9reux permettent la r\u00e9alisation du congr\u00e8s et l&rsquo;\u00e9panouissement de notre organisation.<\/p>\n<p align=\"left\"><strong><span style=\"color: #339966;\">Congr\u00e8s 2025 au Cap, Afrique du Sud<\/span><\/strong><\/p>\n<p align=\"left\"><a href=\"https:\/\/secure.cief.org\/wp\/wp-content\/uploads\/2025\/03\/uct.jpg\"><img loading=\"lazy\" decoding=\"async\" class=\"size-thumbnail wp-image-291795 alignleft\" src=\"https:\/\/secure.cief.org\/wp\/wp-content\/uploads\/2025\/03\/uct-150x150.jpg\" alt=\"\" width=\"150\" height=\"150\" srcset=\"https:\/\/secure.cief.org\/wp\/wp-content\/uploads\/2025\/03\/uct-150x150.jpg 150w, https:\/\/secure.cief.org\/wp\/wp-content\/uploads\/2025\/03\/uct-200x200.jpg 200w, https:\/\/secure.cief.org\/wp\/wp-content\/uploads\/2025\/03\/uct-130x130.jpg 130w, https:\/\/secure.cief.org\/wp\/wp-content\/uploads\/2025\/03\/uct-67x67.jpg 67w, https:\/\/secure.cief.org\/wp\/wp-content\/uploads\/2025\/03\/uct-40x40.jpg 40w, https:\/\/secure.cief.org\/wp\/wp-content\/uploads\/2025\/03\/uct-184x184.jpg 184w\" sizes=\"(max-width: 150px) 100vw, 150px\" \/><\/a><a href=\"https:\/\/secure.cief.org\/wp\/wp-content\/uploads\/2025\/03\/consulatfrancecap.jpg\"><img loading=\"lazy\" decoding=\"async\" class=\"details-image alignleft\" draggable=\"false\" src=\"https:\/\/secure.cief.org\/wp\/wp-content\/uploads\/2025\/05\/Rice_University_Logo_280_Blue.jpg\" alt=\"\" width=\"533\" height=\"71\" \/><img loading=\"lazy\" decoding=\"async\" class=\"size-thumbnail wp-image-291794 alignright\" src=\"https:\/\/secure.cief.org\/wp\/wp-content\/uploads\/2025\/03\/consulatfrancecap-150x150.jpg\" alt=\"\" width=\"150\" height=\"150\" srcset=\"https:\/\/secure.cief.org\/wp\/wp-content\/uploads\/2025\/03\/consulatfrancecap-150x150.jpg 150w, https:\/\/secure.cief.org\/wp\/wp-content\/uploads\/2025\/03\/consulatfrancecap-200x200.jpg 200w, https:\/\/secure.cief.org\/wp\/wp-content\/uploads\/2025\/03\/consulatfrancecap-130x130.jpg 130w, https:\/\/secure.cief.org\/wp\/wp-content\/uploads\/2025\/03\/consulatfrancecap-67x67.jpg 67w, https:\/\/secure.cief.org\/wp\/wp-content\/uploads\/2025\/03\/consulatfrancecap-40x40.jpg 40w, https:\/\/secure.cief.org\/wp\/wp-content\/uploads\/2025\/03\/consulatfrancecap-184x184.jpg 184w\" sizes=\"(max-width: 150px) 100vw, 150px\" \/><\/a><\/p>\n<p align=\"left\"><img loading=\"lazy\" decoding=\"async\" class=\"details-image\" draggable=\"false\" src=\"https:\/\/secure.cief.org\/wp\/wp-content\/uploads\/2025\/05\/Rice-Humanities-Modern-and-Classical-Lit.-and-Cultures-Dept.-color-logo-formal.jpg\" alt=\"\" width=\"525\" height=\"156\" \/><\/p>\n<p align=\"left\">\n","protected":false},"excerpt":{"rendered":"<p>Le CI\u00c9F remercie chaleureusement les organismes et institutions dont la collaboration et le soutien g\u00e9n\u00e9reux permettent la r\u00e9alisation du congr\u00e8s et l&rsquo;\u00e9panouissement de notre organisation. Congr\u00e8s 2025 au Cap, Afrique du Sud<\/p>\n","protected":false},"author":1,"featured_media":0,"parent":270854,"menu_order":0,"comment_status":"closed","ping_status":"closed","template":"page-congres-2025.php","meta":{"footnotes":""},"categories":[37],"tags":[],"class_list":["post-270859","page","type-page","status-publish","hentry","category-congres-2025"],"_links":{"self":[{"href":"https:\/\/secure.cief.org\/wp\/index.php?rest_route=\/wp\/v2\/pages\/270859","targetHints":{"allow":["GET"]}}],"collection":[{"href":"https:\/\/secure.cief.org\/wp\/index.php?rest_route=\/wp\/v2\/pages"}],"about":[{"href":"https:\/\/secure.cief.org\/wp\/index.php?rest_route=\/wp\/v2\/types\/page"}],"author":[{"embeddable":true,"href":"https:\/\/secure.cief.org\/wp\/index.php?rest_route=\/wp\/v2\/users\/1"}],"replies":[{"embeddable":true,"href":"https:\/\/secure.cief.org\/wp\/index.php?rest_route=%2Fwp%2Fv2%2Fcomments&post=270859"}],"version-history":[{"count":10,"href":"https:\/\/secure.cief.org\/wp\/index.php?rest_route=\/wp\/v2\/pages\/270859\/revisions"}],"predecessor-version":[{"id":296896,"href":"https:\/\/secure.cief.org\/wp\/index.php?rest_route=\/wp\/v2\/pages\/270859\/revisions\/296896"}],"up":[{"embeddable":true,"href":"https:\/\/secure.cief.org\/wp\/index.php?rest_route=\/wp\/v2\/pages\/270854"}],"wp:attachment":[{"href":"https:\/\/secure.cief.org\/wp\/index.php?rest_route=%2Fwp%2Fv2%2Fmedia&parent=270859"}],"wp:term":[{"taxonomy":"category","embeddable":true,"href":"https:\/\/secure.cief.org\/wp\/index.php?rest_route=%2Fwp%2Fv2%2Fcategories&post=270859"},{"taxonomy":"post_tag","embeddable":true,"href":"https:\/\/secure.cief.org\/wp\/index.php?rest_route=%2Fwp%2Fv2%2Ftags&post=270859"}],"curies":[{"name":"wp","href":"https:\/\/api.w.org\/{rel}","templated":true}]}}