{"id":281,"date":"2014-04-04T08:53:20","date_gmt":"2014-04-04T08:53:20","guid":{"rendered":"https:\/\/secure.cief.org\/wp\/?page_id=281"},"modified":"2016-06-10T09:25:55","modified_gmt":"2016-06-10T09:25:55","slug":"partenaires-du-congres","status":"publish","type":"page","link":"https:\/\/secure.cief.org\/wp\/?page_id=281","title":{"rendered":"Partenaires du congr\u00e8s"},"content":{"rendered":"<p align=\"left\">Le CI\u00c9F remercie chaleureusement les organismes et institutions dont la collaboration et le soutien g\u00e9n\u00e9reux permettent la r\u00e9alisation du congr\u00e8s et l&rsquo;\u00e9panouissement de notre organisation.<\/p>\n<p align=\"center\"><a href=\"http:\/\/www.kennesaw.edu\/\"><img loading=\"lazy\" decoding=\"async\" src=\"http:\/\/cief.org\/congres\/2014\/images\/kennesaw.jpg\" alt=\"Kennesaw U\" width=\"200\" height=\"51\" border=\"0\" \/><\/a><\/p>\n","protected":false},"excerpt":{"rendered":"<p>Le CI\u00c9F remercie chaleureusement les organismes et institutions dont la collaboration et le soutien g\u00e9n\u00e9reux permettent la r\u00e9alisation du congr\u00e8s et l&rsquo;\u00e9panouissement de notre organisation.<\/p>\n","protected":false},"author":1,"featured_media":0,"parent":265,"menu_order":0,"comment_status":"closed","ping_status":"open","template":"page-congres-2016.php","meta":{"footnotes":""},"categories":[4,12],"tags":[],"class_list":["post-281","page","type-page","status-publish","hentry","category-cief","category-congres-2016"],"_links":{"self":[{"href":"https:\/\/secure.cief.org\/wp\/index.php?rest_route=\/wp\/v2\/pages\/281","targetHints":{"allow":["GET"]}}],"collection":[{"href":"https:\/\/secure.cief.org\/wp\/index.php?rest_route=\/wp\/v2\/pages"}],"about":[{"href":"https:\/\/secure.cief.org\/wp\/index.php?rest_route=\/wp\/v2\/types\/page"}],"author":[{"embeddable":true,"href":"https:\/\/secure.cief.org\/wp\/index.php?rest_route=\/wp\/v2\/users\/1"}],"replies":[{"embeddable":true,"href":"https:\/\/secure.cief.org\/wp\/index.php?rest_route=%2Fwp%2Fv2%2Fcomments&post=281"}],"version-history":[{"count":4,"href":"https:\/\/secure.cief.org\/wp\/index.php?rest_route=\/wp\/v2\/pages\/281\/revisions"}],"predecessor-version":[{"id":528,"href":"https:\/\/secure.cief.org\/wp\/index.php?rest_route=\/wp\/v2\/pages\/281\/revisions\/528"}],"up":[{"embeddable":true,"href":"https:\/\/secure.cief.org\/wp\/index.php?rest_route=\/wp\/v2\/pages\/265"}],"wp:attachment":[{"href":"https:\/\/secure.cief.org\/wp\/index.php?rest_route=%2Fwp%2Fv2%2Fmedia&parent=281"}],"wp:term":[{"taxonomy":"category","embeddable":true,"href":"https:\/\/secure.cief.org\/wp\/index.php?rest_route=%2Fwp%2Fv2%2Fcategories&post=281"},{"taxonomy":"post_tag","embeddable":true,"href":"https:\/\/secure.cief.org\/wp\/index.php?rest_route=%2Fwp%2Fv2%2Ftags&post=281"}],"curies":[{"name":"wp","href":"https:\/\/api.w.org\/{rel}","templated":true}]}}