{"id":300273,"date":"2025-06-24T12:52:07","date_gmt":"2025-06-24T12:52:07","guid":{"rendered":"https:\/\/secure.cief.org\/wp\/?page_id=300273"},"modified":"2026-01-29T17:21:43","modified_gmt":"2026-01-29T17:21:43","slug":"hotel-du-congres-2-2","status":"publish","type":"page","link":"https:\/\/secure.cief.org\/wp\/?page_id=300273","title":{"rendered":"H\u00f4tel du congr\u00e8s"},"content":{"rendered":"<h2 style=\"text-align: center;\"><span style=\"color: #008000;\"><strong>Les H\u00f4tels du Congr\u00e8s<\/strong><\/span><\/h2>\n<h3><span style=\"color: #800000;\"><strong>1. EL BEDEL<\/strong><\/span><\/h3>\n<p><a href=\"https:\/\/secure.cief.org\/wp\/wp-content\/uploads\/2026\/01\/bedel1.png\"><img loading=\"lazy\" decoding=\"async\" class=\"alignleft wp-image-315792 size-thumbnail\" src=\"https:\/\/secure.cief.org\/wp\/wp-content\/uploads\/2026\/01\/bedel1-150x150.png\" alt=\"\" width=\"150\" height=\"150\" srcset=\"https:\/\/secure.cief.org\/wp\/wp-content\/uploads\/2026\/01\/bedel1-150x150.png 150w, https:\/\/secure.cief.org\/wp\/wp-content\/uploads\/2026\/01\/bedel1-200x200.png 200w, https:\/\/secure.cief.org\/wp\/wp-content\/uploads\/2026\/01\/bedel1-130x130.png 130w, https:\/\/secure.cief.org\/wp\/wp-content\/uploads\/2026\/01\/bedel1-67x67.png 67w, https:\/\/secure.cief.org\/wp\/wp-content\/uploads\/2026\/01\/bedel1-40x40.png 40w, https:\/\/secure.cief.org\/wp\/wp-content\/uploads\/2026\/01\/bedel1-184x184.png 184w\" sizes=\"(max-width: 150px) 100vw, 150px\" \/><\/a>Site web : <a href=\"https:\/\/www.hotelelbedel.com\/\">https:\/\/www.hotelelbedel.com\/<\/a><br \/>\nAdresse : Plaza San Diego 8, Alcal\u00e1 de Henares<br \/>\nDates de disponibilit\u00e9 : Du 20 au 27 juin (nuit\u00e9es suppl\u00e9mentaires avant et apr\u00e8s le congr\u00e8s, selon les disponibilit\u00e9s)\u00a0 \u00a0 \u00a0 \u00a0 Petit d\u00e9jeuner : 12\u20ac par personne<\/p>\n<p><strong>R\u00e9servation :<\/strong> Contacter l&rsquo;h\u00f4tel \u00e0 l\u2019adresse suivante\u00a0: info@hotelelbedel.com ou <a href=\"mailto:reservas@hotelelbedel.com\">reservas@hotelelbedel.com<\/a>\u00a0 T\u00e9l.: +34 918 88 67 26 et <strong>mentionner R\u00e9servation CIEF Conference<\/strong><\/p>\n<p><strong>Annulation :<\/strong> Jusqu&rsquo;\u00e0 2 jours avant la r\u00e9servation\u00a0: pas de frais<a href=\"https:\/\/secure.cief.org\/wp\/wp-content\/uploads\/2026\/01\/bedel2.png\"><img loading=\"lazy\" decoding=\"async\" class=\"alignright wp-image-315793 size-medium\" src=\"https:\/\/secure.cief.org\/wp\/wp-content\/uploads\/2026\/01\/bedel2-300x172.png\" alt=\"\" width=\"300\" height=\"172\" srcset=\"https:\/\/secure.cief.org\/wp\/wp-content\/uploads\/2026\/01\/bedel2-300x172.png 300w, https:\/\/secure.cief.org\/wp\/wp-content\/uploads\/2026\/01\/bedel2-95x54.png 95w, https:\/\/secure.cief.org\/wp\/wp-content\/uploads\/2026\/01\/bedel2.png 500w\" sizes=\"(max-width: 300px) 100vw, 300px\" \/><\/a><br \/>\nMoins de 2 jours: 50% du montant total<br \/>\nNo show: 100% de frais.<\/p>\n<p><strong>Chambres et tarifs (taxes comprises)<\/strong><\/p>\n<table>\n<thead>\n<tr>\n<td><strong>Cat\u00e9gorie de chambre<\/strong><\/td>\n<td><strong>Tarif (taxes comprises)<\/strong><\/td>\n<\/tr>\n<\/thead>\n<tbody>\n<tr>\n<td>Attic Double Room<\/td>\n<td>105 \u20ac<\/td>\n<\/tr>\n<tr>\n<td>Standard Double Room<\/td>\n<td>114 \u20ac<\/td>\n<\/tr>\n<tr>\n<td>Superior double room<br \/>\n(Plaza view)<\/td>\n<td>132 \u20ac<\/td>\n<\/tr>\n<\/tbody>\n<\/table>\n<p><a href=\"https:\/\/secure.cief.org\/wp\/wp-content\/uploads\/2026\/01\/bedel3.png\"><img loading=\"lazy\" decoding=\"async\" class=\"aligncenter wp-image-315794 size-medium\" src=\"https:\/\/secure.cief.org\/wp\/wp-content\/uploads\/2026\/01\/bedel3-300x146.png\" alt=\"\" width=\"300\" height=\"146\" srcset=\"https:\/\/secure.cief.org\/wp\/wp-content\/uploads\/2026\/01\/bedel3-300x146.png 300w, https:\/\/secure.cief.org\/wp\/wp-content\/uploads\/2026\/01\/bedel3.png 500w\" sizes=\"(max-width: 300px) 100vw, 300px\" \/><\/a><\/p>\n<h3><\/h3>\n<h3><span style=\"color: #800000;\"><strong>2. CASA Y FONDA 1888<\/strong><\/span><\/h3>\n<p><a href=\"https:\/\/secure.cief.org\/wp\/wp-content\/uploads\/2026\/01\/casayfonda.png\"><img loading=\"lazy\" decoding=\"async\" class=\"alignleft wp-image-315795 size-medium\" src=\"https:\/\/secure.cief.org\/wp\/wp-content\/uploads\/2026\/01\/casayfonda-300x200.png\" alt=\"\" width=\"300\" height=\"200\" srcset=\"https:\/\/secure.cief.org\/wp\/wp-content\/uploads\/2026\/01\/casayfonda-300x200.png 300w, https:\/\/secure.cief.org\/wp\/wp-content\/uploads\/2026\/01\/casayfonda-140x94.png 140w, https:\/\/secure.cief.org\/wp\/wp-content\/uploads\/2026\/01\/casayfonda.png 518w\" sizes=\"(max-width: 300px) 100vw, 300px\" \/><\/a>Adresse : Plaza San Diego 8, Alcal\u00e1 de Henares<br \/>\nDates de disponibilit\u00e9 : Du 20 au 27 juin (nuit\u00e9es suppl\u00e9mentaires avant et apr\u00e8s le congr\u00e8s, selon les disponibilit\u00e9s)<br \/>\nPetit d\u00e9jeuner : 12\u20ac par personne<\/p>\n<p><strong>R\u00e9servation :<\/strong> Contacter l&rsquo;h\u00f4tel : info@hotelelbedel.com ou reservas@hotelelbedel.com<br \/>\nT\u00e9l.: +34 918 88 67 26 et <strong>mentionner R\u00e9servation CIEF Conference<\/strong><strong>Annulation : <\/strong>Jusqu&rsquo;\u00e0 2 jours avant: pas de frais<strong><br \/>\n<\/strong>Moins de 2 jours: 50% du montant total<br \/>\nNo show: 100% de frais.<\/p>\n<p><strong>Chambres et tarifs (taxes comprises)<\/strong><\/p>\n<table>\n<thead>\n<tr>\n<td><strong>Cat\u00e9gorie de chambre<\/strong><\/td>\n<td><strong>Tarif (taxes comprises)<\/strong><\/td>\n<\/tr>\n<\/thead>\n<tbody>\n<tr>\n<td>Interior double room<\/td>\n<td>106 \u20ac<\/td>\n<\/tr>\n<tr>\n<td>Double room<\/td>\n<td>118 \u20ac<\/td>\n<\/tr>\n<tr>\n<td>Exterior double room<br \/>\n(Plaza view)<\/td>\n<td>124 \u20ac<\/td>\n<\/tr>\n<tr>\n<td>Deluxe Double Room<br \/>\n(plaza view)<\/td>\n<td>132 \u20ac<\/td>\n<\/tr>\n<\/tbody>\n<\/table>\n<p>&nbsp;<\/p>\n<h3><span style=\"color: #800000;\"><strong>3. EVENIA Alcal\u00e1 Boutique<\/strong><\/span><\/h3>\n<p><a href=\"https:\/\/secure.cief.org\/wp\/wp-content\/uploads\/2026\/01\/evenia2.png\"><img loading=\"lazy\" decoding=\"async\" class=\"alignleft wp-image-315797 size-medium\" src=\"https:\/\/secure.cief.org\/wp\/wp-content\/uploads\/2026\/01\/evenia2-300x142.png\" alt=\"\" width=\"300\" height=\"142\" srcset=\"https:\/\/secure.cief.org\/wp\/wp-content\/uploads\/2026\/01\/evenia2-300x142.png 300w, https:\/\/secure.cief.org\/wp\/wp-content\/uploads\/2026\/01\/evenia2.png 508w\" sizes=\"(max-width: 300px) 100vw, 300px\" \/><\/a>Site web : <a href=\"https:\/\/eveniahotels.com\/city\/alcala-de-henares\/evenia-alcala-boutique\">https:\/\/eveniahotels.com\/city\/alcala-de-henares\/evenia-alcala-boutique<\/a><br \/>\nAdresse : Cardenal Cisneros, 22, Alcal\u00e1 de Henares<br \/>\nDates de disponibilit\u00e9 : Du 22 au 26 juin (nuit\u00e9es suppl\u00e9mentaires avant et apr\u00e8s le congr\u00e8s, selon les disponibilit\u00e9s)<br \/>\nPetit d\u00e9jeuner : Inclus<\/p>\n<p><strong>R\u00e9servation : <\/strong>Email : grupos@eveniahotels.com<strong>. Mentionner \u201cCIEF CONFERENCE EVENIA ALCALA\u201d<br \/>\nInclure : Nom, email, et No de t\u00e9l.<\/strong><\/p>\n<p><strong>Annulation <\/strong>: Jusqu&rsquo;\u00e0 3 jours avant: pas de frais<a href=\"https:\/\/secure.cief.org\/wp\/wp-content\/uploads\/2026\/01\/evenia1.jpg\"><img loading=\"lazy\" decoding=\"async\" class=\"alignright wp-image-315796 size-medium\" src=\"https:\/\/secure.cief.org\/wp\/wp-content\/uploads\/2026\/01\/evenia1-300x191.jpg\" alt=\"\" width=\"300\" height=\"191\" srcset=\"https:\/\/secure.cief.org\/wp\/wp-content\/uploads\/2026\/01\/evenia1-300x191.jpg 300w, https:\/\/secure.cief.org\/wp\/wp-content\/uploads\/2026\/01\/evenia1-768x488.jpg 768w, https:\/\/secure.cief.org\/wp\/wp-content\/uploads\/2026\/01\/evenia1.jpg 779w\" sizes=\"(max-width: 300px) 100vw, 300px\" \/><\/a><br \/>\nMoins de 3 jours: 50% du montant total<br \/>\nLe jour de la r\u00e9servation ou no show : 100% de frais.<\/p>\n<p><strong>Chambres et tarifs (taxes comprises)<\/strong><\/p>\n<table>\n<thead>\n<tr>\n<td><strong>Cat\u00e9gorie de chambre<\/strong><\/td>\n<td><strong>Tarif (taxes comprises)<\/strong><\/td>\n<\/tr>\n<\/thead>\n<tbody>\n<tr>\n<td>Double Room<\/td>\n<td>Pour une personne: 94.50\u20ac<br \/>\nPour deux personnes: 106.00\u20ac<\/td>\n<\/tr>\n<\/tbody>\n<\/table>\n<p>&nbsp;<\/p>\n<h3><span style=\"color: #800000;\"><strong>4. PCM FORUM ALCAL\u00c1<\/strong><\/span><\/h3>\n<p><a href=\"https:\/\/secure.cief.org\/wp\/wp-content\/uploads\/2026\/01\/forumalcala1.jpg\"><img loading=\"lazy\" decoding=\"async\" class=\"alignleft wp-image-315798 size-medium\" src=\"https:\/\/secure.cief.org\/wp\/wp-content\/uploads\/2026\/01\/forumalcala1-300x201.jpg\" alt=\"\" width=\"300\" height=\"201\" srcset=\"https:\/\/secure.cief.org\/wp\/wp-content\/uploads\/2026\/01\/forumalcala1-300x201.jpg 300w, https:\/\/secure.cief.org\/wp\/wp-content\/uploads\/2026\/01\/forumalcala1-768x514.jpg 768w, https:\/\/secure.cief.org\/wp\/wp-content\/uploads\/2026\/01\/forumalcala1-140x94.jpg 140w, https:\/\/secure.cief.org\/wp\/wp-content\/uploads\/2026\/01\/forumalcala1.jpg 785w\" sizes=\"(max-width: 300px) 100vw, 300px\" \/><\/a>Adresse : Bulgaria 2, 28802 Alcal\u00e1 de Henares<br \/>\nDates de disponibilit\u00e9 : Du 22 au 28 juin (nuit\u00e9es suppl\u00e9mentaires avant et apr\u00e8s le congr\u00e8s, selon les disponibilit\u00e9s)<br \/>\nPetit d\u00e9jeuner : Inclus<\/p>\n<p><strong>R\u00e9servation : Email: <\/strong><a href=\"mailto:forumalcala@pcmhoteles.com\">forumalcala@pcmhoteles.com<\/a> Tel: +34 91 291 85 00<br \/>\n<strong>Mentionner CIEF Conference, code de R\u00e9servation: UAM<\/strong><\/p>\n<p><strong>Annulation <\/strong>: Jusqu&rsquo;\u00e0 45 jours avant: pas de frais<a href=\"https:\/\/secure.cief.org\/wp\/wp-content\/uploads\/2026\/01\/forumalcala2.jpg\"><img loading=\"lazy\" decoding=\"async\" class=\"alignright wp-image-315799 size-medium\" src=\"https:\/\/secure.cief.org\/wp\/wp-content\/uploads\/2026\/01\/forumalcala2-300x200.jpg\" alt=\"\" width=\"300\" height=\"200\" srcset=\"https:\/\/secure.cief.org\/wp\/wp-content\/uploads\/2026\/01\/forumalcala2-300x200.jpg 300w, https:\/\/secure.cief.org\/wp\/wp-content\/uploads\/2026\/01\/forumalcala2-768x513.jpg 768w, https:\/\/secure.cief.org\/wp\/wp-content\/uploads\/2026\/01\/forumalcala2-140x94.jpg 140w, https:\/\/secure.cief.org\/wp\/wp-content\/uploads\/2026\/01\/forumalcala2.jpg 791w\" sizes=\"(max-width: 300px) 100vw, 300px\" \/><\/a><br \/>\nde 44 \u00e0 15 jours: 1 nuit\u00e9e<br \/>\nde 14 \u00e0 1 jour: 2 nuit\u00e9es<br \/>\nLe jour de la r\u00e9servation ou no show : 100% de frais.<\/p>\n<p><strong>Chambres et tarifs (taxes comprises)<\/strong><\/p>\n<table>\n<thead>\n<tr>\n<td><strong>Cat\u00e9gorie de chambre<\/strong><\/td>\n<td><strong>Tarif (taxes comprises)<\/strong><\/td>\n<\/tr>\n<\/thead>\n<tbody>\n<tr>\n<td>Double room<\/td>\n<td>154 \u20ac<\/td>\n<\/tr>\n<\/tbody>\n<\/table>\n<p><strong> <a href=\"https:\/\/secure.cief.org\/wp\/wp-content\/uploads\/2026\/01\/forumalcala3.jpg\"><img loading=\"lazy\" decoding=\"async\" class=\"aligncenter wp-image-315800 size-medium\" src=\"https:\/\/secure.cief.org\/wp\/wp-content\/uploads\/2026\/01\/forumalcala3-300x201.jpg\" alt=\"\" width=\"300\" height=\"201\" srcset=\"https:\/\/secure.cief.org\/wp\/wp-content\/uploads\/2026\/01\/forumalcala3-300x201.jpg 300w, https:\/\/secure.cief.org\/wp\/wp-content\/uploads\/2026\/01\/forumalcala3-768x514.jpg 768w, https:\/\/secure.cief.org\/wp\/wp-content\/uploads\/2026\/01\/forumalcala3-140x94.jpg 140w, https:\/\/secure.cief.org\/wp\/wp-content\/uploads\/2026\/01\/forumalcala3.jpg 785w\" sizes=\"(max-width: 300px) 100vw, 300px\" \/><\/a><\/strong><\/p>\n","protected":false},"excerpt":{"rendered":"<p>Les H\u00f4tels du Congr\u00e8s 1. EL BEDEL Site web : https:\/\/www.hotelelbedel.com\/ Adresse : Plaza San Diego 8, Alcal\u00e1 de Henares Dates de disponibilit\u00e9 : Du 20 au 27 juin (nuit\u00e9es suppl\u00e9mentaires avant et apr\u00e8s le congr\u00e8s, selon les disponibilit\u00e9s)\u00a0 \u00a0 \u00a0 \u00a0 Petit d\u00e9jeuner : 12\u20ac par personne R\u00e9servation : Contacter l&rsquo;h\u00f4tel \u00e0 l\u2019adresse suivante\u00a0: [&hellip;]<\/p>\n","protected":false},"author":1,"featured_media":0,"parent":300276,"menu_order":0,"comment_status":"closed","ping_status":"closed","template":"page-congres.php","meta":{"footnotes":""},"categories":[38],"tags":[],"class_list":["post-300273","page","type-page","status-publish","hentry","category-congres-2026"],"_links":{"self":[{"href":"https:\/\/secure.cief.org\/wp\/index.php?rest_route=\/wp\/v2\/pages\/300273","targetHints":{"allow":["GET"]}}],"collection":[{"href":"https:\/\/secure.cief.org\/wp\/index.php?rest_route=\/wp\/v2\/pages"}],"about":[{"href":"https:\/\/secure.cief.org\/wp\/index.php?rest_route=\/wp\/v2\/types\/page"}],"author":[{"embeddable":true,"href":"https:\/\/secure.cief.org\/wp\/index.php?rest_route=\/wp\/v2\/users\/1"}],"replies":[{"embeddable":true,"href":"https:\/\/secure.cief.org\/wp\/index.php?rest_route=%2Fwp%2Fv2%2Fcomments&post=300273"}],"version-history":[{"count":8,"href":"https:\/\/secure.cief.org\/wp\/index.php?rest_route=\/wp\/v2\/pages\/300273\/revisions"}],"predecessor-version":[{"id":315804,"href":"https:\/\/secure.cief.org\/wp\/index.php?rest_route=\/wp\/v2\/pages\/300273\/revisions\/315804"}],"up":[{"embeddable":true,"href":"https:\/\/secure.cief.org\/wp\/index.php?rest_route=\/wp\/v2\/pages\/300276"}],"wp:attachment":[{"href":"https:\/\/secure.cief.org\/wp\/index.php?rest_route=%2Fwp%2Fv2%2Fmedia&parent=300273"}],"wp:term":[{"taxonomy":"category","embeddable":true,"href":"https:\/\/secure.cief.org\/wp\/index.php?rest_route=%2Fwp%2Fv2%2Fcategories&post=300273"},{"taxonomy":"post_tag","embeddable":true,"href":"https:\/\/secure.cief.org\/wp\/index.php?rest_route=%2Fwp%2Fv2%2Ftags&post=300273"}],"curies":[{"name":"wp","href":"https:\/\/api.w.org\/{rel}","templated":true}]}}