{"id":300275,"date":"2025-06-24T12:54:39","date_gmt":"2025-06-24T12:54:39","guid":{"rendered":"https:\/\/secure.cief.org\/wp\/?page_id=300275"},"modified":"2026-03-29T06:45:22","modified_gmt":"2026-03-29T06:45:22","slug":"renseignements-pratiques-2-2","status":"publish","type":"page","link":"https:\/\/secure.cief.org\/wp\/?page_id=300275","title":{"rendered":"Renseignements pratiques"},"content":{"rendered":"<h4><span style=\"color: #008000;\">Adh\u00e9sion au CI\u00c9F<\/span><\/h4>\r\n<p>Comme il est d&rsquo;usage, votre adh\u00e9sion au CI\u00c9F est requise afin de pouvoir vous inscrire et participer au congr\u00e8s. La date limite pour r\u00e9gler votre adh\u00e9sion est le 1er f\u00e9vrier au-del\u00e0 de quoi le titre de votre communication sera retir\u00e9 du programme du congr\u00e8s.<\/p>\r\n<h4 align=\"justify\"><span style=\"color: #008000;\">Inscription au congr\u00e8s<\/span><\/h4>\r\n<p align=\"justify\">La date limite pour jouir du tarif r\u00e9gulier est le 28 f\u00e9vrier. Au-del\u00e0 de cette date, les tarifs augmenteront r\u00e9guli\u00e8rement. En cas de d\u00e9sistement, et sur demande envoy\u00e9e \u00e0 la secr\u00e9taire-tr\u00e9sori\u00e8re de l\u2019association (<a href=\"mailto:secretaire@cief.org\">secretaire@cief.org<\/a>), le CI\u00c9F remboursera 100% des frais d\u2019inscription jusqu\u2019au 28 f\u00e9vrier et 50% du 1er au 31 mars. <strong>Aucun remboursement ne sera effectu\u00e9 pour les d\u00e9sistements apr\u00e8s le 31 mars.<\/strong><\/p>\r\n<h4 align=\"justify\"><span style=\"color: #008000;\">Prix Jeune Chercheur<\/span><\/h4>\r\n<p align=\"justify\">La date limite de soumission des communications compl\u00e8tes \u00e0 la <a href=\"mailto:secretaire@cief.org\">secr\u00e9taire-tr\u00e9sori\u00e8re<\/a> est le<strong> 1er mai pr\u00e9c\u00e9dant chaque congr\u00e8s. <\/strong>Si vous souhaitez soumettre votre communication, pri\u00e8re de consulter la <a href=\"https:\/\/secure.cief.org\/wp\/?page_id=103\">page Prix jeune chercheur<\/a>.<\/p>\r\n<h3><span style=\"color: #008000;\">Il y a diff\u00e9rentes options pour rejoindre Alcal\u00e1 de Henares depuis l&rsquo;a\u00e9roport Madrid-Barajas.<\/span><\/h3>\r\n<p><strong>OPTION 1 &#8211; TRAIN DE BANLIEUE (<em>\u00ab\u00a0CERCAN\u00cdAS\u00a0\u00bb\u00a0<\/em>en espagnol)<\/strong><\/p>\r\n<p>Il faut se rendre au Terminal 4 (T4) o\u00f9 se trouve la gare. Si le vol arrive aux a\u00e9rogares T1, T2 ou T3, pas de panique : il y a une navette gratuite qui circule entre les terminaux. Il faut alors compter 15 \u00e0 20 minutes de trajet jusqu&rsquo;au T4. Le train arrive \u00e0 la gare Chamart\u00edn et puis, il faut prendre la ligne C-2 du r\u00e9seau Cercan\u00edas (trains de banlieue) qui relie directement la gare avec la ville d&rsquo;Alcal\u00e1 de Henares. Le trajet dure environ 1 heure. Les billets peuvent \u00eatre acheter aux distributeurs automatiques pr\u00e9sents dans la gare Aeropuerto T4. Ce doit co\u00fbter environ 5 euros. Le seul probl\u00e8me c\u2019est qu\u2019il n&rsquo;y a pas de trajet direct\u00a0: il faut se rendre a la gare Chamartin et ensuite prendre le train de banlieue.<\/p>\r\n<p><strong>OPTION 2 -TAXI OU VTC (Uber, Cabify, Bolt)<\/strong><\/p>\r\n<p>Taxi officiel : Les taxis de Madrid sont blancs avec une bande rouge diagonale. On peut en prendre un directement \u00e0 la sortie de chaque terminal (zone \u00ab Taxis \u00bb). Le tarif fixe officiel entre Barajas et le centre-ville de Madrid est de 33 \u20ac, mais pour Alcal\u00e1 de Henares (environ 30 km \u00e0 l&rsquo;est), le prix sera bas\u00e9 sur le compteur. Pr\u00e9voire entre 50 \u20ac et 60 \u20ac selon la circulation.<\/p>\r\n<p>Uber \/ Cabify \/ Bolt : Ces deux services sont disponibles depuis l&rsquo;a\u00e9roport. Le prix est g\u00e9n\u00e9ralement comparable au taxi, voire l\u00e9g\u00e8rement inf\u00e9rieur : entre 40 \u20ac et 55 \u20ac pour Alcal\u00e1.<\/p>\r\n<p><strong>OPTION 3 &#8211; BUS\u00a0824\u00a0<\/strong><\/p>\r\n<p>Il existe \u00e9galement une ligne de bus directe, la ligne 824, qui relie l&rsquo;a\u00e9roport de Barajas \u00e0 Alcal\u00e1 de Henares. Le bus 824 sert les terminaux T1, T2 et T4. Il est donc accessible depuis la plupart des arriv\u00e9es sans avoir \u00e0 prendre de navette.<\/p>\r\n<p>Le trajet dure environ 45 \u00e0 60 minutes selon la circulation et les arr\u00eats interm\u00e9diaires.<\/p>\r\n<p>C&rsquo;est direct et donc, plus pratique. Et c&rsquo;est l&rsquo;option la moins ch\u00e8re, moins de 4 euros.\u00a0<\/p>\r\n<p>\u00a0(<a href=\"https:\/\/nam02.safelinks.protection.outlook.com\/?url=https%3A%2F%2Fcrtm.es%2Ftu-transporte-publico%2Fautobuses-interurbanos%2Flineas%2F8__824___%3Flang%3Den&amp;data=05%7C02%7Cccalarge%40fau.edu%7Cb0bfddafa4e5487b389b08de8bdc6678%7C63c3c9c1e824413fb4352f0cabb2828f%7C0%7C0%7C639101975946695740%7CUnknown%7CTWFpbGZsb3d8eyJFbXB0eU1hcGkiOnRydWUsIlYiOiIwLjAuMDAwMCIsIlAiOiJXaW4zMiIsIkFOIjoiTWFpbCIsIldUIjoyfQ%3D%3D%7C0%7C%7C%7C&amp;sdata=cakGjjaL2egD%2BSfaZwkx8E3b2YVBL4%2B0TP95FbqcL0E%3D&amp;reserved=0\">https:\/\/crtm.es\/tu-transporte-publico\/autobuses-interurbanos\/lineas\/8__824___?lang=en<\/a>)<\/p>\r\n<p>&nbsp;<\/p>\r\n\r\n\r\n\r\n\r\n","protected":false},"excerpt":{"rendered":"<p>Adh\u00e9sion au CI\u00c9F Comme il est d&rsquo;usage, votre adh\u00e9sion au CI\u00c9F est requise afin de pouvoir vous inscrire et participer au congr\u00e8s. La date limite pour r\u00e9gler votre adh\u00e9sion est le 1er f\u00e9vrier au-del\u00e0 de quoi le titre de votre communication sera retir\u00e9 du programme du congr\u00e8s. Inscription au congr\u00e8s La date limite pour jouir [&hellip;]<\/p>\n","protected":false},"author":1,"featured_media":0,"parent":300276,"menu_order":0,"comment_status":"closed","ping_status":"closed","template":"page-congres.php","meta":{"footnotes":""},"categories":[38],"tags":[],"class_list":["post-300275","page","type-page","status-publish","hentry","category-congres-2026"],"_links":{"self":[{"href":"https:\/\/secure.cief.org\/wp\/index.php?rest_route=\/wp\/v2\/pages\/300275","targetHints":{"allow":["GET"]}}],"collection":[{"href":"https:\/\/secure.cief.org\/wp\/index.php?rest_route=\/wp\/v2\/pages"}],"about":[{"href":"https:\/\/secure.cief.org\/wp\/index.php?rest_route=\/wp\/v2\/types\/page"}],"author":[{"embeddable":true,"href":"https:\/\/secure.cief.org\/wp\/index.php?rest_route=\/wp\/v2\/users\/1"}],"replies":[{"embeddable":true,"href":"https:\/\/secure.cief.org\/wp\/index.php?rest_route=%2Fwp%2Fv2%2Fcomments&post=300275"}],"version-history":[{"count":4,"href":"https:\/\/secure.cief.org\/wp\/index.php?rest_route=\/wp\/v2\/pages\/300275\/revisions"}],"predecessor-version":[{"id":319408,"href":"https:\/\/secure.cief.org\/wp\/index.php?rest_route=\/wp\/v2\/pages\/300275\/revisions\/319408"}],"up":[{"embeddable":true,"href":"https:\/\/secure.cief.org\/wp\/index.php?rest_route=\/wp\/v2\/pages\/300276"}],"wp:attachment":[{"href":"https:\/\/secure.cief.org\/wp\/index.php?rest_route=%2Fwp%2Fv2%2Fmedia&parent=300275"}],"wp:term":[{"taxonomy":"category","embeddable":true,"href":"https:\/\/secure.cief.org\/wp\/index.php?rest_route=%2Fwp%2Fv2%2Fcategories&post=300275"},{"taxonomy":"post_tag","embeddable":true,"href":"https:\/\/secure.cief.org\/wp\/index.php?rest_route=%2Fwp%2Fv2%2Ftags&post=300275"}],"curies":[{"name":"wp","href":"https:\/\/api.w.org\/{rel}","templated":true}]}}