{"id":300276,"date":"2025-06-24T12:44:49","date_gmt":"2025-06-24T12:44:49","guid":{"rendered":"https:\/\/secure.cief.org\/wp\/?page_id=300276"},"modified":"2026-05-14T02:05:16","modified_gmt":"2026-05-14T02:05:16","slug":"38e-congres-mondial-du-cief-a-moncton-au-canada-du-24-au-30-juin-2024-2-2","status":"publish","type":"page","link":"https:\/\/secure.cief.org\/wp\/?page_id=300276","title":{"rendered":"Congr\u00e8s mondial du CI\u00c9F \u00e0 Alcal\u00e1 de Henares, Espagne Du 22 au 28 juin 2026"},"content":{"rendered":"<h3 class=\"p2\" style=\"text-align: center;\"><span style=\"color: #008000;\"><b>Th\u00e8me directeur du congr\u00e8s:<\/b><\/span><\/h3>\n<h2 class=\"p2\" style=\"text-align: center;\"><span style=\"color: #008000;\"><b>En d&rsquo;autres mondes : i<\/b><b>maginaires francophones et utopies en mouvement<\/b><\/span><\/h2>\n<h4><a href=\"https:\/\/secure.cief.org\/wp\/wp-content\/uploads\/2026\/05\/Programme-Pre\u0301liminaire-Alcala-13-05-2026.docx.pdf\"><strong>Programme pr\u00e9liminaire du 13 mai 2026 (cliquer)<\/strong><\/a><\/h4>\n<p>&nbsp;<\/p>\n<p class=\"p1\">Le Conseil International d\u2019\u00c9tudes Francophones lance son appel \u00e0 communications pour le congr\u00e8s annuel qui se tiendra du 22 au 26 juin 2026 \u00e0 Alcal\u00e1 de Henares, ville historique espagnole, class\u00e9e au\u00a0patrimoine mondial de l\u2019UNESCO. C\u00e9l\u00e8bre pour avoir vu na\u00eetre Miguel de Cervant\u00e8s, cette cit\u00e9\u00a0universitaire situ\u00e9e \u00e0 une trentaine de kilom\u00e8tres de Madrid est un carrefour intellectuel et culturel qui,\u00a0depuis le Si\u00e8cle d\u2019or jusqu\u2019\u00e0 nos jours, cultive un dialogue vivant entre langues, m\u00e9moires et imaginaires. Ce cadre, riche en croisements et en circulations, est particuli\u00e8rement propice \u00e0 une r\u00e9flexion sur les\u00a0mondes multiples qui traversent les productions francophones contemporaines.<\/p>\n<p>Le th\u00e8me de cette 40e \u00e9dition, <b><i>En d\u2019autres mondes<\/i><\/b><i>,<\/i> invite \u00e0 r\u00e9fl\u00e9chir aux mani\u00e8res dont les litt\u00e9ratures,\u00a0les arts, les pens\u00e9es et les pratiques francophones imaginent, habitent, d\u00e9placent ou contestent les mondes\u00a0existants. \u00c0 l\u2019heure des bouleversements g\u00e9opolitiques, des mutations technologiques et des urgences\u00a0\u00e9cologiques, comment les \u0153uvres et discours francophones participent-ils \u00e0 la fabrique d\u2019<b>\u201c<\/b><b><i>Autres\u00a0<\/i><\/b><b><i>mondes<\/i><\/b><b>\u201d<\/b> utopiques, d\u00e9coloniaux, transidentitaires, linguistiques, diasporiques, imaginaires ou intimes ?\u00a0Quels passages, quelles fractures, quelles utopies \u00e9mergent dans ces espaces de cr\u00e9ation, de m\u00e9moire et de\u00a0contestation ?<\/p>\n<p>Dans cet esprit, les travaux de penseurs comme Felwine Sarr, qui appelle \u00e0 un renouvellement radical\u00a0des imaginaires africains \u00e0 travers une \u201cesth\u00e9tique de la relation\u201d et une pens\u00e9e de l\u2019ouverture, offrent des\u00a0pistes puissantes pour penser des mondes \u00e0 venir. Dans <i>Afrotopia<\/i>, Sarr invite \u00e0 rompre avec les mod\u00e8les\u00a0impos\u00e9s de d\u00e9veloppement pour imaginer des trajectoires fond\u00e9es sur les ressources culturelles et\u00a0spirituelles propres aux soci\u00e9t\u00e9s africaines. De son c\u00f4t\u00e9, Achille Mbembe propose, dans ses r\u00e9flexions sur\u00a0le devenir-monde et l\u2019\u201c\u00e9cologie du rapport\u201d, une pens\u00e9e du vivant et de l\u2019interd\u00e9pendance qui red\u00e9finit les\u00a0formes d\u2019\u00eatre ensemble. Ces approches critiques trouvent des \u00e9chos dans les \u0153uvres de Werewere-Liking,\u00a0dont les textes m\u00ealent mythe, oralit\u00e9, f\u00e9minisme et cosmogonie, ou encore dans les engagements de\u00a0figures comme Rokhaya Diallo, qui reconfigurent les imaginaires sociaux et politiques depuis les marges.<\/p>\n<p>Qu\u2019il s\u2019agisse de revisiter des mythes anciens, de mobiliser la science-fiction comme langage de\u00a0r\u00e9sistance, ou d\u2019\u00e9voquer des formes de m\u00e9moire non-occidentales, les arts et pens\u00e9es francophones\u00a0ouvrent des espaces d\u2019exp\u00e9rimentation et de projection vers d\u2019\u201cautres mondes\u201d parfois r\u00eav\u00e9s, parfois\u00a0critiques, toujours porteurs de possibles.<\/p>\n<p><a href=\"https:\/\/secure.cief.org\/wp\/wp-content\/uploads\/2025\/10\/CIEFappel_Octobre2026.pdf\"><strong>Consulter l&rsquo;appel d\u00e9taill\u00e9 mis \u00e0 jour (cliquer)<\/strong><\/a><\/p>\n<p>&nbsp;<\/p>\n<h2><span style=\"color: #008000;\">PRIX CI\u00c9F D\u00c9CERN\u00c9 \u00c0 V\u00c9RONIQUE TADJO<\/span><\/h2>\n<p><a href=\"https:\/\/secure.cief.org\/wp\/wp-content\/uploads\/2025\/10\/Ve\u0301ronique-Tadjo-Photo-Odile-Motelet-1-scaled.jpg\"><img loading=\"lazy\" decoding=\"async\" class=\" wp-image-303780 alignleft\" src=\"https:\/\/secure.cief.org\/wp\/wp-content\/uploads\/2025\/10\/Ve\u0301ronique-Tadjo-Photo-Odile-Motelet-1-684x1024.jpg\" alt=\"\" width=\"211\" height=\"316\" srcset=\"https:\/\/secure.cief.org\/wp\/wp-content\/uploads\/2025\/10\/Ve\u0301ronique-Tadjo-Photo-Odile-Motelet-1-684x1024.jpg 684w, https:\/\/secure.cief.org\/wp\/wp-content\/uploads\/2025\/10\/Ve\u0301ronique-Tadjo-Photo-Odile-Motelet-1-200x300.jpg 200w, https:\/\/secure.cief.org\/wp\/wp-content\/uploads\/2025\/10\/Ve\u0301ronique-Tadjo-Photo-Odile-Motelet-1-768x1150.jpg 768w, https:\/\/secure.cief.org\/wp\/wp-content\/uploads\/2025\/10\/Ve\u0301ronique-Tadjo-Photo-Odile-Motelet-1-1025x1536.jpg 1025w, https:\/\/secure.cief.org\/wp\/wp-content\/uploads\/2025\/10\/Ve\u0301ronique-Tadjo-Photo-Odile-Motelet-1-1367x2048.jpg 1367w, https:\/\/secure.cief.org\/wp\/wp-content\/uploads\/2025\/10\/Ve\u0301ronique-Tadjo-Photo-Odile-Motelet-1-scaled.jpg 1709w\" sizes=\"(max-width: 211px) 100vw, 211px\" \/><\/a><span style=\"color: #993366;\"><strong>V\u00c9RONIQUE TADJO <\/strong><\/span>est \u00e9crivaine, po\u00e8te, universitaire et peintre. Franco-Ivoirienne, elle a grandi et fait la majorit\u00e9 de ses \u00e9tudes \u00e0 Abidjan (C\u00f4te d\u2019Ivoire), avant de se sp\u00e9cialiser en Litt\u00e9rature et la Civilisation noires am\u00e9ricaines \u00e0 la Sorbonne Paris IV et \u00e0 l\u2019universit\u00e9 de Howard \u00e0 Washington, D.C.<\/p>\n<p>Son \u0153uvre, traduite en plusieurs langues, m\u00eale po\u00e9sie, romans, ainsi que des fictions historiques. Parmi ses livres, on peut citer notamment, <em>L\u2019ombre d\u2019Imana\u00a0: voyages jusqu\u2019au bout du Rwanda<\/em> (Actes Sud, 2000), <em>Reine Pokou<\/em>\u00a0(Actes Sud, 2005, Grand prix litt\u00e9raire d\u2019Afrique noire),\u00a0<em>Loin de mon p\u00e8re<\/em>\u00a0(Actes Sud, 2010), ou\u00a0<em>En compagnie des hommes<\/em>\u00a0(Don Quichotte\/Le Seuil, 2017, Los Angeles Times Book Prize for Fiction en traduction anglaise), ayant pour th\u00e8me l\u2019\u00e9pid\u00e9mie \u00e0 virus Ebola en Afrique de l\u2019Ouest.\u00a0 <em>Aimer<\/em> est paru chez (Mus\u00e9o \u00c9ditions, 2021). <em>Je remercie la nuit<\/em> (M\u00e9moire d\u2019encrier, 2024) a remport\u00e9 le Prix Kourouma, ainsi que le prix Cheick Amidou Kane et est \u00e9galement finaliste du Prix Ivoire. Son dernier recueil de po\u00e8mes s\u2019intitule <em>Lat\u00e9rite, suivi de D\u00e9clinaison du temps premier<\/em> (Po\u00e9sie Points, 2024).<\/p>\n<p>Parall\u00e8lement \u00e0 sa cr\u00e9ation romanesque, V\u00e9ronique Tadjo s\u2019est lanc\u00e9e dans la litt\u00e9rature et l\u2019illustration pour la jeunesse afin d\u2019apporter sa contribution \u00e0 l&rsquo;\u00e9mergence d&rsquo;une production africaine.<\/p>\n<p>Elle a v\u00e9cu au Nigeria, au Kenya et en Afrique du Sud o\u00f9 elle a dirig\u00e9 le d\u00e9partement d&rsquo;\u00e9tudes fran\u00e7aises et francophones \u00e0 l\u2019universit\u00e9 du Witwatersrand \u00e0 Johannesburg. Aujourd\u2019hui, elle partage son temps entre Londres, Paris et Abidjan.<\/p>\n<p>&nbsp;<\/p>\n<h3><span style=\"color: #008000;\">Table ronde du mardi 23 juin 2026 : Pourquoi d&rsquo;autres mondes ? Les litt\u00e9ratures sp\u00e9culatives en question<\/span><\/h3>\n<p>&nbsp;<\/p>\n<div id=\"attachment_312313\" style=\"width: 235px\" class=\"wp-caption alignleft\"><a href=\"https:\/\/secure.cief.org\/wp\/wp-content\/uploads\/2025\/12\/LauraNsafou_c_PatriceNormand_2025_1.jpg\"><img loading=\"lazy\" decoding=\"async\" aria-describedby=\"caption-attachment-312313\" class=\"wp-image-312313\" src=\"https:\/\/secure.cief.org\/wp\/wp-content\/uploads\/2025\/12\/LauraNsafou_c_PatriceNormand_2025_1-300x300.jpg\" alt=\"\" width=\"225\" height=\"225\" \/><\/a><p id=\"caption-attachment-312313\" class=\"wp-caption-text\"><strong><span style=\"color: #800000;\">Laura Nsafou.\u00a0 Copyright : Patrice Normand 2025<\/span><\/strong><\/p><\/div>\n<p><span style=\"color: #993300;\"><strong>Laura Nsafou<\/strong><\/span>, \u00e9crivaine et blogueuse afrof\u00e9ministe, aborde sur son blog <em>Mrs Roots<\/em> les questions relatives \u00e0 l&rsquo;afrof\u00e9minisme en France et la visibilit\u00e9 des litt\u00e9ratures afro. De la cr\u00e9ation de sa plateforme <a id=\"OWA21472bd2-5663-1da4-3f4e-5daccda02a94\" class=\"OWAAutoLink\" title=\"Original URL: http:\/\/mrsroots.fr\/. Click or tap if you trust this link.\" href=\"http:\/\/mrsroots.fr\/\" target=\"_blank\" rel=\"noopener noreferrer\" data-auth=\"NotApplicable\" data-linkindex=\"0\">mrsroots.fr<\/a> \u00e0 l&rsquo;animation de plusieurs projets culturels (ateliers d&rsquo;\u00e9criture, rencontres, ateliers jeunesse, etc), elle s&rsquo;int\u00e9resse au manque de repr\u00e9sentativit\u00e9 de la soci\u00e9t\u00e9 dans la litt\u00e9rature fran\u00e7aise. Elle est \u00e9galement autrice de plusieurs albums jeunesses, dont l&rsquo;album \u00e0 succ\u00e8s <em>Comme un million de papillons noirs<\/em>, publi\u00e9 aux \u00c9ditions Cambourakis, et sc\u00e9narise deux romans graphiques, <em>Amours Crois\u00e9es<\/em> et <em>Quand vient l&rsquo;\u00e9t\u00e9<\/em> aux \u00e9ditions Marabout. En septembre 2021, elle signe une trilogie afrodystopique Young Adult, <em>Nos jours br\u00fbl\u00e9s<\/em> aux \u00e9ditions Albin Michel. <em>\u00c9<\/em><i>crire avant l&rsquo;aube<\/i>, biographie romanc\u00e9e sur la laur\u00e9ate du Prix Nobel Toni Morrison parue aux \u00e9ditions Albin Michel, est son dernier roman.<\/p>\n<p>&nbsp;<\/p>\n<p>&nbsp;<\/p>\n<p>&nbsp;<\/p>\n<div id=\"attachment_315768\" style=\"width: 310px\" class=\"wp-caption alignright\"><a href=\"https:\/\/secure.cief.org\/wp\/wp-content\/uploads\/2026\/01\/Unknown-scaled-e1769414267201.jpeg\"><img loading=\"lazy\" decoding=\"async\" aria-describedby=\"caption-attachment-315768\" class=\"wp-image-315768 size-medium\" src=\"https:\/\/secure.cief.org\/wp\/wp-content\/uploads\/2026\/01\/Unknown-300x200.jpeg\" alt=\"\" width=\"300\" height=\"200\" \/><\/a><p id=\"caption-attachment-315768\" class=\"wp-caption-text\"><span style=\"color: #800000;\"><strong>Catherine Dufour.\u00a0 Copyright : Astrid di Crollalanza<\/strong><\/span><\/p><\/div>\n<p><strong>Catherine Dufour<\/strong> est auteure de SFFF (science-fiction, fantasy et fantastique). Elle est aussi ing\u00e9nieure en informatique, chroniqueuse au Monde Diplomatique et charg\u00e9e de cours \u00e0 Sciences Po Paris.<\/p>\n<p>Elle a lanc\u00e9 en 2001 la s\u00e9rie de fantasy \u201cQuand les dieux buvaient\u201d (<em>Ed. Nestiveqnen<\/em>). Elle a publi\u00e9 des ouvrages de science-fiction, notamment <em>Le go\u00fbt de l&rsquo;immortalit\u00e9<\/em> (<em>Ed. Mnemos<\/em>), Grand Prix de l\u2019Imaginaire 2007. Dans un autre genre, le polar, elle publie en 2020 <em>Au bal des absents<\/em> (<em>Ed. Seuil<\/em>). Elle a sorti chez Fayard <em>Ada ou la beaut\u00e9 des nombres<\/em> (2019), premi\u00e8re biographie fran\u00e7aise de la premi\u00e8re informaticienne de l\u2019histoire, tous genres confondus.<\/p>\n<p>Elle a publi\u00e9 en 2024 <em>Les champs de la Lune<\/em> chez Robert Laffont, collection \u201cAilleurs et demain\u201d.<\/p>\n<p>&nbsp;<\/p>\n<div id=\"attachment_315785\" style=\"width: 222px\" class=\"wp-caption alignleft\"><a href=\"https:\/\/secure.cief.org\/wp\/wp-content\/uploads\/2026\/01\/Zamora.jpg\"><img loading=\"lazy\" decoding=\"async\" aria-describedby=\"caption-attachment-315785\" class=\"wp-image-315785 \" src=\"https:\/\/secure.cief.org\/wp\/wp-content\/uploads\/2026\/01\/Zamora-225x300.jpg\" alt=\"\" width=\"212\" height=\"283\" srcset=\"https:\/\/secure.cief.org\/wp\/wp-content\/uploads\/2026\/01\/Zamora-225x300.jpg 225w, https:\/\/secure.cief.org\/wp\/wp-content\/uploads\/2026\/01\/Zamora.jpg 617w\" sizes=\"(max-width: 212px) 100vw, 212px\" \/><\/a><p id=\"caption-attachment-315785\" class=\"wp-caption-text\"><span style=\"color: #800000;\"><strong>Katia Lanero Zamora<\/strong><\/span><\/p><\/div>\n<p>Apr\u00e8s une licence en litt\u00e9ratures romanes et un master en \u00e9dition, <span style=\"color: #800000;\"><strong>Katia Lanero Zamora<\/strong><\/span> travaille \u00e0 la fois dans le monde des livres et de l\u2019audiovisuel. Elle a d\u00e9but\u00e9 sa carri\u00e8re \u00e0 la SACD-Scam en tant que charg\u00e9e de relations auteurs. Elle publie une trilogie fantasy aux Impressions Nouvelles et remporte la bourse de fondation Vocatio (laur\u00e9ate 2015). Elle se lance comme script-doctor et d\u00e9veloppe des projets de romans et de sc\u00e9narios de s\u00e9ries et de podcasts. En 2017, elle entre dans l\u2019\u00e9quipe fiction de la RTBF comme conseill\u00e8re de programme. Parall\u00e8lement, elle \u00e9crit trois romans parus aux \u00e9ditions ActuSF, dont La Machine qui remporte le prix de l&rsquo;Ouest hurlant 2023. En 2024, elle devient story editor chez Peyo Company et charg\u00e9e de d\u00e9veloppement chez Sequel Prod. En 2025, elle remporte le prix Julia Verlanger avec son roman Re\u00a0:Start, paru aux \u00e9ditions Argyll. Si les formats de r\u00e9cits varient en jouant avec les codes de l&rsquo;imaginaire, tous ses personnages br\u00fblent d&rsquo;une m\u00eame r\u00e9volte.<\/p>\n<p>&nbsp;<\/p>\n<p>&nbsp;<\/p>\n<h3><span style=\"color: #008000;\">Table ronde du jeudi 25 juin 2026 : Passage en Espagne : m\u00e9moires sonores et sensorielles, et imaginaires de r\u00e9sistance<\/span><\/h3>\n<p>&nbsp;<\/p>\n<div id=\"attachment_315767\" style=\"width: 175px\" class=\"wp-caption alignright\"><a href=\"https:\/\/secure.cief.org\/wp\/wp-content\/uploads\/2026\/01\/Portrait-DFauquemberg-e1769413472969.jpeg\"><img loading=\"lazy\" decoding=\"async\" aria-describedby=\"caption-attachment-315767\" class=\"wp-image-315767 \" src=\"https:\/\/secure.cief.org\/wp\/wp-content\/uploads\/2026\/01\/Portrait-DFauquemberg-e1769413472969.jpeg\" alt=\"\" width=\"165\" height=\"248\" \/><\/a><p id=\"caption-attachment-315767\" class=\"wp-caption-text\"><strong><span style=\"color: #800000;\">David Fauquemberg\u00a0 \u00a0 Copyright : Christine Tamalet<\/span><\/strong><\/p><\/div>\n<p>N\u00e9 en 1973, <strong><span style=\"color: #800000;\">David Fauquemberg<\/span><\/strong> est romancier, auteur notamment de <em>Nullarbor<\/em> (prix Nicolas Bouvier 2007), <em>Mal tiempo<\/em> (prix de la Ville de Caen, prix des Hebdos en r\u00e9gion et prix Millepages 2009) et <em>Bluff<\/em> (prix Gens de mer et prix Henri-Queff\u00e9lec 2018). Il a sign\u00e9 des r\u00e9cits pour les revues XXI, Long Cours, Desports, Holiday ou encore G\u00e9o. Traducteur de l\u2019anglais et de l\u2019espagnol, il a notamment traduit les prix Nobel Patrick White, Nadine Gordimer et Wole Soyinka, Luis Sep\u00falveda, Yuval Noah Harari, James Meek, Eduardo Halfon, Carys Davies\u2026<\/p>\n<p>&nbsp;<\/p>\n<p>&nbsp;<\/p>\n<p>&nbsp;<\/p>\n<p>&nbsp;<\/p>\n<p>&nbsp;<\/p>\n<p>&nbsp;<\/p>\n<p>&nbsp;<\/p>\n<div id=\"attachment_315819\" style=\"width: 324px\" class=\"wp-caption alignleft\"><a href=\"https:\/\/secure.cief.org\/wp\/wp-content\/uploads\/2026\/01\/belaskri.jpg\"><img loading=\"lazy\" decoding=\"async\" aria-describedby=\"caption-attachment-315819\" class=\"wp-image-315819 size-full\" src=\"https:\/\/secure.cief.org\/wp\/wp-content\/uploads\/2026\/01\/belaskri.jpg\" alt=\"\" width=\"314\" height=\"225\" srcset=\"https:\/\/secure.cief.org\/wp\/wp-content\/uploads\/2026\/01\/belaskri.jpg 314w, https:\/\/secure.cief.org\/wp\/wp-content\/uploads\/2026\/01\/belaskri-300x215.jpg 300w\" sizes=\"(max-width: 314px) 100vw, 314px\" \/><\/a><p id=\"caption-attachment-315819\" class=\"wp-caption-text\"><span style=\"color: #800000;\"><strong>Yahia Belaskri<\/strong><\/span><\/p><\/div>\n<p><span style=\"color: #800000;\"><strong>Yahia Belaskri<\/strong><\/span> est n\u00e9 \u00e0 Oran (Alg\u00e9rie). Romancier, po\u00e8te, essayiste, fondateur avec Hubert Haddad et secr\u00e9taire de r\u00e9daction de la revue <em>Apul\u00e9e<\/em> (\u00e9d. Zulma, Paris), directeur d\u2019ouvrages collectifs, auteur de nouvelles, pr\u00e9faces, contributions sur les questions d\u2019exil, de m\u00e9moire, d\u2019appartenance, la culture alg\u00e9rienne et les relations euro-m\u00e9diterran\u00e9ennes, essais, r\u00e9cits et romans dont\u00a0:<\/p>\n<p><em>-N\u2019oublie pas notre Arm\u00e9nie<\/em>, roman, \u00e9d. Zulma, 2025\u00a0; \u00e9d. El Kalima, Alger, 2025\u00a0;<\/p>\n<p>&#8211;<em>De sable et de vent<\/em>, po\u00e8mes, \u00e9d. Asmod\u00e9e Edern, Bruxelles, 2025\u00a0;<\/p>\n<p>&#8211;<em>Arrachons l\u2019\u00e9conomie aux \u00e9conomistes<\/em>, entretien avec Alain Deneault, Les Apul\u00e9ennes, \u00e9d. Zulma, 2023\u00a0;<\/p>\n<p>&#8211;<em>Le silence des Dieux<\/em>, \u00e9d. Zulma, 2021\u00a0; mention sp\u00e9ciale du jury du Prix des 5 continents de la Francophonie 2022.<\/p>\n<p>&#8211;<em>Lettre ouverte \u00e0 ceux qui se sentent envahis et ceux qui veulent tout d\u00e9truire au nom de leur croyance \u00e9triqu\u00e9e<\/em>, \u00e9d. Le R\u00e9algar, 2018\u00a0;<\/p>\n<p>&#8211;<em>Si<\/em> <em>tu cherches la pluie, elle vient d\u2019en haut<\/em>, \u00e9d. Vents d\u2019ailleurs, 2010, Prix Ouest France-Etonnants Voyageurs 2011 ; Prix Coup de C\u0153ur de Coup de Soleil Languedoc-Roussillon 2012. Plusieurs de ses ouvrages ont \u00e9t\u00e9 traduits en allemand, roumain et italien.<\/p>\n<p>&nbsp;<\/p>\n<div id=\"attachment_315826\" style=\"width: 210px\" class=\"wp-caption alignleft\"><a href=\"https:\/\/secure.cief.org\/wp\/wp-content\/uploads\/2026\/02\/Daniel-MAXIMIN-Photo-D.R.-1.jpg\"><img loading=\"lazy\" decoding=\"async\" aria-describedby=\"caption-attachment-315826\" class=\"wp-image-315826 size-medium\" src=\"https:\/\/secure.cief.org\/wp\/wp-content\/uploads\/2026\/02\/Daniel-MAXIMIN-Photo-D.R.-1-200x300.jpg\" alt=\"\" width=\"200\" height=\"300\" srcset=\"https:\/\/secure.cief.org\/wp\/wp-content\/uploads\/2026\/02\/Daniel-MAXIMIN-Photo-D.R.-1-200x300.jpg 200w, https:\/\/secure.cief.org\/wp\/wp-content\/uploads\/2026\/02\/Daniel-MAXIMIN-Photo-D.R.-1.jpg 461w\" sizes=\"(max-width: 200px) 100vw, 200px\" \/><\/a><p id=\"caption-attachment-315826\" class=\"wp-caption-text\"><span style=\"color: #800000;\"><strong>Daniel Maximin<\/strong><\/span><\/p><\/div>\n<p><span style=\"color: #800000;\"><strong>Daniel Maximin<\/strong><\/span>, n\u00e9 \u00e0 la Guadeloupe, est po\u00e8te, romancier et essayiste. Il est l\u2019auteur entre autres ouvrages de trois romans : <em>L\u2019isol\u00e9 Soleil<\/em> (1981), <em>Soufri\u00e8res<\/em> (1987), et <em>L\u2019\u00eele Et Une Nuit<\/em> (1996), \u00c9ditions du Seuil ;\u00a0d\u2019un r\u00e9cit autobiographique : <em>Tu, C\u2019est L\u2019enfance<\/em><em>,<\/em> (\u00c9d. Gallimard, 2004, et en poche Cara\u00efb\u00e9ditions 2024) ; d\u2019un essai : <em>Les Fruits Du Cyclone, Une G\u00e9opo\u00e9tique De La Cara\u00efbe<\/em> (Seuil. 2007), ainsi qu\u2019un recueil de po\u00e8mes : <em>L\u2019invention Des D\u00e9sirades<\/em><em>,<\/em> (Points-Seuil. 2009). Il a publi\u00e9 : les <em>\u00c9crits de dissidence<\/em> de Suzanne C\u00e9saire (Seuil. Et : <em>Aim\u00e9 C\u00e9saire, fr\u00e8re-volcan<\/em><em>,<\/em> le r\u00e9cit de ses 40 ans de dialogue avec le po\u00e8te. (Seuil. 2013). Il vient de publier en septembre 2025: <em>Salves de blues<\/em>, un roman sur la R\u00e9sistance de la jeunesse \u00e0 Paris en 1942 sous l&rsquo;Occupation (chez Cara\u00efb\u00e9ditions).<\/p>\n<p>Il est Officier de la L\u00e9gion d&rsquo;Honneur et Officier des Arts et lettres. Il a re\u00e7u en d\u00e9cembre 2017 le Grand Prix Herv\u00e9 Deluen de l&rsquo;Acad\u00e9mie Fran\u00e7aise, pour l&rsquo;ensemble de son \u0153uvre.<\/p>\n<p>&nbsp;<\/p>\n<p>&nbsp;<\/p>\n<p>&nbsp;<\/p>\n<h3><span style=\"color: #008000;\">Vendredi 26 juin 2026 : <strong><em>Les Contes de la cale et le grand trou noir o\u00f9 je voulais me noyer<\/em><\/strong> de Fabienne Kanor<\/span><\/h3>\n<p><a href=\"https:\/\/secure.cief.org\/wp\/wp-content\/uploads\/2026\/01\/kanor.png\"><img loading=\"lazy\" decoding=\"async\" class=\"wp-image-315777 size-medium alignright\" src=\"https:\/\/secure.cief.org\/wp\/wp-content\/uploads\/2026\/01\/kanor-225x300.png\" alt=\"\" width=\"225\" height=\"300\" srcset=\"https:\/\/secure.cief.org\/wp\/wp-content\/uploads\/2026\/01\/kanor-225x300.png 225w, https:\/\/secure.cief.org\/wp\/wp-content\/uploads\/2026\/01\/kanor.png 353w\" sizes=\"(max-width: 225px) 100vw, 225px\" \/><\/a><\/p>\n<p>Lorsque l\u2019histoire ne les oublie pas, lorsque la mer ne les dissout pas, lorsque le vent ne les disperse pas, les revenants reviennent.<\/p>\n<p>Le film est inspir\u00e9 de l\u2019histoire vraie d\u2019Anton \u00c7ape qui, arrach\u00e9, au XVI\u1d49 si\u00e8cle, \u00e0 sa terre natale, la Sierra Leone, est d\u00e9port\u00e9 en Espagne et vendu comme \u00ab N\u00e8gre de Sa Majest\u00e9 \u00bb. L\u2019Africain finit par mourir \u00e0 Guadalcanal, dans le trou noir d\u2019une mine d\u2019argent. \u00c0 la recherche de ce mort qui aurait pu \u00eatre son anc\u00eatre, la narratrice Fabienne Kanor croise le chemin du migrant clandestin Makha. Celui-ci, qui a quitt\u00e9 son pays natal (le S\u00e9n\u00e9gal) et est arriv\u00e9 en zodiac \u00e0 Almer\u00eda en 2019, lui raconte sa tragique odyss\u00e9e vers la \u00ab Forteresse \u00bb Europe<\/p>\n<p>&nbsp;<\/p>\n<p>&nbsp;<\/p>\n<div id=\"attachment_315776\" style=\"width: 235px\" class=\"wp-caption alignleft\"><a href=\"https:\/\/secure.cief.org\/wp\/wp-content\/uploads\/2026\/01\/contes.png\"><img loading=\"lazy\" decoding=\"async\" aria-describedby=\"caption-attachment-315776\" class=\"wp-image-315776 size-medium\" src=\"https:\/\/secure.cief.org\/wp\/wp-content\/uploads\/2026\/01\/contes-225x300.png\" alt=\"\" width=\"225\" height=\"300\" srcset=\"https:\/\/secure.cief.org\/wp\/wp-content\/uploads\/2026\/01\/contes-225x300.png 225w, https:\/\/secure.cief.org\/wp\/wp-content\/uploads\/2026\/01\/contes.png 387w\" sizes=\"(max-width: 225px) 100vw, 225px\" \/><\/a><p id=\"caption-attachment-315776\" class=\"wp-caption-text\"><span style=\"color: #993300;\"><strong>Fabienne Kanor<\/strong><\/span><\/p><\/div>\n<p>N\u00e9e en France de parents carib\u00e9ens, <span style=\"color: #993300;\"><strong>Fabienne Kanor<\/strong> <\/span>est professeure au d\u00e9partement d\u2019\u00e9tudes fran\u00e7aises et francophones et professeure associ\u00e9e de fran\u00e7ais et d\u2019\u00e9tudes francophones \u00e0 la Pennsylvania State University. \u00c9crivaine et cin\u00e9aste prim\u00e9e, elle a r\u00e9alis\u00e9 plusieurs films et est l\u2019autrice de nombreux ouvrages publi\u00e9s, parmi lesquels\u00a0<em>Je ne suis pas un homme qui pleure<\/em>\u00a0(2016),\u00a0<em>Louisiane<\/em>\u00a0(2020) et\u00a0<em>La po\u00e9tique de la cale<\/em>\u00a0(2023). D\u00e9cor\u00e9e Chevalier des Arts et des Lettres par le minist\u00e8re fran\u00e7ais de la Culture, Kanor consacre sa carri\u00e8re \u00e0 l\u2019\u00e9tude des questions de race et de genre en France, aux Antilles fran\u00e7aises et aux migrations ouest-africaines en France.<\/p>\n<p>&nbsp;<\/p>\n","protected":false},"excerpt":{"rendered":"<p>Th\u00e8me directeur du congr\u00e8s: En d&rsquo;autres mondes : imaginaires francophones et utopies en mouvement Programme pr\u00e9liminaire du 13 mai 2026 (cliquer) &nbsp; Le Conseil International d\u2019\u00c9tudes Francophones lance son appel \u00e0 communications pour le congr\u00e8s annuel qui se tiendra du 22 au 26 juin 2026 \u00e0 Alcal\u00e1 de Henares, ville historique espagnole, class\u00e9e au\u00a0patrimoine mondial [&hellip;]<\/p>\n","protected":false},"author":1,"featured_media":0,"parent":265,"menu_order":0,"comment_status":"closed","ping_status":"closed","template":"","meta":{"footnotes":""},"categories":[38],"tags":[],"class_list":["post-300276","page","type-page","status-publish","hentry","category-congres-2026"],"_links":{"self":[{"href":"https:\/\/secure.cief.org\/wp\/index.php?rest_route=\/wp\/v2\/pages\/300276","targetHints":{"allow":["GET"]}}],"collection":[{"href":"https:\/\/secure.cief.org\/wp\/index.php?rest_route=\/wp\/v2\/pages"}],"about":[{"href":"https:\/\/secure.cief.org\/wp\/index.php?rest_route=\/wp\/v2\/types\/page"}],"author":[{"embeddable":true,"href":"https:\/\/secure.cief.org\/wp\/index.php?rest_route=\/wp\/v2\/users\/1"}],"replies":[{"embeddable":true,"href":"https:\/\/secure.cief.org\/wp\/index.php?rest_route=%2Fwp%2Fv2%2Fcomments&post=300276"}],"version-history":[{"count":41,"href":"https:\/\/secure.cief.org\/wp\/index.php?rest_route=\/wp\/v2\/pages\/300276\/revisions"}],"predecessor-version":[{"id":324737,"href":"https:\/\/secure.cief.org\/wp\/index.php?rest_route=\/wp\/v2\/pages\/300276\/revisions\/324737"}],"up":[{"embeddable":true,"href":"https:\/\/secure.cief.org\/wp\/index.php?rest_route=\/wp\/v2\/pages\/265"}],"wp:attachment":[{"href":"https:\/\/secure.cief.org\/wp\/index.php?rest_route=%2Fwp%2Fv2%2Fmedia&parent=300276"}],"wp:term":[{"taxonomy":"category","embeddable":true,"href":"https:\/\/secure.cief.org\/wp\/index.php?rest_route=%2Fwp%2Fv2%2Fcategories&post=300276"},{"taxonomy":"post_tag","embeddable":true,"href":"https:\/\/secure.cief.org\/wp\/index.php?rest_route=%2Fwp%2Fv2%2Ftags&post=300276"}],"curies":[{"name":"wp","href":"https:\/\/api.w.org\/{rel}","templated":true}]}}