{"id":498,"date":"2015-07-13T09:53:04","date_gmt":"2015-07-13T09:53:04","guid":{"rendered":"https:\/\/secure.cief.org\/wp\/?page_id=498"},"modified":"2022-08-15T08:29:30","modified_gmt":"2022-08-15T08:29:30","slug":"annonce-de-parution-dune-publication","status":"publish","type":"page","link":"https:\/\/secure.cief.org\/wp\/?page_id=498","title":{"rendered":"Annonce de parution d\u2019une publication"},"content":{"rendered":"<p>Pour que votre annonce de publication puisse paraitre dans le bulletin, il faut que vous soyez membre de l\u2019organisation et que votre cotisation soit \u00e0 jour.<\/p>\n<p><span style=\"color: #ff0000;\">\u00cates-vous \u00e0 jour de cotisation pour l\u2019ann\u00e9e en cours\u00a0?<\/span> Si non, veuillez remplir le formulaire d\u2019adh\u00e9sion dans \u00a0<a href=\"https:\/\/secure.cief.org\/wp\/formadhesion\/login.php\">l\u2019espace membre<\/a>.<\/p>\n<p>Si oui, alors Veuillez remplir le formulaire Annonce de parution d\u2019une publication.<\/p>\n<p><strong>Annonce envoy\u00e9e par<\/strong><\/p>\n<div id='formContainer1033000085' class='sfForm rednaoFormContainer SfFormElementContainer bootstrap-wrapper'><\/div><script>\n            var ajaxurl = 'https:\/\/secure.cief.org\/wp\/wp-admin\/admin-ajax.php';\n            var smartFormsCurrentTime=new Date('Tue Apr 14 2026 20:45:39 +0000');\n            \tvar smartFormsSaveNonce=\"3ebf5967f7\";\n            \tvar smartFormsUserName=\"\";\n            \tvar smartFormsFirstName=\"\";\n            \tvar smartFormsLastName=\"\";\n            \tvar smartFormsEmail=\"\";\n                var smartFormsPath=\"https:\/\/secure.cief.org\/wp\/wp-content\/plugins\/smart-forms\/\";\n                var smartDonationsRootPath=\"\";\n                var smartDonationsSandbox=\"\";\n                var smartFormsAdditionalFields1=[];\n                var smartFormsDesignMode=false;\n                if(!window.smartFormsItemsToLoad)\n                    window.smartFormsItemsToLoad=new Array();                                                   \n        <\/script>\n","protected":false},"excerpt":{"rendered":"<p>Pour que votre annonce de publication puisse paraitre dans le bulletin, il faut que vous soyez membre de l\u2019organisation et que votre cotisation soit \u00e0 jour. \u00cates-vous \u00e0 jour de cotisation pour l\u2019ann\u00e9e en cours\u00a0? Si non, veuillez remplir le formulaire d\u2019adh\u00e9sion dans \u00a0l\u2019espace membre. Si oui, alors Veuillez remplir le formulaire Annonce de parution [&hellip;]<\/p>\n","protected":false},"author":1,"featured_media":0,"parent":130,"menu_order":0,"comment_status":"closed","ping_status":"open","template":"page-full.php","meta":{"footnotes":""},"categories":[4],"tags":[],"class_list":["post-498","page","type-page","status-publish","hentry","category-cief"],"_links":{"self":[{"href":"https:\/\/secure.cief.org\/wp\/index.php?rest_route=\/wp\/v2\/pages\/498","targetHints":{"allow":["GET"]}}],"collection":[{"href":"https:\/\/secure.cief.org\/wp\/index.php?rest_route=\/wp\/v2\/pages"}],"about":[{"href":"https:\/\/secure.cief.org\/wp\/index.php?rest_route=\/wp\/v2\/types\/page"}],"author":[{"embeddable":true,"href":"https:\/\/secure.cief.org\/wp\/index.php?rest_route=\/wp\/v2\/users\/1"}],"replies":[{"embeddable":true,"href":"https:\/\/secure.cief.org\/wp\/index.php?rest_route=%2Fwp%2Fv2%2Fcomments&post=498"}],"version-history":[{"count":6,"href":"https:\/\/secure.cief.org\/wp\/index.php?rest_route=\/wp\/v2\/pages\/498\/revisions"}],"predecessor-version":[{"id":204747,"href":"https:\/\/secure.cief.org\/wp\/index.php?rest_route=\/wp\/v2\/pages\/498\/revisions\/204747"}],"up":[{"embeddable":true,"href":"https:\/\/secure.cief.org\/wp\/index.php?rest_route=\/wp\/v2\/pages\/130"}],"wp:attachment":[{"href":"https:\/\/secure.cief.org\/wp\/index.php?rest_route=%2Fwp%2Fv2%2Fmedia&parent=498"}],"wp:term":[{"taxonomy":"category","embeddable":true,"href":"https:\/\/secure.cief.org\/wp\/index.php?rest_route=%2Fwp%2Fv2%2Fcategories&post=498"},{"taxonomy":"post_tag","embeddable":true,"href":"https:\/\/secure.cief.org\/wp\/index.php?rest_route=%2Fwp%2Fv2%2Ftags&post=498"}],"curies":[{"name":"wp","href":"https:\/\/api.w.org\/{rel}","templated":true}]}}