{"id":51,"date":"2014-01-28T15:55:31","date_gmt":"2014-01-28T15:55:31","guid":{"rendered":"https:\/\/secure.cief.org\/wp\/?page_id=51"},"modified":"2018-06-26T16:03:52","modified_gmt":"2018-06-26T16:03:52","slug":"historique","status":"publish","type":"page","link":"https:\/\/secure.cief.org\/wp\/?page_id=51","title":{"rendered":"Historique"},"content":{"rendered":"<p>Le Conseil International d\u2019\u00c9tudes Francophones (CI\u00c9F) a \u00e9t\u00e9 fond\u00e9 en 1987 par <strong>Maurice Cagnon<\/strong>. En 1991 le CI\u00c9F est devenu une association \u00e0 but non lucratif dont les statuts sont d\u00e9pos\u00e9s en Louisiane. Le CI\u00c9F est la plus importante association consacr\u00e9e aux \u00c9tudes francophones de par le monde et l\u2019une des plus prestigieuses.<\/p>\n<p>En sa qualit\u00e9 d\u2019organisme \u00e0 but non lucratif, le CI\u00c9F a b\u00e9n\u00e9fici\u00e9 de subventions des gouvernements de France, Canada, Qu\u00e9bec, Belgique, Suisse, et d\u2019organismes francophones dont l\u2019Agence Intergouvernementale de la Francophonie, maintenant nomm\u00e9e Organisation Internationale de la Francophonie (OIF).<\/p>\n<p>Le CI\u00c9F organise chaque ann\u00e9e un congr\u00e8s mondial r\u00e9unissant chercheures et chercheurs, critiques, \u00e9crivaines et \u00e9crivains, artistes, cin\u00e9astes, musiciennes et musiciens en provenance de tous les continents. Le CI\u00c9F a tenu ses congr\u00e8s dans divers pays francophones. Pour consulter la liste compl\u00e8te, pri\u00e8re de consulter la <a title=\"28e congr\u00e8s du CI\u00c9F\" href=\"https:\/\/secure.cief.org\/wp\/?page_id=96\">page des congr\u00e8s<\/a>.<\/p>\n","protected":false},"excerpt":{"rendered":"<p>Le Conseil International d\u2019\u00c9tudes Francophones (CI\u00c9F) a \u00e9t\u00e9 fond\u00e9 en 1987 par Maurice Cagnon. En 1991 le CI\u00c9F est devenu une association \u00e0 but non lucratif dont les statuts sont d\u00e9pos\u00e9s en Louisiane. Le CI\u00c9F est la plus importante association consacr\u00e9e aux \u00c9tudes francophones de par le monde et l\u2019une des plus prestigieuses. En sa [&hellip;]<\/p>\n","protected":false},"author":1,"featured_media":0,"parent":18,"menu_order":0,"comment_status":"closed","ping_status":"open","template":"page-full.php","meta":{"footnotes":""},"categories":[4],"tags":[],"class_list":["post-51","page","type-page","status-publish","hentry","category-cief"],"_links":{"self":[{"href":"https:\/\/secure.cief.org\/wp\/index.php?rest_route=\/wp\/v2\/pages\/51","targetHints":{"allow":["GET"]}}],"collection":[{"href":"https:\/\/secure.cief.org\/wp\/index.php?rest_route=\/wp\/v2\/pages"}],"about":[{"href":"https:\/\/secure.cief.org\/wp\/index.php?rest_route=\/wp\/v2\/types\/page"}],"author":[{"embeddable":true,"href":"https:\/\/secure.cief.org\/wp\/index.php?rest_route=\/wp\/v2\/users\/1"}],"replies":[{"embeddable":true,"href":"https:\/\/secure.cief.org\/wp\/index.php?rest_route=%2Fwp%2Fv2%2Fcomments&post=51"}],"version-history":[{"count":12,"href":"https:\/\/secure.cief.org\/wp\/index.php?rest_route=\/wp\/v2\/pages\/51\/revisions"}],"predecessor-version":[{"id":47061,"href":"https:\/\/secure.cief.org\/wp\/index.php?rest_route=\/wp\/v2\/pages\/51\/revisions\/47061"}],"up":[{"embeddable":true,"href":"https:\/\/secure.cief.org\/wp\/index.php?rest_route=\/wp\/v2\/pages\/18"}],"wp:attachment":[{"href":"https:\/\/secure.cief.org\/wp\/index.php?rest_route=%2Fwp%2Fv2%2Fmedia&parent=51"}],"wp:term":[{"taxonomy":"category","embeddable":true,"href":"https:\/\/secure.cief.org\/wp\/index.php?rest_route=%2Fwp%2Fv2%2Fcategories&post=51"},{"taxonomy":"post_tag","embeddable":true,"href":"https:\/\/secure.cief.org\/wp\/index.php?rest_route=%2Fwp%2Fv2%2Ftags&post=51"}],"curies":[{"name":"wp","href":"https:\/\/api.w.org\/{rel}","templated":true}]}}