{"id":54,"date":"2014-01-28T15:56:31","date_gmt":"2014-01-28T15:56:31","guid":{"rendered":"https:\/\/secure.cief.org\/wp\/?page_id=54"},"modified":"2025-12-07T19:59:20","modified_gmt":"2025-12-07T19:59:20","slug":"responsables-et-contacts","status":"publish","type":"page","link":"https:\/\/secure.cief.org\/wp\/?page_id=54","title":{"rendered":"Responsables et contacts"},"content":{"rendered":"<p>La direction du CI\u00c9F est assur\u00e9e par un <a href=\"#conseil\"> Conseil d&rsquo;Administration<\/a>, compos\u00e9 de 15 repr\u00e9sentants de continents et secteurs d&rsquo;activit\u00e9 diff\u00e9rents. Les mandats des membres du Conseil sont de 3 ans (voir une page montrant les <a title=\"Anciens membres du Conseil d\u2019Administration (\u00e0 partir de 2000)\" href=\"https:\/\/secure.cief.org\/wp\/?page_id=220\">anciens membres<\/a> depuis 2000). La\u00a0<a href=\"#redacteur\">R\u00e9dactrice en chef<\/a> de la revue <em>Nouvelles \u00c9tudes Francophones<\/em> (NEF) fait aussi partie du Conseil d&rsquo;Administration, mais avec un mandat renouvelable (pour les membres du Comit\u00e9 de r\u00e9daction, voir le <a title=\"NEF\" href=\"https:\/\/secure.cief.org\/wp\/?page_id=151\">site de NEF<\/a>).<\/p>\n<p>Les\u00a0affaires courantes sont r\u00e9gl\u00e9es par un <a href=\"#direction\">Comit\u00e9 de Direction<\/a>, compos\u00e9 du Directeur g\u00e9n\u00e9ral, de la Pr\u00e9sidente, du Vice-pr\u00e9sident et de la Secr\u00e9taire-tr\u00e9sori\u00e8re.<\/p>\n<p>\u00c0 ces membres s&rsquo;ajoutent plusieurs <a href=\"#regions\">repr\u00e9sentants r\u00e9gionaux<\/a> charg\u00e9s de la promotion du CI\u00c9F de par le monde.<\/p>\n<p>Enfin, le CI\u00c9F ne pourrait fonctionner sans l&rsquo;apport de plusieurs <a href=\"#assistants\">assistants<\/a>, qui comptent deux postes fixes non-b\u00e9n\u00e9voles.<\/p>\n<p>Pour toute question d&rsquo;ordre g\u00e9n\u00e9ral ayant trait au CI\u00c9F et \u00e0 l&rsquo;organisation g\u00e9n\u00e9rale du congr\u00e8s, s&rsquo;adresser au <a href=\"#directeur\">Directeur g\u00e9n\u00e9ral<\/a>.<br \/>\nPour toute information relative au programme des congr\u00e8s, s&rsquo;adresser \u00e0 la <a href=\"#presidente\">Pr\u00e9sidente<\/a>.<br \/>\nPour adh\u00e9rer au CI\u00c9F et s&rsquo;inscrire aux congr\u00e8s, s&rsquo;adresser \u00e0 la\u00a0 <a href=\"#secretaire\">Secr\u00e9taire-Tr\u00e9sori\u00e8re<\/a> (Vous pouvez \u00e9galement cr\u00e9er un compte CI\u00c9F en remplissant le <a href=\"https:\/\/secure.cief.org\/wp\/?page_id=75\">formulaire d\u2019adh\u00e9sion)<\/a>.<br \/>\nPour les propositions de candidatures au Conseil d&rsquo;administration et pour le Prix Jeune Chercheur, s&rsquo;adresser au <a href=\"#vice-presidente\">Vice-pr\u00e9sident<\/a>.<\/p>\n<table class=\"tablestd\" style=\"width: 90%; height: 2756px;\" border=\"0\" width=\"90%\" cellspacing=\"0\" cellpadding=\"10\" align=\"center\">\n<tbody>\n<tr style=\"height: 65px;\" valign=\"middle\">\n<td style=\"width: 100%; height: 65px;\" colspan=\"2\" scope=\"col\" align=\"left\" valign=\"top\">\n<h3 align=\"center\"><a id=\"direction\" name=\"direction\"><\/a>COMIT\u00c9 DE DIRECTION<\/h3>\n<\/td>\n<\/tr>\n<tr style=\"height: 440px;\">\n<td class=\"liste\" style=\"width: 50%; height: 440px;\" scope=\"col\" align=\"left\" valign=\"top\" width=\"50%\">\n<p style=\"margin-bottom: 0px;\" align=\"left\"><a id=\"directeur\"><\/a><strong>Directeur g\u00e9n\u00e9ral<\/strong><\/p>\n<p><strong>G\u00e9rardo ACERENZA<\/strong> (Congr\u00e8s de 2024 -2026)<br \/>\nUniversit\u00e9 de Trente<br \/>\nD\u00e9partement de Lettres et de Philosophie<br \/>\nVia Tommaso Gar, 14<br \/>\n38122 Trento, Italie<br \/>\n<a href=\"mailto:directeur@cief.org\">Courriel<\/a>\u00a0(cliquez le lien)<\/p>\n<p style=\"margin-bottom: 0;\" align=\"left\"><a id=\"directeur\" name=\"directeur\"><\/a><strong>Co-Directeur g\u00e9n\u00e9ral<\/strong><\/p>\n<p><strong>Thierry L\u00c9GER <\/strong>(depuis 2012)<br \/>\nKennesaw State University<br \/>\nCollege of Humanities and Social Sciences<br \/>\n402 Bartow Avenue, MD 2201<br \/>\nKennesaw, GA 30339\u00a0 USA<br \/>\n<a href=\"mailto:codirecteur@cief.org\">Courriel<\/a>\u00a0(cliquez le lien)<\/td>\n<td class=\"liste\" style=\"width: 50%; height: 440px;\" scope=\"col\" align=\"left\" valign=\"top\" width=\"50%\">\n<p style=\"margin-bottom: 0;\"><a id=\"presidente\" name=\"presidente\"><\/a><strong>Pr\u00e9sidente<\/strong><\/p>\n<p><strong>Caroline FACHE <\/strong>(Congr\u00e8s de 2025-2026)<br \/>\nRice University<br \/>\n6100 Main Street<br \/>\nHouston, Texas 77005-1892<br \/>\n\u00c9TATS-UNIS<br \/>\n<a href=\"mailto:vp@cief.org\">Courriel <\/a>(cliquez le lien)<\/p>\n<p style=\"margin-bottom: 0;\">\n<\/td>\n<\/tr>\n<tr style=\"height: 312px;\">\n<td class=\"liste\" style=\"width: 50%; height: 312px;\" align=\"left\" valign=\"top\">\n<p style=\"margin-bottom: 0;\"><strong><a id=\"secretaire\" name=\"secretaire\"><\/a>Secr\u00e9taire Tr\u00e9sori\u00e8re<\/strong><\/p>\n<p><strong>Carla CALARG\u00c9 <\/strong>(depuis 2012)<br \/>\nFlorida Atlantic University<br \/>\n<strong>Adresse:<\/strong> CI\u00c9F<br \/>\nCarla CALARG\u00c9<br \/>\nFlorida Atlantic University<br \/>\nDepartment of Languages, Linguistics, and Comparative Literature<br \/>\n777 Glades Road,<br \/>\nBoca Raton, FL 33431<br \/>\n<a href=\"mailto:secretaire@cief.org\">Courriel<\/a> (cliquez le lien)<\/td>\n<td class=\"liste\" style=\"width: 50%; height: 312px;\" align=\"left\" valign=\"top\">\n<p style=\"margin-bottom: 0;\"><a id=\"vice-president\"><\/a><strong>Vice-pr\u00e9sident<\/strong><\/p>\n<p><strong>Beno\u00eet DOYON-GOSSELIN <\/strong>(Congr\u00e8s de 2025-2026)<br \/>\nUniversit\u00e9 de Moncton<\/p>\n<p>18, Avenue Antonine-Maillet, Moncton, NB E1A 3E9<br \/>\nCANADA<br \/>\n<a href=\"mailto:benoit.doyon-gosselin@umoncton.ca\">Courriel<\/a>\u00a0(cliquez le lien)<\/td>\n<\/tr>\n<tr style=\"height: 84px;\">\n<td class=\"liste\" style=\"width: 100%; height: 84px;\" colspan=\"2\" scope=\"col\" align=\"left\" valign=\"top\">\n<div align=\"center\">\n<h3 style=\"margin-top: 0; margin-bottom: 0;\">CONSEILLERS<\/h3>\n<p><span class=\"style11\">(anciens membres de la Direction)<\/span><\/p>\n<\/div>\n<\/td>\n<\/tr>\n<tr style=\"height: 152px;\">\n<td class=\"liste\" style=\"width: 50%; height: 152px;\" scope=\"col\" align=\"left\" valign=\"top\">\n<p style=\"margin-top: 0; margin-bottom: 0;\"><strong>Directrice g\u00e9n\u00e9rale conseil<\/strong><\/p>\n<p><strong>Eileen LOHKA<\/strong> (Directrice G\u00e9n\u00e9rale 2016-2017 ; Directrice int\u00e9rimaire 2017-2019)<br \/>\n\u00c9m\u00e9rite, Universit\u00e9 de Calgary, CANADA<\/td>\n<td class=\"liste\" style=\"width: 50%; height: 152px;\" scope=\"col\" align=\"left\" valign=\"top\">\n<p style=\"margin-top: 0; margin-bottom: 0;\"><strong>Pr\u00e9sident sortant<\/strong><\/p>\n<p><strong>Fran\u00e7ois OUELLET<\/strong> (Congr\u00e8s de 2023-2024)<br \/>\nUniversit\u00e9 du Qu\u00e9bec \u00e0 Chicoutimi, CANADA<\/td>\n<\/tr>\n<tr style=\"height: 65px;\">\n<td class=\"liste\" style=\"width: 100%; height: 65px;\" colspan=\"2\" scope=\"col\" align=\"left\" valign=\"top\">\n<h3 class=\"style14\" align=\"center\"><span class=\"style16\"><a id=\"redacteur\" name=\"redacteur\"><\/a>REVUE <em>NEF<\/em><\/span><\/h3>\n<\/td>\n<\/tr>\n<tr style=\"height: 96px;\" valign=\"top\">\n<td class=\"liste\" style=\"width: 50%; height: 96px;\" align=\"left\"><strong><strong>R\u00e9dactrice en chef<br \/>\n<\/strong>Alexandra GUEYDAN-TUREK<\/strong><br \/>\nSwarthmore College, \u00c9TATS-UNIS<br \/>\n<a href=\"mailto:redactrice@cief.org\">Courriel<\/a> (cliquez le lien)<\/td>\n<td class=\"liste\" style=\"width: 50%; height: 96px;\" align=\"left\"><strong>R\u00e9dactrice en chef adjointe<br \/>\n<\/strong><strong>Julie BOISSONNEAULT<br \/>\n<\/strong>Universit\u00e9 Laurentienne, CANADA<strong><br \/>\n<\/strong><a href=\"mailto:redactrice.nef@cief.org\">Courriel<\/a> <strong>(cliquez le lien)<\/strong><\/td>\n<\/tr>\n<tr style=\"height: 96px;\">\n<td class=\"liste\" style=\"width: 50%; height: 96px;\" align=\"left\"><strong>R\u00e9dactrice adjointe<br \/>\nIoanna\u00a0CHATZIDIMITRIOU<br \/>\n<\/strong>Muhlenberg College, USA<strong><br \/>\n<\/strong><a href=\"mailto:ioannachatzidimitriou@muhlenberg.edu\">Courriel<\/a> (cliquez le lien)<\/td>\n<td class=\"liste\" style=\"width: 50%; height: 96px;\" align=\"left\"><strong>Directeur des recensions (depuis 2021)<br \/>\nEmmanuel Bruno JEAN-FRAN\u00c7OIS<br \/>\n<\/strong>Pennsylvania State University, \u00c9TATS-UNIS<strong><br \/>\n<\/strong><a href=\"mailto:recensions.nef@cief.org\">Courriel<\/a> <strong>(cliquez le lien)<\/strong><\/td>\n<\/tr>\n<tr style=\"height: 28px;\">\n<td class=\"liste\" style=\"width: 100%; height: 28px;\" colspan=\"2\" scope=\"col\" align=\"left\" valign=\"top\">\n<div align=\"center\">\n<h3 style=\"margin-top: 0; margin-bottom: 0;\"><a id=\"conseil\" name=\"conseil\"><\/a>CONSEIL D&rsquo;ADMINISTRATION<\/h3>\n<\/div>\n<\/td>\n<\/tr>\n<tr style=\"height: 72px;\">\n<td style=\"width: 50%; height: 72px;\"><strong>Claudia BOULIANE<\/strong> (Congr\u00e8s 2025-2027)<\/p>\n<p>Universit\u00e9 d&rsquo;Ottawa, CANADA<\/td>\n<td class=\"liste\" style=\"width: 50%; height: 72px;\" align=\"left\" valign=\"top\"><strong>R\u00e9mi L\u00c9GER <\/strong>(Congr\u00e8s 2024-2026)<\/p>\n<p>Simon Fraser University, CANADA<\/td>\n<\/tr>\n<tr style=\"height: 72px;\" valign=\"top\">\n<td class=\"liste\" style=\"width: 50%; height: 72px;\" align=\"left\" valign=\"top\"><strong>Jennifer BOUM MAKE <\/strong>(Congr\u00e8s 2025-2027)<\/p>\n<p>Georgetown University, \u00c9TATS-UNIS<\/td>\n<td class=\"liste\" style=\"width: 50%; height: 72px;\" align=\"left\" valign=\"top\"><strong>Nicole NOLETTE <\/strong>(Congr\u00e8s 2025-2027)<\/p>\n<p>Universit\u00e9 Waterloo, CANADA<\/td>\n<\/tr>\n<tr style=\"height: 72px;\">\n<td style=\"width: 50%; height: 72px;\"><b>P\u00e9n\u00e9lope CORMIER\u00a0<\/b>(Congr\u00e8s 2026-2028)<\/p>\n<p>Universit\u00e9 de Moncton, CANADA<\/td>\n<td style=\"width: 50%; height: 72px;\"><strong>Micha\u0142 OBSZY<\/strong><strong>\u0143<\/strong><strong>SKI <\/strong>(Congr\u00e8s 2025-2027)<\/p>\n<p>Universit\u00e9 de Varsovie, POLOGNE<\/td>\n<\/tr>\n<tr style=\"height: 72px;\" valign=\"top\">\n<td style=\"width: 50%; height: 72px;\" align=\"left\" valign=\"top\"><b>Sushma DUSOWOTH <\/b>(Congr\u00e8s 2026-2028)<\/p>\n<p>Universit\u00e9 de Hearst, CANADA<\/td>\n<td class=\"liste\" style=\"width: 50%; height: 72px;\" align=\"left\" valign=\"top\"><strong>Linsey SAINTE CLAIRE <\/strong>(Congr\u00e8s 2024-2026)<\/p>\n<p>Rice University, \u00c9TATS-UNIS<\/td>\n<\/tr>\n<tr style=\"height: 72px;\">\n<td style=\"width: 50%; height: 72px;\"><strong>Mzagho DOKHTURISHVILI <\/strong>(Congr\u00e8s 2025-2027)<\/p>\n<p>Universit\u00e9 d\u2019\u00c9tat Ilia, Tbilissi, G\u00c9ORGIE<\/td>\n<td class=\"liste\" style=\"width: 50%; height: 72px;\" align=\"left\"><strong>Agn\u00e8s SCHAFFAUSER<\/strong> (Congr\u00e8s 2024-2026)<\/p>\n<p>University of Northern Florida, \u00c9TATS-UNIS<\/td>\n<\/tr>\n<tr style=\"height: 72px;\" valign=\"top\">\n<td class=\"liste\" style=\"width: 50%; height: 72px;\" align=\"left\" valign=\"top\"><b>N\u00e9vine EL NOSS\u00c9RY\u00a0<\/b>(Congr\u00e8s 2026-2028)<\/p>\n<p>Universit\u00e9 du Wisconsin, \u00c9TATS-UNIS<\/td>\n<td class=\"liste\" style=\"width: 50%; height: 72px;\" align=\"left\"><strong>Junga SHIN <\/strong>(Congr\u00e8s 2025-2027)<\/p>\n<p>Hankuk University\u00a0 of Foreign Studies, COR\u00c9E du SUD<\/td>\n<\/tr>\n<tr style=\"height: 80px;\" valign=\"top\">\n<td class=\"liste\" style=\"width: 50%; height: 80px;\" align=\"left\" valign=\"top\"><strong>Mamadou FAYE <\/strong>(Congr\u00e8s 2026-2028)<\/p>\n<p>Universit\u00e9 Cheikh Anta Diop, S\u00c9N\u00c9GAL<\/p>\n<p><!--StartFragment --><\/td>\n<td class=\"liste\" style=\"width: 50%; height: 80px;\" align=\"left\"><strong>Amanda VREDENBURGH <\/strong>(Congr\u00e8s 2026-2028)<\/p>\n<p>Universit\u00e9 de Houston, \u00c9TATS-UNIS<\/td>\n<\/tr>\n<tr style=\"height: 48px;\" valign=\"top\">\n<td class=\"liste\" style=\"width: 50%; height: 48px;\" align=\"left\" valign=\"top\"><strong>Vassiliki LALAGIANNI<\/strong> (Congr\u00e8s 2024-2026)<\/p>\n<p>Universit\u00e9 de Peloponnese, GR\u00c8CE<\/td>\n<td class=\"liste\" style=\"width: 50%; height: 48px;\" align=\"left\"><\/td>\n<\/tr>\n<tr style=\"height: 28px;\" valign=\"top\">\n<td class=\"liste\" style=\"width: 100%; height: 28px;\" colspan=\"2\" align=\"left\" valign=\"top\">\n<div align=\"center\">\n<h3 style=\"margin-top: 0; margin-bottom: 0;\"><a id=\"assistants\" name=\"assistants\"><\/a>ASSISTANTS<\/h3>\n<\/div>\n<\/td>\n<\/tr>\n<tr style=\"height: 48px;\" valign=\"top\">\n<td class=\"liste\" style=\"width: 50%; height: 48px;\" align=\"left\" valign=\"top\">\n<p style=\"margin-top: 0; margin-bottom: 0;\"><strong>Linda BRINDEAU<\/strong>, University of Wisconsin, USA : assistante \u00e0 la revue <em>NEF<\/em><\/p>\n<\/td>\n<td class=\"liste\" style=\"width: 50%; height: 48px;\" align=\"left\" valign=\"top\"><\/td>\n<\/tr>\n<\/tbody>\n<\/table>\n","protected":false},"excerpt":{"rendered":"<p>La direction du CI\u00c9F est assur\u00e9e par un Conseil d&rsquo;Administration, compos\u00e9 de 15 repr\u00e9sentants de continents et secteurs d&rsquo;activit\u00e9 diff\u00e9rents. Les mandats des membres du Conseil sont de 3 ans (voir une page montrant les anciens membres depuis 2000). La\u00a0R\u00e9dactrice en chef de la revue Nouvelles \u00c9tudes Francophones (NEF) fait aussi partie du Conseil d&rsquo;Administration, [&hellip;]<\/p>\n","protected":false},"author":1,"featured_media":0,"parent":18,"menu_order":0,"comment_status":"closed","ping_status":"open","template":"page-full.php","meta":{"footnotes":""},"categories":[4],"tags":[],"class_list":["post-54","page","type-page","status-publish","hentry","category-cief"],"_links":{"self":[{"href":"https:\/\/secure.cief.org\/wp\/index.php?rest_route=\/wp\/v2\/pages\/54","targetHints":{"allow":["GET"]}}],"collection":[{"href":"https:\/\/secure.cief.org\/wp\/index.php?rest_route=\/wp\/v2\/pages"}],"about":[{"href":"https:\/\/secure.cief.org\/wp\/index.php?rest_route=\/wp\/v2\/types\/page"}],"author":[{"embeddable":true,"href":"https:\/\/secure.cief.org\/wp\/index.php?rest_route=\/wp\/v2\/users\/1"}],"replies":[{"embeddable":true,"href":"https:\/\/secure.cief.org\/wp\/index.php?rest_route=%2Fwp%2Fv2%2Fcomments&post=54"}],"version-history":[{"count":106,"href":"https:\/\/secure.cief.org\/wp\/index.php?rest_route=\/wp\/v2\/pages\/54\/revisions"}],"predecessor-version":[{"id":310589,"href":"https:\/\/secure.cief.org\/wp\/index.php?rest_route=\/wp\/v2\/pages\/54\/revisions\/310589"}],"up":[{"embeddable":true,"href":"https:\/\/secure.cief.org\/wp\/index.php?rest_route=\/wp\/v2\/pages\/18"}],"wp:attachment":[{"href":"https:\/\/secure.cief.org\/wp\/index.php?rest_route=%2Fwp%2Fv2%2Fmedia&parent=54"}],"wp:term":[{"taxonomy":"category","embeddable":true,"href":"https:\/\/secure.cief.org\/wp\/index.php?rest_route=%2Fwp%2Fv2%2Fcategories&post=54"},{"taxonomy":"post_tag","embeddable":true,"href":"https:\/\/secure.cief.org\/wp\/index.php?rest_route=%2Fwp%2Fv2%2Ftags&post=54"}],"curies":[{"name":"wp","href":"https:\/\/api.w.org\/{rel}","templated":true}]}}