{"id":576,"date":"2015-08-11T12:04:33","date_gmt":"2015-08-11T12:04:33","guid":{"rendered":"https:\/\/secure.cief.org\/wp\/?page_id=576"},"modified":"2016-06-10T09:24:12","modified_gmt":"2016-06-10T09:24:12","slug":"appel-a-communications","status":"publish","type":"page","link":"https:\/\/secure.cief.org\/wp\/?page_id=576","title":{"rendered":"Appel \u00e0 communications &#8211; Informations g\u00e9n\u00e9rales"},"content":{"rendered":"<h3>Th\u00e8me directeur du congr\u00e8s 2016 (23-29 mai 2016) : Autour de l\u2019arbre \u00e0 palabres<\/h3>\n<p><a href=\"https:\/\/secure.cief.org\/wp\/wp-content\/uploads\/2014\/01\/flamboyant.jpg\"><img loading=\"lazy\" decoding=\"async\" class=\" size-full wp-image-466 alignleft\" src=\"https:\/\/secure.cief.org\/wp\/wp-content\/uploads\/2014\/01\/flamboyant.jpg\" alt=\"flamboyant\" width=\"292\" height=\"220\" \/><\/a>Lieu de rassemblement communautaire, de transmission m\u00e9morielle, de production et de r\u00e9ception orale, de discussions et d\u00e9bats, sc\u00e8ne th\u00e9\u00e2trale, cours de justice, l\u2019arbre \u00e0 palabres est un des points strat\u00e9giques des civilisations africaines. En choisissant le S\u00e9n\u00e9gal comme lieu de rencontre pour son 30e congr\u00e8s annuel, le CI\u00c9F cherche \u00e0 mettre \u00e0 l\u2019honneur la francophonie subsaharienne, en soulignant la place qu\u2019occupe le S\u00e9n\u00e9gal comme pierre d\u2019achoppement de la colonisation fran\u00e7aise, sommet du commerce triangulaire et point de d\u00e9part des esclaves vers les nouveaux mondes. N\u2019oublions pas que le S\u00e9n\u00e9gal c\u2019est aussi un carrefour de langues et de cultures, la terre natale d\u2019artistes \u00e0 renomm\u00e9e internationale tels L\u00e9opold S\u00e9dar Senghor, Cheik Anta Diop ou Ousmane Sembene, le monde des griots et de la n\u00e9gritude. Le congr\u00e8s de 2015 con\u00e7oit cette rencontre autour de l\u2019arbre \u00e0 palabres comme un espace de dialogue o\u00f9 seront examin\u00e9es, entre autres, des questions pertinentes \u00e0 l\u2019oralit\u00e9, \u00e0 la m\u00e9moire et \u00e0 l\u2019histoire, ainsi qu\u2019\u00e0 des probl\u00e9matiques relatives au n\u00e9ocolonialisme, \u00e0 la place de l\u2019Afrique dans le contexte g\u00e9opolitique mondial, aux d\u00e9fis rencontr\u00e9s par les jeunes ou aux multiples formes d\u2019art et d\u2019\u00e9criture.<\/p>\n<p>Afin d\u2019encourager de mani\u00e8re interdisciplinaire le d\u00e9veloppement des \u00e9tudes, de la recherche, des publications portant sur la litt\u00e9rature, la langue, la culture, les arts et les sciences sociales dans tout le monde francophone, e CI\u00c9F accueille chaque ann\u00e9e \u00e0 son congr\u00e8s un large \u00e9ventail de sessions regroup\u00e9es sous ces cat\u00e9gories. Nous vous proposons donc \u00e9galement une liste de <strong>th\u00e8mes ouverts dans lesquels la francophonie est un facteur principe<\/strong> et qui permettront de rassembler les intervenants autour de probl\u00e9matiques d\u2019actualit\u00e9, sous les grandes cat\u00e9gories de LANGUE-CULTURE-LITT\u00c9RATURE-HISTOIRE-P\u00c9DAGOGIE. Nous invitons les propositions sur les th\u00e8mes suivants de mani\u00e8re non exclusive :<\/p>\n<table border=\"0\" width=\"100%\" cellspacing=\"0\" cellpadding=\"0\">\n<tbody>\n<tr>\n<td valign=\"top\">\n<ul>\n<li>Francophonies subsahariennes<\/li>\n<li>Oralit\u00e9 et m\u00e9moire<\/li>\n<li>\u00c9changes Nord\/Sud<\/li>\n<li>Travers\u00e9e de langues, travers\u00e9e de cultures<\/li>\n<li>Le voyage dans tous ses \u00e9tats<\/li>\n<li>Repenser le postcolonial francophone<\/li>\n<li>D\u00e9territorialisation, immigration et identit\u00e9s<\/li>\n<li>L&rsquo;espace et\/ou l&rsquo;\u00e9criture cin\u00e9matographique<\/li>\n<li>La langue fran\u00e7aise dans la grande et la petite<br \/>\nhistoire<\/li>\n<li>Guerre et violence : expressions francophones<\/li>\n<li>Autour d&rsquo;un auteur<\/li>\n<\/ul>\n<\/td>\n<td valign=\"top\">\n<ul>\n<li>Les francophonies ultramarines<\/li>\n<li>La francophonie des Am\u00e9riques : enjeux, identit\u00e9s et langues<\/li>\n<li>Texte(s) et image(s)<\/li>\n<li>\u00c9criture au f\u00e9minin\/masculin\/genre ouvert<\/li>\n<li>Nouvelles techniques en didactique du fran\u00e7ais<\/li>\n<li>Linguistique comparative &amp; francophonie<\/li>\n<li>Probl\u00e9matiques de la traduction<\/li>\n<li>L&rsquo;inter et le transculturel<\/li>\n<li>Le fran\u00e7ais, langue v\u00e9hiculaire: hier et aujourd&rsquo;hui<\/li>\n<li>Identit\u00e9 et alt\u00e9rit\u00e9<\/li>\n<\/ul>\n<\/td>\n<\/tr>\n<\/tbody>\n<\/table>\n<p>Vous souhaitez participer \u00e0 notre congr\u00e8s en 2015 ? Il y a deux fa\u00e7ons de faire des propositions sur un th\u00e8me li\u00e9 aux \u00e9tudes francophones :<\/p>\n<h4>1. Proposer une session compl\u00e8te regroupant trois ou de pr\u00e9f\u00e9rence quatre communications autour d\u2019un th\u00e8me commun.<\/h4>\n<p>Nous vous encourageons \u00e0 r\u00e9unir des communications autour d\u2019un th\u00e8me avec des collaborateurs membres du CI\u00c9F ou encore \u00e0 lancer un appel \u00e0 communications qui para\u00eetra dans le Bulletin d\u2019automne. Pour ce faire, il faut \u00eatre membre en r\u00e8gle du CI\u00c9F, c\u2019est\u2010\u00e0 dire avoir pay\u00e9 <a href=\"https:\/\/secure.cief.org\/wp\/?page_id=75\">votre adh\u00e9sion<\/a><\/p>\n<p>Date limite pour <strong>lancer un appel \u00e0 communications<\/strong> : <strong>10 septembre 2015<\/strong><br \/>\n&gt; <a href=\"https:\/\/secure.cief.org\/wp\/formappel\/\">Formulaire \u00e0 remplir<\/a><\/p>\n<p>Date limite pour proposer une session compl\u00e8te : <strong>15 octobre 2015<\/strong><br \/>\n&gt; <a href=\"https:\/\/secure.cief.org\/wp\/formsession\">Formulaire \u00e0 remplir<\/a><\/p>\n<p>Si vous souhaitez proposer une communication dans une session, veuillez contacter directement le\/la pr\u00e9sident-e de session avant le 10 octobre 2015. Vous \u00eates pri\u00e9s de proposer votre communication dans UNE SEULE session.<\/p>\n<h4>2. Proposer une communication individuelle<\/h4>\n<p>Date limite <strong>pour proposer une communication individuelle<\/strong> : <strong>15 octobre 2015<\/strong><br \/>\n&gt; <a href=\"https:\/\/secure.cief.org\/wp\/formcommunication\">Formulaire \u00e0 remplir<\/a><\/p>\n<p><strong>Les membres sont pri\u00e9s de ne soumettre qu\u2019UNE proposition<\/strong> ; le cas \u00e9ch\u00e9ant, la proposition faisant partie d\u2019une session compl\u00e8te aura automatiquement priorit\u00e9. <strong>Les <\/strong><strong>propositions individuelles multiples ne seront pas consid\u00e9r\u00e9es<\/strong>. Si votre proposition peut s\u2019ins\u00e9rer dans une des th\u00e9matiques propos\u00e9es ci-dessus, veuillez indiquer la th\u00e9matique pertinente entre parenth\u00e8ses \u00e0 la fin de votre proposition.<\/p>\n<p>Par ailleurs, les membres dont les propositions sont accept\u00e9es doivent s\u2019attendre \u00e0 remplir l\u2019office de pr\u00e9sident ou de secr\u00e9taire de session. Pour faciliter la t\u00e2che des organisateurs, nous vous prions de consulter l\u2019horaire provisoire sur le site Web d\u00e8s le d\u00e9but du mois de f\u00e9vrier et pr\u00e9venir la pr\u00e9sidente (<a href=\"mailto:presidente@cief.org\">pr\u00e9sidente@cief.org<\/a>) uniquement dans le cas d\u2019une impossibilit\u00e9 \u00e0 accomplir cette t\u00e2che. Nous comptons sur votre collaboration et vous remercions d\u2019avance.<br \/>\nPour obtenir des renseignements sur le CI\u00c9F et son congr\u00e8s, pri\u00e8re de consulter notre site web ou de communiquer avec la pr\u00e9sidente du CI\u00c9F, Mme Yolaine Parisot (<a href=\"mailto:presidente@cief.org\">presidente@cief.org<\/a>).<\/p>\n<p>Le Prix Jeune Chercheur est d\u00e9cern\u00e9 chaque ann\u00e9e \u00e0 la meilleure communication doctorante au Congr\u00e8s.<\/p>\n","protected":false},"excerpt":{"rendered":"<p>Th\u00e8me directeur du congr\u00e8s 2016 (23-29 mai 2016) : Autour de l\u2019arbre \u00e0 palabres Lieu de rassemblement communautaire, de transmission m\u00e9morielle, de production et de r\u00e9ception orale, de discussions et d\u00e9bats, sc\u00e8ne th\u00e9\u00e2trale, cours de justice, l\u2019arbre \u00e0 palabres est un des points strat\u00e9giques des civilisations africaines. En choisissant le S\u00e9n\u00e9gal comme lieu de rencontre [&hellip;]<\/p>\n","protected":false},"author":1,"featured_media":0,"parent":265,"menu_order":0,"comment_status":"closed","ping_status":"open","template":"page-congres-2016.php","meta":{"footnotes":""},"categories":[4,12],"tags":[],"class_list":["post-576","page","type-page","status-publish","hentry","category-cief","category-congres-2016"],"_links":{"self":[{"href":"https:\/\/secure.cief.org\/wp\/index.php?rest_route=\/wp\/v2\/pages\/576","targetHints":{"allow":["GET"]}}],"collection":[{"href":"https:\/\/secure.cief.org\/wp\/index.php?rest_route=\/wp\/v2\/pages"}],"about":[{"href":"https:\/\/secure.cief.org\/wp\/index.php?rest_route=\/wp\/v2\/types\/page"}],"author":[{"embeddable":true,"href":"https:\/\/secure.cief.org\/wp\/index.php?rest_route=\/wp\/v2\/users\/1"}],"replies":[{"embeddable":true,"href":"https:\/\/secure.cief.org\/wp\/index.php?rest_route=%2Fwp%2Fv2%2Fcomments&post=576"}],"version-history":[{"count":10,"href":"https:\/\/secure.cief.org\/wp\/index.php?rest_route=\/wp\/v2\/pages\/576\/revisions"}],"predecessor-version":[{"id":643,"href":"https:\/\/secure.cief.org\/wp\/index.php?rest_route=\/wp\/v2\/pages\/576\/revisions\/643"}],"up":[{"embeddable":true,"href":"https:\/\/secure.cief.org\/wp\/index.php?rest_route=\/wp\/v2\/pages\/265"}],"wp:attachment":[{"href":"https:\/\/secure.cief.org\/wp\/index.php?rest_route=%2Fwp%2Fv2%2Fmedia&parent=576"}],"wp:term":[{"taxonomy":"category","embeddable":true,"href":"https:\/\/secure.cief.org\/wp\/index.php?rest_route=%2Fwp%2Fv2%2Fcategories&post=576"},{"taxonomy":"post_tag","embeddable":true,"href":"https:\/\/secure.cief.org\/wp\/index.php?rest_route=%2Fwp%2Fv2%2Ftags&post=576"}],"curies":[{"name":"wp","href":"https:\/\/api.w.org\/{rel}","templated":true}]}}