{"id":60,"date":"2014-01-28T16:00:35","date_gmt":"2014-01-28T16:00:35","guid":{"rendered":"https:\/\/secure.cief.org\/wp\/?page_id=60"},"modified":"2015-07-08T07:09:40","modified_gmt":"2015-07-08T07:09:40","slug":"elections","status":"publish","type":"page","link":"https:\/\/secure.cief.org\/wp\/?page_id=60","title":{"rendered":"\u00c9lections"},"content":{"rendered":"<p>Des \u00e9lections annuelles ont lieu pendant le mois de mars pour pourvoir aux postes vacants du comit\u00e9 d\u2019administration ou \u00e0 celui de vice-pr\u00e9sident.e. Les membres du CIEF qui d\u00e9sireraient servir dans ces postes sont pri\u00e9s de contacter la secr\u00e9taire-tr\u00e9sori\u00e8re (<a href=\"mailto:secretaire@cief.org\">secretaire@cief.org<\/a>) et d\u2019exprimer leur souhait \u00e0 ce sujet. Il est \u00e0 noter que dans la mesure du possible, les membres \u00e9lus doivent assister aux congr\u00e8s qui ont lieu pendant leur mandat et de participer aux r\u00e9unions annuelles du comit\u00e9 d\u2019administration.<\/p>\n","protected":false},"excerpt":{"rendered":"<p>Des \u00e9lections annuelles ont lieu pendant le mois de mars pour pourvoir aux postes vacants du comit\u00e9 d\u2019administration ou \u00e0 celui de vice-pr\u00e9sident.e. Les membres du CIEF qui d\u00e9sireraient servir dans ces postes sont pri\u00e9s de contacter la secr\u00e9taire-tr\u00e9sori\u00e8re (secretaire@cief.org) et d\u2019exprimer leur souhait \u00e0 ce sujet. Il est \u00e0 noter que dans la mesure [&hellip;]<\/p>\n","protected":false},"author":1,"featured_media":0,"parent":18,"menu_order":0,"comment_status":"closed","ping_status":"open","template":"page-full.php","meta":{"footnotes":""},"categories":[4],"tags":[],"class_list":["post-60","page","type-page","status-publish","hentry","category-cief"],"_links":{"self":[{"href":"https:\/\/secure.cief.org\/wp\/index.php?rest_route=\/wp\/v2\/pages\/60","targetHints":{"allow":["GET"]}}],"collection":[{"href":"https:\/\/secure.cief.org\/wp\/index.php?rest_route=\/wp\/v2\/pages"}],"about":[{"href":"https:\/\/secure.cief.org\/wp\/index.php?rest_route=\/wp\/v2\/types\/page"}],"author":[{"embeddable":true,"href":"https:\/\/secure.cief.org\/wp\/index.php?rest_route=\/wp\/v2\/users\/1"}],"replies":[{"embeddable":true,"href":"https:\/\/secure.cief.org\/wp\/index.php?rest_route=%2Fwp%2Fv2%2Fcomments&post=60"}],"version-history":[{"count":2,"href":"https:\/\/secure.cief.org\/wp\/index.php?rest_route=\/wp\/v2\/pages\/60\/revisions"}],"predecessor-version":[{"id":438,"href":"https:\/\/secure.cief.org\/wp\/index.php?rest_route=\/wp\/v2\/pages\/60\/revisions\/438"}],"up":[{"embeddable":true,"href":"https:\/\/secure.cief.org\/wp\/index.php?rest_route=\/wp\/v2\/pages\/18"}],"wp:attachment":[{"href":"https:\/\/secure.cief.org\/wp\/index.php?rest_route=%2Fwp%2Fv2%2Fmedia&parent=60"}],"wp:term":[{"taxonomy":"category","embeddable":true,"href":"https:\/\/secure.cief.org\/wp\/index.php?rest_route=%2Fwp%2Fv2%2Fcategories&post=60"},{"taxonomy":"post_tag","embeddable":true,"href":"https:\/\/secure.cief.org\/wp\/index.php?rest_route=%2Fwp%2Fv2%2Ftags&post=60"}],"curies":[{"name":"wp","href":"https:\/\/api.w.org\/{rel}","templated":true}]}}