{"id":623,"date":"2015-09-04T13:44:33","date_gmt":"2015-09-04T13:44:33","guid":{"rendered":"https:\/\/secure.cief.org\/wp\/?page_id=623"},"modified":"2025-01-10T16:32:52","modified_gmt":"2025-01-10T16:32:52","slug":"soumission-darticles-et-de-comptes-rendus","status":"publish","type":"page","link":"https:\/\/secure.cief.org\/wp\/?page_id=623","title":{"rendered":"Soumission d\u2019articles et de comptes rendus"},"content":{"rendered":"<h3>Pour soumettre un Article<\/h3>\n<p><strong>Veuillez noter que la revue ne publie pas les Actes de Congr\u00e8s. Avant de soumettre une communication \u00e0 la revue, un travail de r\u00e9\u00e9criture s\u2019impose afin de respecter la forme conventionnelle d\u2019un article et le protocole de NEF. Voir les informations ci-dessous et la page du <a href=\"https:\/\/secure.cief.org\/wp\/?page_id=121\">protocole de r\u00e9daction<\/a> ainsi que les r\u00e8gles du MLA \u2013 Modern Language Association \u2013 \u00e0\u00a0<a href=\"http:\/\/www.mla.org\/\">www.mla.org<\/a>\u00a0(surtout la page des\u00a0<a href=\"http:\/\/www.mla.org\/publications\/style_faq\">questions fr\u00e9quentes<\/a>). Les soumissions d\u2019articles se font d\u00e9sormais par un\u00a0<a href=\"https:\/\/secure.cief.org\/wp\/formsoumission\/\">formulaire s\u00e9curis\u00e9<\/a>.<\/strong><\/p>\n<p>Toute correspondance relative aux questions \u00e9ditoriales doit \u00eatre adress\u00e9e \u00e0:<\/p>\n<p><strong>Alexandra GUEYDAN-TUREK <\/strong><a href=\"mailto:redactrice@cief.org\">Courriel <\/a>(cliquez le lien)<\/p>\n<p>La revue accueille les soumissions d\u2019articles r\u00e9dig\u00e9s en fran\u00e7ais seulement.<\/p>\n<ul>\n<li>Avant de soumettre un article, pri\u00e8re de voir <a href=\"https:\/\/secure.cief.org\/wp\/?page_id=121\">les instructions du protocole de r\u00e9daction<\/a> et de les suivre.<\/li>\n<li>La revue ne publie que des\u00a0<strong>textes in\u00e9dits<\/strong>. Ils compteront entre 4500 et 6000 mots.<\/li>\n<li>La revue ne consid\u00e8re aucun texte qui est simultan\u00e9ment\u00a0<strong>sous \u00e9valuation par une autre revue<\/strong>.<\/li>\n<li>Figures et reproductions : Toutes les figures (2 maximum par article, publi\u00e9es en demi page et en noir et blanc) doivent <strong>faire l\u2019objet d\u2019une \u00e9tude approfondie et<\/strong><strong> pertinente<\/strong>, et seront cod\u00e9es dans le format photo (.jpg ou .png en haute r\u00e9solution (600 dpi). I<span style=\"color: #48423f;\">Une fois que l\u2019article est accept\u00e9 pour publication, il incombe \u00e0 <\/span>l\u2019autrice<span style=\"color: #48423f;\"> ou l\u2019auteur d\u2019obtenir <\/span><span style=\"color: #000000;\"><b>les droits de reproduction<\/b> pour ces illustrations. Veuillez faire parvenir\u00a0 chaque figure\u00a0<b>s\u00e9par\u00e9ment\u00a0<\/b> \u00e0 la r\u00e9daction, \u00e0 titre de document annexe. Veuillez aussi\u00a0nous\u00a0envoyer un document Word distinct intitul\u00e9 \u00ab alt text \u00bb <b>avec un texte alternatif <\/b>pour chaque image <b>en plus de sa l\u00e9gende<\/b>\u00a0(<a href=\"https:\/\/secure.cief.org\/wp\/wp-content\/uploads\/2025\/01\/protocole_images.pdf\">cf. exemple)<\/a>.<\/span><\/li>\n<li>Le processus d\u2019\u00e9valuation des articles est enti\u00e8rement anonyme. <strong>Chaque article soumis fait l&rsquo;objet d&rsquo;une \u00e9valuation par deux sp\u00e9cialistes externes.\u00a0 <\/strong>En cas d\u2019\u00e9valuations mitig\u00e9es, l\u2019article sera \u00e9valu\u00e9 par une ou un troisi\u00e8me sp\u00e9cialiste qui tranchera. L&rsquo;autrice ou l&rsquo;auteur aura alors l&rsquo;opportunit\u00e9 de r\u00e9viser son travail au jour des premi\u00e8res \u00e9valuations re\u00e7ues, avant l&rsquo;envoi au troisi\u00e8me expert.<strong><br \/>\n<\/strong><\/li>\n<li>Il faut attendre environ trois \u00e0 quatre mois entre la date de soumission et une r\u00e9ponse du comit\u00e9 \u00e9ditorial (le d\u00e9lai d\u00e9pend en grande partie de l\u2019emploi du temps des \u00e9valuateurs).<\/li>\n<li>Lorsqu\u2019un article est d\u00e9finitivement accept\u00e9 pour publication (c\u2019est-\u00e0-dire apr\u00e8s r\u00e9visions), le d\u00e9lai normal de publication est de six \u00e0 douze mois, selon la th\u00e9matique des num\u00e9ros.<\/li>\n<li>Les articles sont envoy\u00e9s \u00e0 la R\u00e9daction via notre page s\u00e9curis\u00e9e.<\/li>\n<li>Pour tout renseignement d\u2019ordre \u00e9ditorial, pri\u00e8re de s\u2019adresser \u00e0 la R\u00e9dactrice en chef\u00a0 <a href=\"mailto:vma.nef@cief.org\">Alexandra Gueydan-Turek <\/a> (voyez aussi <a href=\"https:\/\/secure.cief.org\/wp\/?page_id=115\">la page de l\u2019\u00e9quipe de NEF<\/a>) .<\/li>\n<\/ul>\n<blockquote><p><strong><a href=\"https:\/\/secure.cief.org\/wp\/formsoumission\/\">\u00bb Acc\u00e9dez \u00e0 une page s\u00e9curis\u00e9e *obligatoire* pour soumettre votre article<\/a><\/strong><\/p><\/blockquote>\n<h3>Pour soumettre un dossier sp\u00e9cial?\u00a0articles.<\/h3>\n<p>Chaque num\u00e9ro de la <em>NEF<\/em> comporte d\u00e9sormais un dossier sp\u00e9cial, auquel s\u2019ajoute une section Articles plurith\u00e9matiques. Les dossiers sp\u00e9ciaux sont donc vivement\u00a0encourag\u00e9s. Ils comportent en moyenne 8 articles in\u00e9dits; exceptionnellement, ils peuvent aussi inclure des entretiens, de courts extraits litt\u00e9raires originaux, etc.<\/p>\n<p>Chaque contribution au sein d\u2019un dossier sera soumise aux m\u00eames attentes, processus d\u2019\u00e9valuation en <strong>\u201cdouble aveugle\u201d<\/strong> et <a href=\"https:\/\/secure.cief.org\/wp\/?page_id=121\">protocoles de r\u00e9daction<\/a> que les articles plurith\u00e9matiques (cf. ci-dessus)<\/p>\n<p>Veuillez addresser votre projet de dossier sp\u00e9cial directement \u00e0 la r\u00e9daction en chef (<a href=\"mailto:redactrice@cief.org\">R\u00e9dactrice en chef<\/a> et <a href=\"mailto:jboissonneault@laurentian.ca\">r\u00e9dactrice adjointe<\/a>) et comporter un bref argumentaire.<\/p>\n<p>Un avis de recevabilit\u00e9 sera adress\u00e9 au coordinateur ou \u00e0 la coordinatrice du dossier ainsi que la proc\u00e9dure \u00e0 suivre en cas d\u2019acceptation. Pour plus d\u2019informations, veuillez consulter le\u00a0<a href=\"https:\/\/secure.cief.org\/wp\/?page_id=174259\"><strong>lien suivant<\/strong><\/a>\u00a0(cliquable)<\/p>\n<h3>Pour soumettre un compte rendu critique?<\/h3>\n<ol>\n<li>Consulter la liste des membres du\u00a0<a href=\"https:\/\/secure.cief.org\/wp\/?page_id=115\">Comit\u00e9 des Recensions et Comptes rendus<\/a> pour envoyer votre compte rendu au responsable de la r\u00e9gion francophone ou du genre litt\u00e9raire appropri\u00e9;<\/li>\n<li>Respecter la longueur moyenne des comptes rendus et des actualit\u00e9s. Chaque compte rendu fait approximativement entre 1 000 et 2 000 mots et les actualit\u00e9s doivent \u00eatre d\u2019une longueur moyenne de\u00a0450 mots;<\/li>\n<li>Suivre les instructions du <a href=\"https:\/\/secure.cief.org\/wp\/?page_id=121\">protocole de r\u00e9daction<\/a>.<\/li>\n<\/ol>\n<p>Il incombe aux responsables de zones, et au\/\u00e0 la responsable des Comptes Rendus et actualit\u00e9s de r\u00e9viser enti\u00e8rement les textes et d&rsquo;en corriger la syntaxe et l&rsquo;orthographe en suivant les normes du MLA.<\/p>\n<p>Pour tout autre renseignement, pri\u00e8re de vous adresser \u00e0 la <a href=\"mailto:recensions.nef@cief.org\">directrice des Recensions et Comptes Rendus<\/a>.<\/p>\n","protected":false},"excerpt":{"rendered":"<p>Pour soumettre un Article Veuillez noter que la revue ne publie pas les Actes de Congr\u00e8s. Avant de soumettre une communication \u00e0 la revue, un travail de r\u00e9\u00e9criture s\u2019impose afin de respecter la forme conventionnelle d\u2019un article et le protocole de NEF. Voir les informations ci-dessous et la page du protocole de r\u00e9daction ainsi que [&hellip;]<\/p>\n","protected":false},"author":1,"featured_media":0,"parent":112,"menu_order":0,"comment_status":"closed","ping_status":"closed","template":"page-nef.php","meta":{"footnotes":""},"categories":[5],"tags":[],"class_list":["post-623","page","type-page","status-publish","hentry","category-nef"],"_links":{"self":[{"href":"https:\/\/secure.cief.org\/wp\/index.php?rest_route=\/wp\/v2\/pages\/623","targetHints":{"allow":["GET"]}}],"collection":[{"href":"https:\/\/secure.cief.org\/wp\/index.php?rest_route=\/wp\/v2\/pages"}],"about":[{"href":"https:\/\/secure.cief.org\/wp\/index.php?rest_route=\/wp\/v2\/types\/page"}],"author":[{"embeddable":true,"href":"https:\/\/secure.cief.org\/wp\/index.php?rest_route=\/wp\/v2\/users\/1"}],"replies":[{"embeddable":true,"href":"https:\/\/secure.cief.org\/wp\/index.php?rest_route=%2Fwp%2Fv2%2Fcomments&post=623"}],"version-history":[{"count":16,"href":"https:\/\/secure.cief.org\/wp\/index.php?rest_route=\/wp\/v2\/pages\/623\/revisions"}],"predecessor-version":[{"id":288069,"href":"https:\/\/secure.cief.org\/wp\/index.php?rest_route=\/wp\/v2\/pages\/623\/revisions\/288069"}],"up":[{"embeddable":true,"href":"https:\/\/secure.cief.org\/wp\/index.php?rest_route=\/wp\/v2\/pages\/112"}],"wp:attachment":[{"href":"https:\/\/secure.cief.org\/wp\/index.php?rest_route=%2Fwp%2Fv2%2Fmedia&parent=623"}],"wp:term":[{"taxonomy":"category","embeddable":true,"href":"https:\/\/secure.cief.org\/wp\/index.php?rest_route=%2Fwp%2Fv2%2Fcategories&post=623"},{"taxonomy":"post_tag","embeddable":true,"href":"https:\/\/secure.cief.org\/wp\/index.php?rest_route=%2Fwp%2Fv2%2Ftags&post=623"}],"curies":[{"name":"wp","href":"https:\/\/api.w.org\/{rel}","templated":true}]}}