{"id":64547,"date":"2018-12-17T19:25:31","date_gmt":"2018-12-17T19:25:31","guid":{"rendered":"https:\/\/secure.cief.org\/wp\/?page_id=64547"},"modified":"2018-12-29T16:29:51","modified_gmt":"2018-12-29T16:29:51","slug":"appel-a-communication-pour-la-convention-mla-de-2020","status":"publish","type":"page","link":"https:\/\/secure.cief.org\/wp\/?page_id=64547","title":{"rendered":"Appel \u00e0 communication pour la convention MLA de 2020"},"content":{"rendered":"\n<p class=\"has-medium-font-size\"><strong>Session affili\u00e9e du CIEF \u00e0 la Convention de la MLA \u00e0 Seattle du 7 au 10 janvier 2020<\/strong><\/p>\n\n\n\n<p><strong>Droit de cit\u00e9 : l&rsquo;Autre en D\u00e9mocratie ou la bataille pour l&rsquo;\u00e9galibert\u00e9<\/strong><br><strong>Descriptif :<\/strong> Cette session se propose d\u2019examiner comment les litt\u00e9ratures et cin\u00e9mas francophones se saisissent de la question \u00e9pineuse des flux migratoires, pass\u00e9s et pr\u00e9sents, et les politiques qu\u2019elle engendre. Comment est-ce que les \u00e9crivains et cin\u00e9astes francophones abordent ce sujet qui se d\u00e9cline aux rythmes de drames, r\u00eaves \u00e9chou\u00e9s, et crise-passions ? Quels regards et quelles r\u00e9flexions nous proposent-ils sur la migration comme \u2018\u2019d\u00e9fi\u2019\u2019 \u00e0 la d\u00e9mocratie ? Comment est-ce que ces textes et films exposent des parcours individuels ou collectifs qui peuvent aussi t\u00e9moigner d\u2019un mode politique d\u2019existence et d\u2019une forme de citoyennet\u00e9 active qui transcende fronti\u00e8res et barbel\u00e9s ? Immigr\u00e9, enfant d\u2019immigr\u00e9, migrant, exil\u00e9, r\u00e9fugi\u00e9 politique, d\u00e9plac\u00e9, autant de figures, de parcours et de destins parfois tragiques (comme en t\u00e9moignent les 71 cadavres en d\u00e9composition abandonn\u00e9s sur une autoroute en Autriche en 2015 ou encore le corps d\u2019un enfant de 3 ans \u00e9chou\u00e9 sur une plage de Turquie), qui mettent \u00e0 l\u2019\u00e9preuve la d\u00e9mocratie en la poussant \u00e0 s\u2019interroger sur son id\u00e9al d\u2019inclusion \u00e9galisatrice. Proposition de communication (300 \u00e0 500 mots) \u00e0 envoyer \u00e0 Jimia Boutouba, <a href=\"mailto:jboutouba@scu.edu\">jboutouba@scu.edu<\/a> avant le 22 f\u00e9vrier 2019. Veuillez y inclure votre nom, votre affiliation universitaire et votre adresse electronique.<\/p>\n","protected":false},"excerpt":{"rendered":"<p>Session affili\u00e9e du CIEF \u00e0 la Convention de la MLA \u00e0 Seattle du 7 au 10 janvier 2020 Droit de cit\u00e9 : l&rsquo;Autre en D\u00e9mocratie ou la bataille pour l&rsquo;\u00e9galibert\u00e9Descriptif : Cette session se propose d\u2019examiner comment les litt\u00e9ratures et cin\u00e9mas francophones se saisissent de la question \u00e9pineuse des flux migratoires, pass\u00e9s et pr\u00e9sents, et [&hellip;]<\/p>\n","protected":false},"author":2,"featured_media":0,"parent":0,"menu_order":0,"comment_status":"closed","ping_status":"closed","template":"","meta":{"footnotes":""},"categories":[],"tags":[],"class_list":["post-64547","page","type-page","status-publish","hentry"],"_links":{"self":[{"href":"https:\/\/secure.cief.org\/wp\/index.php?rest_route=\/wp\/v2\/pages\/64547","targetHints":{"allow":["GET"]}}],"collection":[{"href":"https:\/\/secure.cief.org\/wp\/index.php?rest_route=\/wp\/v2\/pages"}],"about":[{"href":"https:\/\/secure.cief.org\/wp\/index.php?rest_route=\/wp\/v2\/types\/page"}],"author":[{"embeddable":true,"href":"https:\/\/secure.cief.org\/wp\/index.php?rest_route=\/wp\/v2\/users\/2"}],"replies":[{"embeddable":true,"href":"https:\/\/secure.cief.org\/wp\/index.php?rest_route=%2Fwp%2Fv2%2Fcomments&post=64547"}],"version-history":[{"count":5,"href":"https:\/\/secure.cief.org\/wp\/index.php?rest_route=\/wp\/v2\/pages\/64547\/revisions"}],"predecessor-version":[{"id":64568,"href":"https:\/\/secure.cief.org\/wp\/index.php?rest_route=\/wp\/v2\/pages\/64547\/revisions\/64568"}],"wp:attachment":[{"href":"https:\/\/secure.cief.org\/wp\/index.php?rest_route=%2Fwp%2Fv2%2Fmedia&parent=64547"}],"wp:term":[{"taxonomy":"category","embeddable":true,"href":"https:\/\/secure.cief.org\/wp\/index.php?rest_route=%2Fwp%2Fv2%2Fcategories&post=64547"},{"taxonomy":"post_tag","embeddable":true,"href":"https:\/\/secure.cief.org\/wp\/index.php?rest_route=%2Fwp%2Fv2%2Ftags&post=64547"}],"curies":[{"name":"wp","href":"https:\/\/api.w.org\/{rel}","templated":true}]}}