{"id":73,"date":"2014-01-28T16:09:13","date_gmt":"2014-01-28T16:09:13","guid":{"rendered":"https:\/\/secure.cief.org\/wp\/?page_id=73"},"modified":"2020-01-28T08:06:13","modified_gmt":"2020-01-28T08:06:13","slug":"tarifs-pour-ladhesion","status":"publish","type":"page","link":"https:\/\/secure.cief.org\/wp\/?page_id=73","title":{"rendered":"Tarifs pour l\u2019adh\u00e9sion"},"content":{"rendered":"<p><strong>L&rsquo;adh\u00e9sion \u00e0 l&rsquo;association couvre l&rsquo;ann\u00e9e calendaire : de janvier \u00e0 d\u00e9cembre. Notez que pour envoyer des annonces sur la liste de diffusion, il faut \u00eatre membre du CI\u00c9F.<\/strong><\/p>\n<p>Plusieurs formules d&rsquo;adh\u00e9sion au CI\u00c9F sont disponibles : membre r\u00e9gulier (y compris des tarifs r\u00e9duits pour les \u00e9tudiants, les retrait\u00e9es et les retrait\u00e9s, les r\u00e9sidantes ou r\u00e9sidants de pays \u00e0 monnaie non convertible &#8211; Afrique, Asie du sud-est, certains pays d&rsquo;Europe centrale et orientale, etc.) ou membre \u00e0 vie, plus sympathisante ou sympathisant, amie ou ami, associ\u00e9e ou associ\u00e9, bienfaitrice ou bienfaiteur, ou membre d&rsquo;honneur. Vous trouverez ces d\u00e9tails ci-dessous. L&rsquo;adh\u00e9sion au CI\u00c9F est annuelle, du mois de janvier au mois de d\u00e9cembre\u00a0; cependant, les personnes qui deviennent membres apr\u00e8s le congr\u00e8s annuel (entre juillet et d\u00e9cembre) voient leur adh\u00e9sion valid\u00e9e pour l\u2019ann\u00e9e qui suit.<\/p>\n<p>On peut adh\u00e9rer \u00e0 tout moment de l&rsquo;ann\u00e9e, mais pour recevoir les deux num\u00e9ros annuels de la revue <em>NEF<\/em>, il faut envoyer sa cotisation le <strong>1er f\u00e9vrier <\/strong>au plus tard. Il faut \u00e9galement avoir pay\u00e9 son adh\u00e9sion 2019 en septembre 2018 afin de proposer une session pour le congr\u00e8s 2019.<\/p>\n<p class=\"style3\">Les paiements s&rsquo;effectuent par carte bancaire (carte de cr\u00e9dit), vous trouverez un <strong>formulaire s\u00e9curis\u00e9<\/strong> qui offre une transaction rapide et compl\u00e8te, avec confirmation et re\u00e7u imm\u00e9diats. Si vous ne disposez pas de carte bancaire, veuillez contacter le secr\u00e9taire-tr\u00e9sorier \u00e0 <a href=\"mailto:secretaire@cief.org\">secretaire@cief.org<\/a><\/p>\n<table class=\"tablestd2\" border=\"0\" width=\"510\" cellspacing=\"0\" cellpadding=\"5\">\n<tbody>\n<tr>\n<td width=\"319\">\n<div align=\"left\"><strong>Cat\u00e9gorie<\/strong><\/div>\n<\/td>\n<td width=\"47\">\n<div align=\"right\"><strong>1 an<\/strong><\/div>\n<\/td>\n<td width=\"47\">\n<div align=\"right\"><strong>2 ans<\/strong><\/div>\n<\/td>\n<td>\n<div align=\"right\"><strong>3 ans<\/strong><\/div>\n<\/td>\n<\/tr>\n<tr>\n<td width=\"319\">\n<div align=\"left\">Membre r\u00e9gulier<\/div>\n<\/td>\n<td>\n<div align=\"right\">80$<\/div>\n<\/td>\n<td>\n<div align=\"right\">150$<\/div>\n<\/td>\n<td>\n<div align=\"right\">210$<\/div>\n<\/td>\n<\/tr>\n<tr>\n<td width=\"319\">\n<div align=\"left\">Retrait\u00e9-e<\/div>\n<\/td>\n<td>\n<div align=\"right\">60$<\/div>\n<\/td>\n<td>\n<div align=\"right\">110$<\/div>\n<\/td>\n<td>\n<div align=\"right\">150$<\/div>\n<\/td>\n<\/tr>\n<tr>\n<td width=\"319\">\n<div align=\"left\">\u00c9tudiant-e<\/div>\n<\/td>\n<td>\n<div align=\"right\">50$<\/div>\n<\/td>\n<td>\n<div align=\"right\">90$<\/div>\n<\/td>\n<td>\n<div align=\"right\">125$<\/div>\n<\/td>\n<\/tr>\n<tr>\n<td width=\"319\">\n<div align=\"left\">R\u00e9sidante permanente ou r\u00e9sidant permanent de pays \u00e0 monnaie non convertible (Afrique, Asie du sud-est, etc.)<\/div>\n<\/td>\n<td>\n<div align=\"right\">30$<\/div>\n<\/td>\n<td>\n<div align=\"right\">55$<\/div>\n<\/td>\n<td>\n<div align=\"right\">75$<\/div>\n<\/td>\n<\/tr>\n<tr>\n<td colspan=\"3\">\n<div align=\"left\">Membre \u00e0 vie<\/div>\n<\/td>\n<td>\n<div align=\"right\">1000$<\/div>\n<\/td>\n<\/tr>\n<tr>\n<td colspan=\"4\">\n<div align=\"left\"><strong>DON SUPPL\u00c9MENTAIRE (facultatif)<\/strong><\/div>\n<\/td>\n<\/tr>\n<tr>\n<td colspan=\"3\">\n<div align=\"left\">Sympathisante ou sympatisant<\/div>\n<\/td>\n<td valign=\"middle\" width=\"47\">\n<div align=\"right\">25$<\/div>\n<\/td>\n<\/tr>\n<tr>\n<td colspan=\"3\">\n<div align=\"left\">Amie ou ami<\/div>\n<\/td>\n<td valign=\"middle\" width=\"47\">\n<div align=\"right\">50$<\/div>\n<\/td>\n<\/tr>\n<tr>\n<td colspan=\"3\">\n<div align=\"left\">Associ\u00e9e ou associ\u00e9<\/div>\n<\/td>\n<td valign=\"middle\" width=\"47\">\n<div align=\"right\">125$<\/div>\n<\/td>\n<\/tr>\n<tr>\n<td colspan=\"3\">\n<div align=\"left\">Bienfaitrice ou bienfaiteur<\/div>\n<\/td>\n<td valign=\"middle\" width=\"47\">\n<div align=\"right\">200$<\/div>\n<\/td>\n<\/tr>\n<tr>\n<td colspan=\"3\">\n<div align=\"left\">Membre d\u2019honneur<\/div>\n<\/td>\n<td valign=\"middle\" width=\"47\">\n<div align=\"right\">500$<\/div>\n<\/td>\n<\/tr>\n<tr>\n<td colspan=\"3\" rowspan=\"3\">\n<div align=\"left\">\n<p>Fonds de solidarit\u00e9<\/p>\n<p>(Afin d&rsquo;inclure un plus grand nombre d&rsquo;\u00e9crivaines et \u00e9crivains, de chercheures-enseignantes et de chercheurs enseignants de pays \u00e0 monnaie non convertible dans les congr\u00e8s mondiaux du CI\u00c9F, nous invitons les membres de notre association \u00e0 contribuer au fonds de solidarit\u00e9.)<\/p>\n<\/div>\n<\/td>\n<td valign=\"middle\" width=\"47\">\n<div align=\"right\">25$<\/div>\n<\/td>\n<\/tr>\n<tr>\n<td width=\"47\">\n<div align=\"right\">50$<\/div>\n<\/td>\n<\/tr>\n<tr>\n<td width=\"47\">\n<div align=\"right\">100$<\/div>\n<\/td>\n<\/tr>\n<\/tbody>\n<\/table>\n","protected":false},"excerpt":{"rendered":"<p>L&rsquo;adh\u00e9sion \u00e0 l&rsquo;association couvre l&rsquo;ann\u00e9e calendaire : de janvier \u00e0 d\u00e9cembre. Notez que pour envoyer des annonces sur la liste de diffusion, il faut \u00eatre membre du CI\u00c9F. Plusieurs formules d&rsquo;adh\u00e9sion au CI\u00c9F sont disponibles : membre r\u00e9gulier (y compris des tarifs r\u00e9duits pour les \u00e9tudiants, les retrait\u00e9es et les retrait\u00e9s, les r\u00e9sidantes ou r\u00e9sidants [&hellip;]<\/p>\n","protected":false},"author":1,"featured_media":0,"parent":67,"menu_order":0,"comment_status":"closed","ping_status":"open","template":"page-full.php","meta":{"footnotes":""},"categories":[4],"tags":[],"class_list":["post-73","page","type-page","status-publish","hentry","category-cief"],"_links":{"self":[{"href":"https:\/\/secure.cief.org\/wp\/index.php?rest_route=\/wp\/v2\/pages\/73","targetHints":{"allow":["GET"]}}],"collection":[{"href":"https:\/\/secure.cief.org\/wp\/index.php?rest_route=\/wp\/v2\/pages"}],"about":[{"href":"https:\/\/secure.cief.org\/wp\/index.php?rest_route=\/wp\/v2\/types\/page"}],"author":[{"embeddable":true,"href":"https:\/\/secure.cief.org\/wp\/index.php?rest_route=\/wp\/v2\/users\/1"}],"replies":[{"embeddable":true,"href":"https:\/\/secure.cief.org\/wp\/index.php?rest_route=%2Fwp%2Fv2%2Fcomments&post=73"}],"version-history":[{"count":8,"href":"https:\/\/secure.cief.org\/wp\/index.php?rest_route=\/wp\/v2\/pages\/73\/revisions"}],"predecessor-version":[{"id":102091,"href":"https:\/\/secure.cief.org\/wp\/index.php?rest_route=\/wp\/v2\/pages\/73\/revisions\/102091"}],"up":[{"embeddable":true,"href":"https:\/\/secure.cief.org\/wp\/index.php?rest_route=\/wp\/v2\/pages\/67"}],"wp:attachment":[{"href":"https:\/\/secure.cief.org\/wp\/index.php?rest_route=%2Fwp%2Fv2%2Fmedia&parent=73"}],"wp:term":[{"taxonomy":"category","embeddable":true,"href":"https:\/\/secure.cief.org\/wp\/index.php?rest_route=%2Fwp%2Fv2%2Fcategories&post=73"},{"taxonomy":"post_tag","embeddable":true,"href":"https:\/\/secure.cief.org\/wp\/index.php?rest_route=%2Fwp%2Fv2%2Ftags&post=73"}],"curies":[{"name":"wp","href":"https:\/\/api.w.org\/{rel}","templated":true}]}}