{"id":84094,"date":"2019-06-27T14:43:15","date_gmt":"2019-06-27T14:43:15","guid":{"rendered":"https:\/\/secure.cief.org\/wp\/?page_id=84094"},"modified":"2020-06-29T15:10:16","modified_gmt":"2020-06-29T15:10:16","slug":"34eme-congres-du-cief-a-gdansk-du-1-au-7-juin-2020","status":"publish","type":"page","link":"https:\/\/secure.cief.org\/wp\/?page_id=84094","title":{"rendered":"34e congr\u00e8s du CI\u00c9F \u00e0 Gdansk du 8 au 14 juin 2020  &#8211; ANNUL\u00c9"},"content":{"rendered":"<h4><span style=\"color: #008000;\"><strong>Th\u00e8me directeur du congr\u00e8s 2020 :&nbsp; <\/strong><strong>Solidarit\u00e9s francophones<br \/>\n<\/strong><\/span><\/h4>\n<p style=\"text-align: center;\"><strong><span style=\"color: #ff0000;\">MESSAGE DU COMIT\u00c9 EX\u00c9CUTIF (30 avril 2020)<\/span><\/strong><\/p>\n<p><span style=\"color: #000000;\"><strong>Pr\u00e9cisions sur les congr\u00e8s de 2020 et 2021<\/strong><br \/>\nCh\u00e8res et chers coll\u00e8gues, Les sessions et communications individuelles accept\u00e9es au congr\u00e8s de Gdansk de 2020 (annul\u00e9) seront incluses d\u2019office dans le programme du congr\u00e8s du CI\u00c9F de 2021, dans l\u2019espoir que la situation sanitaire mondiale nous permettra de nous r\u00e9unir \u00e0 Mad\u00e8re. Un appel \u00e0 communications sur un nouveau th\u00e8me sera \u00e9galement diffuse, ouvert \u00e0 tout membre ou futur membre souhaitant envoyer une proposition pour l\u2019ann\u00e9e prochaine. Par ailleurs, nous vous rappelons que les statuts de l\u2019association ne permettent de faire qu\u2019une seule communication dans le cadre du congr\u00e8s. Aussi les membres figurant au programme du congr\u00e8s de 2020 et d\u00e9sireux de participer au congr\u00e8s de 2021 devront-ils nous signaler leur intention de garder ou de changer le sujet de leur communication dans un d\u00e9lai qui sera annonc\u00e9 ult\u00e9rieurement. Les conditions de participation au congr\u00e8s restent les m\u00eames : le r\u00e8glement des frais d\u2019adh\u00e9sion \u00e0 l\u2019association pour l\u2019ann\u00e9e en cours et celui des frais d\u2019inscription au congr\u00e8s. Cependant, en 2021, les membres ayant d\u00e9j\u00e0 r\u00e9gl\u00e9 leur inscription au congr\u00e8s de 2020 seront exempt\u00e9s de ce second paiement. Des informations plus d\u00e9taill\u00e9es seront diffus\u00e9es dans le Bulletin mensuel du CI\u00c9F et \u00e0 travers les messages de l\u2019ex\u00e9cutif pendant l\u2019\u00e9t\u00e9 et l\u2019automne 2020. Nous vous remercions de votre fid\u00e9lit\u00e9 au CI\u00c9F. Portez-vous bien ! <\/span><\/p>\n<table style=\"border-collapse: collapse; width: 100%;\">\n<tbody>\n<tr>\n<td style=\"width: 100%;\">\n<h4 style=\"text-align: center;\"><span style=\"color: #ff0000;\"><strong>CONGR\u00c8S ANNUL\u00c9<\/strong><\/span><\/h4>\n<p>Ch\u00e8res et chers coll\u00e8gues,<\/p>\n<p>Compte tenu de l&rsquo;\u00e9volution de l&rsquo;\u00e9pid\u00e9mie de coronavirus ainsi que des instructions gouvernementales circulant actuellement en Pologne et dans la plupart des pays dont proviennent nos membres, le Comit\u00e9 Ex\u00e9cutif du CI\u00c9F est au regret de vous annoncer l\u2019annulation du 34<sup>e<\/sup>&nbsp;Congr\u00e8s annuel pr\u00e9vu du 8 au 14 juin \u00e0 Gda\u0144sk en Pologne.<\/p>\n<p>C\u2019est le c\u0153ur lourd que nous prenons&nbsp;cette d\u00e9cision sans pr\u00e9c\u00e9dent dans l\u2019histoire de notre association.&nbsp;Cependant, la situation nous impose de consid\u00e9rer avant tout les risques m\u00e9dicaux et les difficult\u00e9s logistiques que pourrait&nbsp;entra\u00eener&nbsp;l\u2019organisation d&rsquo;une telle manifestation, et d\u2019agir dans un esprit de solidarit\u00e9 responsable.<\/p>\n<p>Le Prix Jeune Chercheur ne sera pas d\u00e9cern\u00e9 cette ann\u00e9e. Les frais d\u2019inscription pour le congr\u00e8s de 2020 seront report\u00e9s \u00e0 celui de l\u2019ann\u00e9e prochaine. Par ailleurs, si vous avez des questions et que vous souhaitiez des \u00e9claircissements, nous vous prions de contacter la Secr\u00e9taire-Tr\u00e9sori\u00e8re.&nbsp;Nous vous invitons \u00e9galement \u00e0 consulter le Bulletin bimensuel du CI\u00c9F pour les messages de l\u2019ex\u00e9cutif, les annonces des membres et les avis de parution de notre revue scientifique,&nbsp;<em>Nouvelles \u00c9tudes Francophones<\/em>&nbsp;(<em>N\u00c9F<\/em>).<\/p>\n<p>Vous remerciant de votre compr\u00e9hension, nous vous souhaitons bonne sant\u00e9 et esp\u00e9rons vous revoir \u00e0 Mad\u00e8re en 2021,<\/p>\n<p>Le Comit\u00e9 Ex\u00e9cutif du CI\u00c9F\u200b<\/td>\n<\/tr>\n<\/tbody>\n<\/table>\n<h4><a href=\"https:\/\/secure.cief.org\/wp\/wp-content\/uploads\/2020\/02\/Programme-pre\u0301liminaire-CIEF-21-fevrier-2020.docx\"><strong>Programme provisoire<\/strong><\/a> (cliquer)<\/h4>\n<p><strong><a href=\"https:\/\/secure.cief.org\/wp\/wp-content\/uploads\/2019\/08\/gdansk.png\"><img loading=\"lazy\" decoding=\"async\" class=\"alignleft wp-image-84875 size-medium\" src=\"https:\/\/secure.cief.org\/wp\/wp-content\/uploads\/2019\/08\/gdansk-300x179.png\" alt=\"\" width=\"300\" height=\"179\" srcset=\"https:\/\/secure.cief.org\/wp\/wp-content\/uploads\/2019\/08\/gdansk-300x179.png 300w, https:\/\/secure.cief.org\/wp\/wp-content\/uploads\/2019\/08\/gdansk.png 505w\" sizes=\"(max-width: 300px) 100vw, 300px\" \/><\/a><\/strong>L\u2019\u00e9dition 2020 du congr\u00e8s du Conseil International d\u2019\u00c9tudes Francophones se d\u00e9roulera \u00e0 Gda\u0144sk, en Pologne. Berceau du mouvement de Solidarit\u00e9, ce lieu symbolise la construction du nouveau projet europ\u00e9en et mondial aspirant \u00e0 la d\u00e9mocratie et au d\u00e9veloppement, mais nous invite aussi \u00e0 interroger les formes et les significations de l\u2019empathie, de la fraternit\u00e9, de la sororit\u00e9 et de la camaraderie dans un monde de plus en plus divis\u00e9 tant par les in\u00e9galit\u00e9s \u00e9conomiques, les \u00e9carts sociaux et les injustices climatiques que par les d\u00e9rives nationalistes, communautaristes et x\u00e9nophobes.<\/p>\n<p>Le th\u00e8me du congr\u00e8s se propose d\u2019ouvrir un cadre de r\u00e9flexion transdisciplinaire sur des questions telles que les relations et les tensions entre l\u2019Est et l\u2019Ouest, le Nord et le Sud, l\u2019Europe et le monde, le minoritaire et le majoritaire&nbsp;; les diff\u00e9rences et les ressemblances entre (post)communisme et (post)colonialisme&nbsp;; la contextualisation variable du fran\u00e7ais comme vecteur de construction ou de destruction communautaire&nbsp;; les fractures coloniales et les disparit\u00e9s postcoloniales ; la solidarit\u00e9 citoyenne et l\u2019exclusion&nbsp;des minorit\u00e9s&nbsp;; la fluidit\u00e9 et les durcissements identitaires&nbsp;; la politique des fronti\u00e8res ferm\u00e9es et les nombreuses configurations politiques, \u00e9conomiques, genr\u00e9es ou artistiques de la solidarit\u00e9 transfrontali\u00e8re dans le monde francophone.<\/p>\n<p>Pour plus de renseignements, pri\u00e8re de consulter <strong><a href=\"https:\/\/secure.cief.org\/wp\/wp-content\/uploads\/2019\/10\/Argumentaire-CIEF-GDANSK-10-novembre.pdf\">l<\/a><a href=\"https:\/\/secure.cief.org\/wp\/wp-content\/uploads\/2019\/08\/Argumentaire-CIEF-GDANSK.pdf\">a version compl\u00e8te<\/a><\/strong> de l&rsquo;argumentaire et des \u00e9ch\u00e9ances.<\/p>\n<h2 style=\"text-align: center;\"><span style=\"background-color: #ffffff; color: #008000;\">PRIX CI\u00c9F 2020<br \/>\n<\/span><\/h2>\n<p><a href=\"https:\/\/secure.cief.org\/wp\/wp-content\/uploads\/2019\/10\/Darrieussecq.jpeg\"><img loading=\"lazy\" decoding=\"async\" class=\"alignright size-medium wp-image-93193\" src=\"https:\/\/secure.cief.org\/wp\/wp-content\/uploads\/2019\/10\/Darrieussecq-215x300.jpeg\" alt=\"\" width=\"215\" height=\"300\" srcset=\"https:\/\/secure.cief.org\/wp\/wp-content\/uploads\/2019\/10\/Darrieussecq-215x300.jpeg 215w, https:\/\/secure.cief.org\/wp\/wp-content\/uploads\/2019\/10\/Darrieussecq-768x1070.jpeg 768w, https:\/\/secure.cief.org\/wp\/wp-content\/uploads\/2019\/10\/Darrieussecq-735x1024.jpeg 735w\" sizes=\"(max-width: 215px) 100vw, 215px\" \/><\/a>Le Conseil international d\u2019\u00e9tudes francophones (CI\u00c9F) est heureux d\u2019annoncer que la laur\u00e9ate du Prix CI\u00c9F 2020, qui sera remis dans le cadre de son congr\u00e8s annuel \u00e0 Gdansk en Pologne, est <strong>Marie Darrieussecq<\/strong>.<\/p>\n<p>Marie Darrieussecq est n\u00e9e en 1969 au Pays Basque. Ancienne normalienne, \u00e9crivain et psychanalyste, elle vit principalement \u00e0 Paris. Elle a publi\u00e9 une quinzaine de livres, romans, nouvelles, biographie, th\u00e9\u00e2tre, essai, et une traduction d\u2019Ovide. Depuis <em>Truismes<\/em> en 1996, elle est fid\u00e8le \u00e0 son \u00e9diteur POL. Prix M\u00e9dicis et Prix des Prix en 2013 pour son roman <em>Il faut beaucoup aimer les hommes<\/em>, elle collabore \u00e0 des magazines d\u2019art contemporain en France et en Grande-Bretagne. Son \u0153uvre est traduite dans de nombreux pays. Pour plus de renseignements, veuillez consulter son site : <a href=\"http:\/\/www.mariedarrieussecq.com\">www.mariedarrieussecq.com<\/a><\/p>\n","protected":false},"excerpt":{"rendered":"<p>Th\u00e8me directeur du congr\u00e8s 2020 :&nbsp; Solidarit\u00e9s francophones MESSAGE DU COMIT\u00c9 EX\u00c9CUTIF (30 avril 2020) Pr\u00e9cisions sur les congr\u00e8s de 2020 et 2021 Ch\u00e8res et chers coll\u00e8gues, Les sessions et communications individuelles accept\u00e9es au congr\u00e8s de Gdansk de 2020 (annul\u00e9) seront incluses d\u2019office dans le programme du congr\u00e8s du CI\u00c9F de 2021, dans l\u2019espoir que [&hellip;]<\/p>\n","protected":false},"author":1,"featured_media":0,"parent":265,"menu_order":0,"comment_status":"closed","ping_status":"closed","template":"page-congres-2020.php","meta":{"footnotes":""},"categories":[25],"tags":[],"class_list":["post-84094","page","type-page","status-publish","hentry","category-congres-2020"],"_links":{"self":[{"href":"https:\/\/secure.cief.org\/wp\/index.php?rest_route=\/wp\/v2\/pages\/84094","targetHints":{"allow":["GET"]}}],"collection":[{"href":"https:\/\/secure.cief.org\/wp\/index.php?rest_route=\/wp\/v2\/pages"}],"about":[{"href":"https:\/\/secure.cief.org\/wp\/index.php?rest_route=\/wp\/v2\/types\/page"}],"author":[{"embeddable":true,"href":"https:\/\/secure.cief.org\/wp\/index.php?rest_route=\/wp\/v2\/users\/1"}],"replies":[{"embeddable":true,"href":"https:\/\/secure.cief.org\/wp\/index.php?rest_route=%2Fwp%2Fv2%2Fcomments&post=84094"}],"version-history":[{"count":17,"href":"https:\/\/secure.cief.org\/wp\/index.php?rest_route=\/wp\/v2\/pages\/84094\/revisions"}],"predecessor-version":[{"id":121486,"href":"https:\/\/secure.cief.org\/wp\/index.php?rest_route=\/wp\/v2\/pages\/84094\/revisions\/121486"}],"up":[{"embeddable":true,"href":"https:\/\/secure.cief.org\/wp\/index.php?rest_route=\/wp\/v2\/pages\/265"}],"wp:attachment":[{"href":"https:\/\/secure.cief.org\/wp\/index.php?rest_route=%2Fwp%2Fv2%2Fmedia&parent=84094"}],"wp:term":[{"taxonomy":"category","embeddable":true,"href":"https:\/\/secure.cief.org\/wp\/index.php?rest_route=%2Fwp%2Fv2%2Fcategories&post=84094"},{"taxonomy":"post_tag","embeddable":true,"href":"https:\/\/secure.cief.org\/wp\/index.php?rest_route=%2Fwp%2Fv2%2Ftags&post=84094"}],"curies":[{"name":"wp","href":"https:\/\/api.w.org\/{rel}","templated":true}]}}