{"id":948,"date":"2016-06-09T14:44:44","date_gmt":"2016-06-09T14:44:44","guid":{"rendered":"https:\/\/secure.cief.org\/wp\/?page_id=948"},"modified":"2017-07-13T14:02:19","modified_gmt":"2017-07-13T14:02:19","slug":"hotel-du-congres","status":"publish","type":"page","link":"https:\/\/secure.cief.org\/wp\/?page_id=948","title":{"rendered":"H\u00f4tel du congr\u00e8s"},"content":{"rendered":"<p><strong>Pri\u00e8re de consulter r\u00e9guli\u00e8rement le Bulletin du CI\u00c9F pour les derniers renseignements.<\/strong><\/p>\n<p><span style=\"color: #005400;\"><strong><a href=\"https:\/\/secure.cief.org\/wp\/wp-content\/uploads\/2017\/01\/la-bateliere.jpg\"><img loading=\"lazy\" decoding=\"async\" class=\" wp-image-1038 alignleft\" src=\"https:\/\/secure.cief.org\/wp\/wp-content\/uploads\/2017\/01\/la-bateliere.jpg\" alt=\"\" width=\"72\" height=\"72\" srcset=\"https:\/\/secure.cief.org\/wp\/wp-content\/uploads\/2017\/01\/la-bateliere.jpg 114w, https:\/\/secure.cief.org\/wp\/wp-content\/uploads\/2017\/01\/la-bateliere-67x67.jpg 67w, https:\/\/secure.cief.org\/wp\/wp-content\/uploads\/2017\/01\/la-bateliere-40x40.jpg 40w\" sizes=\"(max-width: 72px) 100vw, 72px\" \/><\/a><\/strong><\/span> <!-- [if lt IE 7]>\n\n \t<link rel=\"stylesheet\" type=\"text\/css\" href=\"https:\/\/secure.cief.org\/wp\/wp-content\/themes\/Aggregate\/css\/ie6style.css\" \/>\n\n<script type=\"text\/javascript\" src=\"https:\/\/secure.cief.org\/wp\/wp-content\/themes\/Aggregate\/js\/DD_belatedPNG_0.0.8a-min.js\"><\/script>\n\n<script type=\"text\/javascript\">DD_belatedPNG.fix('img#logo, span.overlay, a.zoom-icon, a.more-icon, #menu, #menu-right, #menu-content, ul#top-menu ul, #menu-bar, .footer-widget ul li, span.post-overlay, #content-area, .avatar-overlay, .comment-arrow, .testimonials-item-bottom, #quote, #bottom-shadow, #quote .container');<\/script>\n\n<![endif]--> <!-- [if IE 7]>\n\n \t<link rel=\"stylesheet\" type=\"text\/css\" href=\"https:\/\/secure.cief.org\/wp\/wp-content\/themes\/Aggregate\/css\/ie7style.css\" \/>\n\n<![endif]--> <!-- [if IE 8]>\n\n \t<link rel=\"stylesheet\" type=\"text\/css\" href=\"https:\/\/secure.cief.org\/wp\/wp-content\/themes\/Aggregate\/css\/ie8style.css\" \/>\n\n<![endif]--><\/p>\n<div class=\"fit-vids-style\" style=\"text-align: justify;\">Le CI\u00c9F a sign\u00e9 un contrat avec l&rsquo;h\u00f4tel <a href=\"http:\/\/www.la-bateliere.com\/\">La Bateli\u00e8re<\/a>,\u00a0situ\u00e9 sur la c\u00f4te \u00e0 Schoelcher, non loin\u00a0de l&rsquo;universit\u00e9 des Antilles o\u00f9 se tiendra le congr\u00e8s. Ce contrat garantit une chambre pour toute r\u00e9servation faite <strong>avant le 28\u00a0f\u00e9vrier 2017<\/strong>. Ce contrat vous permet \u00e9galement de b\u00e9n\u00e9ficier du tarif congr\u00e8s (ci-dessous) trois jours avant et trois jours apr\u00e8s le congr\u00e8s, <span style=\"color: #ff0000;\">en mentionnant le CI\u00c9F au moment de la r\u00e9servation.<\/span><\/div>\n<div class=\"fit-vids-style\">\u00a0\u00a0<a href=\"https:\/\/secure.cief.org\/wp\/wp-content\/uploads\/2017\/01\/hotel-2017.jpg\"><img loading=\"lazy\" decoding=\"async\" class=\"wp-image-1056 aligncenter\" src=\"https:\/\/secure.cief.org\/wp\/wp-content\/uploads\/2017\/01\/hotel-2017.jpg\" width=\"246\" height=\"133\" \/><\/a><\/div>\n<div class=\"fit-vids-style\"><\/div>\n<div class=\"fit-vids-style\"><\/div>\n<div class=\"fit-vids-style\"><\/div>\n<div class=\"fit-vids-style\"><strong><span style=\"color: #005400;\">CHAMBRE CONFORT<\/span>,<\/strong> petit-d\u00e9jeuner et Wifi compris :<\/div>\n<div class=\"fit-vids-style\">Chambre simple 90\u20ac TTC &#8211; Chambre double 105\u20ac TTC<\/div>\n<div class=\"fit-vids-style\"><\/div>\n<div class=\"fit-vids-style\"><strong><span style=\"color: #005400;\">Chambre SUP\u00c9RIEURE<\/span><\/strong>, petit-d\u00e9jeuner et Wifi compris :<\/div>\n<div class=\"fit-vids-style\">Chambre simple 105\u20ac TTC &#8211; Chambre double 120\u20ac TTC<\/div>\n<div class=\"fit-vids-style\"><\/div>\n<div class=\"fit-vids-style\"><strong><span style=\"color: #005400;\">Chambre LUXE<\/span><\/strong>, petit-d\u00e9jeuner et Wifi compris\u00a0:<\/div>\n<div class=\"fit-vids-style\">Chambre simple 130\u20ac TTC &#8211; Chambre double 145\u20ac TTC<\/div>\n<p style=\"text-align: justify;\">Nous invitons\u00a0les congressistes \u00e0 proc\u00e9der au plus vite \u00e0 leurs r\u00e9servations en \u00e9crivant \u00e0 l&rsquo;adresse : <a href=\"mailto:reservation@hotelbateliere.com\">reservation@hotelbateliere.com<\/a> et en pr\u00e9cisant le code CIEF. Pour plus de s\u00e9curit\u00e9, les num\u00e9ros de carte bancaire n\u00e9cessaire \u00e0 compl\u00e9ter la r\u00e9servation peuvent \u00eatre transmispar <strong>t\u00e9l\u00e9phone<\/strong> au +596 596 61 49 49 ou par <strong>fax<\/strong> au + 596 596 61 70 57 (deux fois 596).\u00a0 <strong>Au cas o\u00f9 il n&rsquo;y aurait plus de chambres disponibles \u00e0 La Bateli\u00e8re, <\/strong>les congressistes sont invit\u00e9s \u00e0 s&rsquo;adresser aux deux h\u00f4tels appartenant au m\u00eame groupe Karibea. Pri\u00e8re de <a href=\"https:\/\/secure.cief.org\/wp\/wp-content\/uploads\/2016\/06\/Masque-Re\u0301servation-SQUASH-VALMENIERE-CIEF.xls\">cliquer sur le lien<\/a> pour r\u00e9server au <strong><span style=\"color: #008000;\">Squash H\u00f4tel<\/span><\/strong> ou \u00e0 la <strong><span style=\"color: #008000;\">Valmeni\u00e8re<\/span><\/strong> (un onglet au bas pour chaque h\u00f4tel). Nous vous pr\u00e9venons n\u00e9anmoins qu&rsquo;ils sont plus \u00e9loign\u00e9s de l&rsquo;universit\u00e9 o\u00f9 se tiendra le congr\u00e8s.<\/p>\n<p style=\"text-align: justify;\">\n","protected":false},"excerpt":{"rendered":"<p>Pri\u00e8re de consulter r\u00e9guli\u00e8rement le Bulletin du CI\u00c9F pour les derniers renseignements. Le CI\u00c9F a sign\u00e9 un contrat avec l&rsquo;h\u00f4tel La Bateli\u00e8re,\u00a0situ\u00e9 sur la c\u00f4te \u00e0 Schoelcher, non loin\u00a0de l&rsquo;universit\u00e9 des Antilles o\u00f9 se tiendra le congr\u00e8s. Ce contrat garantit une chambre pour toute r\u00e9servation faite avant le 28\u00a0f\u00e9vrier 2017. Ce contrat vous permet \u00e9galement [&hellip;]<\/p>\n","protected":false},"author":1,"featured_media":0,"parent":913,"menu_order":0,"comment_status":"closed","ping_status":"open","template":"page-congres-2017.php","meta":{"footnotes":""},"categories":[13],"tags":[],"class_list":["post-948","page","type-page","status-publish","hentry","category-congres-2017"],"_links":{"self":[{"href":"https:\/\/secure.cief.org\/wp\/index.php?rest_route=\/wp\/v2\/pages\/948","targetHints":{"allow":["GET"]}}],"collection":[{"href":"https:\/\/secure.cief.org\/wp\/index.php?rest_route=\/wp\/v2\/pages"}],"about":[{"href":"https:\/\/secure.cief.org\/wp\/index.php?rest_route=\/wp\/v2\/types\/page"}],"author":[{"embeddable":true,"href":"https:\/\/secure.cief.org\/wp\/index.php?rest_route=\/wp\/v2\/users\/1"}],"replies":[{"embeddable":true,"href":"https:\/\/secure.cief.org\/wp\/index.php?rest_route=%2Fwp%2Fv2%2Fcomments&post=948"}],"version-history":[{"count":29,"href":"https:\/\/secure.cief.org\/wp\/index.php?rest_route=\/wp\/v2\/pages\/948\/revisions"}],"predecessor-version":[{"id":1094,"href":"https:\/\/secure.cief.org\/wp\/index.php?rest_route=\/wp\/v2\/pages\/948\/revisions\/1094"}],"up":[{"embeddable":true,"href":"https:\/\/secure.cief.org\/wp\/index.php?rest_route=\/wp\/v2\/pages\/913"}],"wp:attachment":[{"href":"https:\/\/secure.cief.org\/wp\/index.php?rest_route=%2Fwp%2Fv2%2Fmedia&parent=948"}],"wp:term":[{"taxonomy":"category","embeddable":true,"href":"https:\/\/secure.cief.org\/wp\/index.php?rest_route=%2Fwp%2Fv2%2Fcategories&post=948"},{"taxonomy":"post_tag","embeddable":true,"href":"https:\/\/secure.cief.org\/wp\/index.php?rest_route=%2Fwp%2Fv2%2Ftags&post=948"}],"curies":[{"name":"wp","href":"https:\/\/api.w.org\/{rel}","templated":true}]}}